{"id":2522,"date":"2020-12-27T14:10:07","date_gmt":"2020-12-27T19:10:07","guid":{"rendered":"http:\/\/dieppeclassic.net\/?page_id=2522"},"modified":"2023-04-01T12:11:25","modified_gmt":"2023-04-01T16:11:25","slug":"nous-joindre","status":"publish","type":"page","link":"https:\/\/dieppeclassic.net\/fr\/nous-joindre\/","title":{"rendered":"Nous joindre"},"content":{"rendered":"<p><span style=\"font-family: 'times new roman', times, serif\"><strong><span style=\"text-decoration: underline\"><span style=\"font-size: 14pt\">Questions, Commentaires et Suggestions<\/span><\/span><br \/>\n<\/strong><\/span><span style=\"font-family: 'times new roman', times, serif\"><strong>David Melanson<\/strong><strong>\u00a0<\/strong><strong><br \/>\nPr\u00e9sident du tournoi<br \/>\nT\u00e9l\u00e9phone: (506)\u00a0875-1408<br \/>\nCourriel: \u00a0<\/strong><strong><a href=\"mailto:mhclassic@rogers.com\">mhclassic@rogers.com<\/a><br \/>\n<\/strong><\/span><span style=\"font-family: 'times new roman', times, serif\"><strong>(Le courriel est la fa\u00e7on la plus rapide de me rejoindre.)<\/strong><\/span><\/p>\n<p><span style=\"font-family: 'times new roman', times, serif\"><strong><span style=\"text-decoration: underline\"><span style=\"color: #ff0000;text-decoration: underline\">Ch\u00e8ques de d\u00e9p\u00f4t payable au nom de:<\/span><\/span><br \/>\nMoncton<\/strong><strong>&lsquo;s High School Hockey Classic<\/strong><\/span><\/p>\n<p><span style=\"text-decoration: underline\"><span style=\"font-family: 'times new roman', times, serif;color: #ff0000\"><strong><span style=\"color: #ff0000;text-decoration: underline\">Envoyer \u00e0 l&rsquo;adresse suivante:<\/span><br \/>\n<\/strong><\/span><\/span><span style=\"font-family: 'times new roman', times, serif\"><strong>Classique de hockey des \u00e9coles secondaires de Dieppe<br \/>\n<\/strong><strong>CP 1723<br \/>\n<\/strong><strong>Moncton, NB<br \/>\n<\/strong><strong>E1C 9X5<\/strong><\/span><\/p>\n","protected":false},"excerpt":{"rendered":"<p>Questions, Commentaires et Suggestions David Melanson\u00a0 Pr\u00e9sident du tournoi T\u00e9l\u00e9phone: (506)\u00a0875-1408 Courriel: \u00a0mhclassic@rogers.com (Le courriel est la fa\u00e7on la plus rapide de me rejoindre.) Ch\u00e8ques de d\u00e9p\u00f4t payable au nom de: Moncton&lsquo;s High School Hockey Classic Envoyer \u00e0 l&rsquo;adresse suivante: Classique de hockey des \u00e9coles secondaires de Dieppe CP 1723 Moncton, NB E1C 9X5<\/p>\n","protected":false},"author":253,"featured_media":0,"parent":0,"menu_order":0,"comment_status":"closed","ping_status":"closed","template":"","meta":{"_acf_changed":false,"footnotes":""},"class_list":["post-2522","page","type-page","status-publish","hentry"],"acf":[],"yoast_head":"<!-- This site is optimized with the Yoast SEO plugin v25.7 - https:\/\/yoast.com\/wordpress\/plugins\/seo\/ -->\n<title>Nous joindre - Moncton&#039;s High School Hockey Classic<\/title>\n<meta name=\"robots\" content=\"index, follow, max-snippet:-1, max-image-preview:large, max-video-preview:-1\" \/>\n<link rel=\"canonical\" href=\"https:\/\/dieppeclassic.net\/fr\/nous-joindre\/\" \/>\n<meta property=\"og:locale\" content=\"fr_FR\" \/>\n<meta property=\"og:type\" content=\"article\" \/>\n<meta property=\"og:title\" content=\"Nous joindre - Moncton&#039;s High School Hockey Classic\" \/>\n<meta property=\"og:description\" content=\"Questions, Commentaires et Suggestions David Melanson\u00a0 Pr\u00e9sident du tournoi T\u00e9l\u00e9phone: (506)\u00a0875-1408 Courriel: \u00a0mhclassic@rogers.com (Le courriel est la fa\u00e7on la plus rapide de me rejoindre.) Ch\u00e8ques de d\u00e9p\u00f4t payable au nom de: Moncton&lsquo;s High School Hockey Classic Envoyer \u00e0 l&rsquo;adresse suivante: Classique de hockey des \u00e9coles secondaires de Dieppe CP 1723 Moncton, NB E1C 9X5\" \/>\n<meta property=\"og:url\" content=\"https:\/\/dieppeclassic.net\/fr\/nous-joindre\/\" \/>\n<meta property=\"og:site_name\" content=\"Moncton&#039;s High School Hockey Classic\" \/>\n<meta property=\"article:modified_time\" content=\"2023-04-01T16:11:25+00:00\" \/>\n<meta name=\"twitter:card\" content=\"summary_large_image\" \/>\n<meta name=\"twitter:label1\" content=\"Dur\u00e9e de lecture estim\u00e9e\" \/>\n\t<meta name=\"twitter:data1\" content=\"1 minute\" \/>\n<script type=\"application\/ld+json\" class=\"yoast-schema-graph\">{\"@context\":\"https:\/\/schema.org\",\"@graph\":[{\"@type\":\"WebPage\",\"@id\":\"https:\/\/dieppeclassic.net\/fr\/nous-joindre\/\",\"url\":\"https:\/\/dieppeclassic.net\/fr\/nous-joindre\/\",\"name\":\"Nous joindre - Moncton&#039;s High School Hockey Classic\",\"isPartOf\":{\"@id\":\"https:\/\/dieppeclassic.net\/#website\"},\"datePublished\":\"2020-12-27T19:10:07+00:00\",\"dateModified\":\"2023-04-01T16:11:25+00:00\",\"breadcrumb\":{\"@id\":\"https:\/\/dieppeclassic.net\/fr\/nous-joindre\/#breadcrumb\"},\"inLanguage\":\"fr-FR\",\"potentialAction\":[{\"@type\":\"ReadAction\",\"target\":[\"https:\/\/dieppeclassic.net\/fr\/nous-joindre\/\"]}]},{\"@type\":\"BreadcrumbList\",\"@id\":\"https:\/\/dieppeclassic.net\/fr\/nous-joindre\/#breadcrumb\",\"itemListElement\":[{\"@type\":\"ListItem\",\"position\":1,\"name\":\"Accueil\",\"item\":\"https:\/\/dieppeclassic.net\/fr\/\"},{\"@type\":\"ListItem\",\"position\":2,\"name\":\"Nous joindre\"}]},{\"@type\":\"WebSite\",\"@id\":\"https:\/\/dieppeclassic.net\/#website\",\"url\":\"https:\/\/dieppeclassic.net\/\",\"name\":\"Moncton&#039;s High School Hockey Classic\",\"description\":\"Un site utilisant Les sites de Shark M\u00e9dia &amp; Sport, template Slapshot\",\"potentialAction\":[{\"@type\":\"SearchAction\",\"target\":{\"@type\":\"EntryPoint\",\"urlTemplate\":\"https:\/\/dieppeclassic.net\/?s={search_term_string}\"},\"query-input\":{\"@type\":\"PropertyValueSpecification\",\"valueRequired\":true,\"valueName\":\"search_term_string\"}}],\"inLanguage\":\"fr-FR\"}]}<\/script>\n<!-- \/ Yoast SEO plugin. -->","yoast_head_json":{"title":"Nous joindre - Moncton&#039;s High School Hockey Classic","robots":{"index":"index","follow":"follow","max-snippet":"max-snippet:-1","max-image-preview":"max-image-preview:large","max-video-preview":"max-video-preview:-1"},"canonical":"https:\/\/dieppeclassic.net\/fr\/nous-joindre\/","og_locale":"fr_FR","og_type":"article","og_title":"Nous joindre - Moncton&#039;s High School Hockey Classic","og_description":"Questions, Commentaires et Suggestions David Melanson\u00a0 Pr\u00e9sident du tournoi T\u00e9l\u00e9phone: (506)\u00a0875-1408 Courriel: \u00a0mhclassic@rogers.com (Le courriel est la fa\u00e7on la plus rapide de me rejoindre.) Ch\u00e8ques de d\u00e9p\u00f4t payable au nom de: Moncton&lsquo;s High School Hockey Classic Envoyer \u00e0 l&rsquo;adresse suivante: Classique de hockey des \u00e9coles secondaires de Dieppe CP 1723 Moncton, NB E1C 9X5","og_url":"https:\/\/dieppeclassic.net\/fr\/nous-joindre\/","og_site_name":"Moncton&#039;s High School Hockey Classic","article_modified_time":"2023-04-01T16:11:25+00:00","twitter_card":"summary_large_image","twitter_misc":{"Dur\u00e9e de lecture estim\u00e9e":"1 minute"},"schema":{"@context":"https:\/\/schema.org","@graph":[{"@type":"WebPage","@id":"https:\/\/dieppeclassic.net\/fr\/nous-joindre\/","url":"https:\/\/dieppeclassic.net\/fr\/nous-joindre\/","name":"Nous joindre - Moncton&#039;s High School Hockey Classic","isPartOf":{"@id":"https:\/\/dieppeclassic.net\/#website"},"datePublished":"2020-12-27T19:10:07+00:00","dateModified":"2023-04-01T16:11:25+00:00","breadcrumb":{"@id":"https:\/\/dieppeclassic.net\/fr\/nous-joindre\/#breadcrumb"},"inLanguage":"fr-FR","potentialAction":[{"@type":"ReadAction","target":["https:\/\/dieppeclassic.net\/fr\/nous-joindre\/"]}]},{"@type":"BreadcrumbList","@id":"https:\/\/dieppeclassic.net\/fr\/nous-joindre\/#breadcrumb","itemListElement":[{"@type":"ListItem","position":1,"name":"Accueil","item":"https:\/\/dieppeclassic.net\/fr\/"},{"@type":"ListItem","position":2,"name":"Nous joindre"}]},{"@type":"WebSite","@id":"https:\/\/dieppeclassic.net\/#website","url":"https:\/\/dieppeclassic.net\/","name":"Moncton&#039;s High School Hockey Classic","description":"Un site utilisant Les sites de Shark M\u00e9dia &amp; Sport, template Slapshot","potentialAction":[{"@type":"SearchAction","target":{"@type":"EntryPoint","urlTemplate":"https:\/\/dieppeclassic.net\/?s={search_term_string}"},"query-input":{"@type":"PropertyValueSpecification","valueRequired":true,"valueName":"search_term_string"}}],"inLanguage":"fr-FR"}]}},"_links":{"self":[{"href":"https:\/\/dieppeclassic.net\/fr\/wp-json\/wp\/v2\/pages\/2522","targetHints":{"allow":["GET"]}}],"collection":[{"href":"https:\/\/dieppeclassic.net\/fr\/wp-json\/wp\/v2\/pages"}],"about":[{"href":"https:\/\/dieppeclassic.net\/fr\/wp-json\/wp\/v2\/types\/page"}],"author":[{"embeddable":true,"href":"https:\/\/dieppeclassic.net\/fr\/wp-json\/wp\/v2\/users\/253"}],"replies":[{"embeddable":true,"href":"https:\/\/dieppeclassic.net\/fr\/wp-json\/wp\/v2\/comments?post=2522"}],"version-history":[{"count":5,"href":"https:\/\/dieppeclassic.net\/fr\/wp-json\/wp\/v2\/pages\/2522\/revisions"}],"predecessor-version":[{"id":4061,"href":"https:\/\/dieppeclassic.net\/fr\/wp-json\/wp\/v2\/pages\/2522\/revisions\/4061"}],"wp:attachment":[{"href":"https:\/\/dieppeclassic.net\/fr\/wp-json\/wp\/v2\/media?parent=2522"}],"curies":[{"name":"wp","href":"https:\/\/api.w.org\/{rel}","templated":true}]}}