{"id":2542,"date":"2020-12-27T14:50:39","date_gmt":"2020-12-27T19:50:39","guid":{"rendered":"http:\/\/dieppeclassic.net\/?page_id=2542"},"modified":"2025-09-14T08:55:28","modified_gmt":"2025-09-14T12:55:28","slug":"informations-a-propos-du-tournoi","status":"publish","type":"page","link":"https:\/\/dieppeclassic.net\/fr\/classique\/informations-a-propos-du-tournoi\/","title":{"rendered":"Informations \u00e0 propos du tournoi"},"content":{"rendered":"<p><span style=\"font-family: 'times new roman', times, serif\">Le comit\u00e9 de la 50<sup>e<\/sup> Classique annuelle aimerait vous introduire \u00e0 quelques composantes de l&rsquo;\u00e9dition de la Classique des \u00e9coles secondaires de Dieppe qui se d\u00e9roulera du jeudi 20 novembre au dimanche 23 novembre 2025.<\/span><br \/>\n<span style=\"font-family: 'times new roman', times, serif\">Le tournoi aura lieu au Centre UNIplex et au Centre Arthur-J.-LeBlanc \u00e0 Dieppe. En raison des r\u00e9novations \u00e0 la surface St-Ans\u00e8lme, certaines parties auront lieu \u00e0 Memramcook ainsi que sur le Campus de l&rsquo;Universit\u00e9 de Moncton. Dieppe et les municipalit\u00e9s environnantes ont une population de 158000 situ\u00e9 au centre des provinces maritimes. La population est divis\u00e9e 60 \/ 40 anglophones \/ francophones ce qui fait que le voyage ici ainsi que le tournoi est une exp\u00e9rience culturelle pour plusieurs. Le conseil municipal de Dieppe de concert avec nos autres commanditaires doit \u00eatre f\u00e9licit\u00e9 pour leur leadership. Chaque ann\u00e9e, ils encouragent un effort plus raffin\u00e9 et \u00e9tendu r\u00e9sultant d\u2019un tournoi bien organis\u00e9 et tr\u00e8s comp\u00e9titif.<\/span><br \/>\n<span style=\"font-family: 'times new roman', times, serif\">Notre tournoi a fait ses d\u00e9buts au milieu des ann\u00e9es 70 en \u00e9tant exclusivement Nouveau-Brunswick. Plus tard, il s\u2019est agrandi pour inclure les meilleures \u00e9quipes de Nouvelle-\u00c9cosse et l\u2019\u00cele-du-Prince-\u00c9douard. Dans les ann\u00e9es qui ont suivies, le tournoi a continu\u00e9 d\u2019attirer des \u00e9quipes plus \u00e9loign\u00e9es et inclure des repr\u00e9sentants du Manitoba, de Terre-Neuve-et-Labrador, de l\u2019Ontario et du Qu\u00e9bec pour faire comp\u00e9tition contre des \u00e9quipes des maritimes. Depuis 1990, quand la Classique est devenue un \u00e9v\u00e9nement international \u00e0 seize \u00e9quipes, nous avons accueilli des \u00e9quipes de la Tch\u00e9coslovaquie, de la Slovaquie, de la Su\u00e8de, des \u00c9tats-Unis, de la Suisse, de la Hongrie, de l\u2019Angleterre et 7 des 10 provinces canadiennes. Lors de l\u2019\u00e9dition 2001 du tournoi, une division de 6 \u00e9quipes f\u00e9minines fut ajout\u00e9e. En 2003, il y a eu une expansion \u00e0 16 \u00e9quipes f\u00e9minines. 28 \u00e9quipes participeront \u00e0 la 50<sup>e<\/sup>\u00a0\u00e9dition du tournoi. Nous invitons des \u00e9quipes secondaires AAA et AA tel que classifi\u00e9 par le d\u00e9partement d\u2019\u00e9ducation du Nouveau-Brunswick. Nous nous attendons d\u2019avoir deux divisions, Division I et Division II, dans chacune des cat\u00e9gories (masculine et f\u00e9minine).<\/span><br \/>\n<span style=\"font-family: 'times new roman', times, serif\">Le prochain tournoi promet d\u2019\u00eatre autant excitant et r\u00e9ussi avec plusieurs \u00e9quipes ayant d\u00e9j\u00e0 d\u00e9montr\u00e9 de l\u2019int\u00e9r\u00eat. Si vous \u00eates int\u00e9ress\u00e9s \u00e0 faire application pour une place dans la 50<sup>e<\/sup>\u00a0\u00e9dition, veuillez nous aviser aussit\u00f4t que possible. Les places limit\u00e9es disponibles pour les \u00e9quipes de l\u2019ext\u00e9rieur de la province du Nouveau-Brunswick ont d\u00e9j\u00e0 commenc\u00e9 \u00e0 se remplir pour le tournoi de la saison prochaine.<\/span><br \/>\n<span style=\"font-family: 'times new roman', times, serif\">Continuez \u00e0 lire pour voir exactement ce que nous offrons&#8230;<\/span><\/p>\n<p>&nbsp;<\/p>\n<p style=\"text-align: center\"><span style=\"font-family: 'times new roman', times, serif\">CE QUE NOUS OFFRONS&#8230;<\/span><\/p>\n<p><span style=\"text-decoration: underline\"><span style=\"font-family: 'times new roman', times, serif\"><strong>Accommodations:<br \/>\n<\/strong><\/span><\/span><span style=\"font-family: 'times new roman', times, serif\">Pour toutes les \u00e9quipes de l\u2019ext\u00e9rieur, nous avons r\u00e9serv\u00e9 des accommodations chez nos h\u00f4tels h\u00f4tes (Coastal Inn est notre commanditaire majeur et nous avons s\u00e9lectionn\u00e9 quelques autres h\u00f4tels). Veuillez communiquer avec le pr\u00e9sident du tournoi aussit\u00f4t que possible pour le nombre de chambres dont vous avez besoin pour votre \u00e9quipe (joueur-se-s et entra\u00eeneur-e-s). Plusieurs \u00e9v\u00e9nements se d\u00e9rouleront durant cette fin de semaine de novembre tel que la parade de No\u00ebl et l&rsquo;exposition artisanale de No\u00ebl. Les h\u00f4tels sont g\u00e9n\u00e9ralement situ\u00e9s pr\u00eat de Place Champlain, le plus gros centre d\u2019achats \u00e0 l\u2019est de Montr\u00e9al et offrent un acc\u00e8s facile \u00e0 des magasins, cin\u00e9mas et restaurants aux entra\u00eeneurs et joueurs.<br \/>\n<\/span><span style=\"font-family: 'times new roman', times, serif\">NOTE SP\u00c9CIALE: Les h\u00f4tels que nous avons s\u00e9lectionn\u00e9es sont les meilleures de Dieppe et les environs. Nous voulons faire de ceci une exp\u00e9rience plaisante.<\/span><\/p>\n<p><span style=\"text-decoration: underline\"><span style=\"font-family: 'times new roman', times, serif\"><strong>Repas:<\/strong><strong><br \/>\n<\/strong><\/span><\/span><span style=\"font-family: 'times new roman', times, serif\">Pour toutes les \u00e9quipes participantes, il y a un BANQUET de REMISE des PRIX HONORIFIQUES samedi apr\u00e8s-midi \u00e0 l&rsquo;\u00e9cole Mathieu-Martin, situ\u00e9e au 511 rue Champlain \u00e0 Dieppe.<\/span><\/p>\n<p><span style=\"text-decoration: underline\"><span style=\"font-family: 'times new roman', times, serif\"><strong>Transportation:<br \/>\n<\/strong><\/span><\/span><span style=\"font-family: 'times new roman', times, serif\">Pour les \u00e9quipes qui voyageront \u00e0 Dieppe par avion, nous vous aiderons \u00e0 obtenir les meilleurs prix pour votre transport local.<\/span><\/p>\n<p><span style=\"text-decoration: underline\"><span style=\"font-family: 'times new roman', times, serif\"><strong>Activit\u00e9s:<br \/>\n<\/strong><\/span><\/span><span style=\"font-family: 'times new roman', times, serif\">Votre s\u00e9jour \u00e0 Dieppe sera rempli d\u2019activit\u00e9s associ\u00e9es avec le tournoi. La c\u00e9r\u00e9monie d\u2019ouverture a lieu le jeudi soir. La COMP\u00c9TITION D&rsquo;HABILET\u00c9S DNA SWAG se d\u00e9roulera le jeudi. Le BANQUET de REMISE des PRIX HONORIFIQUES aura lieu samedi en apr\u00e8s-midi o\u00f9 nous aurons de la nourriture pour tous les joueurs et joueuses ainsi que pour quatre entra\u00eeneur(e)s par \u00e9quipe.<br \/>\n<\/span><span style=\"font-family: 'times new roman', times, serif\">D\u2019autres activit\u00e9s telles que des visites aux \u00e9coles ou universit\u00e9s environnantes, tourisme, temps de glace pour pratiques (aux frais de l\u2019\u00e9quipe), etc. peuvent \u00eatre arrang\u00e9es sur demande.<\/span><\/p>\n<p><span style=\"text-decoration: underline\"><span style=\"font-family: 'times new roman', times, serif\"><strong>Parties:<br \/>\n<\/strong><\/span><\/span><span style=\"font-family: 'times new roman', times, serif\">La plupart des parties seront jou\u00e9es au Centre UNIplex et au Centre Arthur-J.-LeBlanc \u00e0 Dieppe. Chaque \u00e9quipe est garantie 3 parties dans la portion pr\u00e9liminaire du tournoi. Chaque partie du tournoi consiste de trois (3) p\u00e9riodes de 16 minutes chronom\u00e9tr\u00e9es. Avant le d\u00e9but de la partie, vous aurez cinq (5) minutes d&rsquo;\u00e9chauffement sur glace fra\u00eeche. La glace sera refaite apr\u00e8s la 2e p\u00e9riode et \u00e0 la fin de la partie. Les finales de championnat du tournoi seront jou\u00e9es le dimanche apr\u00e8s-midi au Centre UNIplex \u00e0 Dieppe. Vous pouvez vous attendre \u00e0 de la bonne comp\u00e9tition et du hockey disciplin\u00e9.<\/span><\/p>\n<p><span style=\"text-decoration: underline\"><span style=\"font-family: 'times new roman', times, serif\"><strong>Souvenirs\/Prix:<br \/>\n<\/strong><\/span><\/span><span style=\"font-family: 'times new roman', times, serif\">Les prix honorifiques du tournoi inclus des troph\u00e9es, plaques, banni\u00e8res, bourses d\u2019\u00e9tude de 500$ \u00e0 des joueurs athl\u00e8tes m\u00e9ritants, m\u00e9dailles, \u00e9quipement de hockey et plus aux joueurs les plus utiles, \u00e9quipes d\u2019\u00e9toiles, champions du tournoi, etc. Chaque joueur et joueuse des \u00e9quipes gagnantes recevra un chandail \u00e0 capuchon de la Classique.<\/span><\/p>\n<p>&nbsp;<\/p>\n<p style=\"text-align: center\"><span style=\"font-family: 'times new roman', times, serif\">CE\u00a0QUE NOUS DEMANDONS&#8230;<\/span><\/p>\n<p><span style=\"text-decoration: underline\"><span style=\"font-family: 'times new roman', times, serif\"><strong>Frais d\u2019inscription:<br \/>\n<\/strong><\/span><\/span><span style=\"font-family: 'times new roman', times, serif\">Il y a un frais\/d\u00e9p\u00f4t d\u2019inscription de 1200$ pour les \u00e9quipes f\u00e9minines et 1300$ pour les \u00e9quipes masculines (co\u00fbt pour officiels plus \u00e9lev\u00e9) payable quand la participation de votre \u00e9quipe dans le tournoi est accept\u00e9e. De ce frais\/d\u00e9p\u00f4t, 200$ seront rembours\u00e9s apr\u00e8s le tournoi si vous avez suivi toutes les obligations: jou\u00e9 toutes les parties \u00e0 l&rsquo;horaire (pr\u00e9liminaires et \u00e9liminatoires), particip\u00e9 \u00e0 tous les \u00e9v\u00e9nements de la Comp\u00e9tition d&rsquo;habilet\u00e9s DNA Swag, pour les \u00e9quipes de l&rsquo;ext\u00e9rieur de s&rsquo;h\u00e9berger \u00e0 nos h\u00f4tels s\u00e9lectionn\u00e9es, participation compl\u00e8te \u00e0 notre Banquet des troph\u00e9es et honneurs. Pour les \u00e9quipes voyageant \u00e0 Dieppe par avion, le comit\u00e9 du tournoi r\u00e9servera vos besoins de transport local (nous poss\u00e9dons d&rsquo;excellents partenaires qui peuvent fournir les meilleurs prix). Aucun remboursement ne sera donn\u00e9. Si des parties sont annul\u00e9es en raison de mauvaise m\u00e9t\u00e9o, tous les efforts possibles seront faits pour rec\u00e9duler. Des parties seront raccourcies si n\u00e9cessaire pour terminer le tournoi par le dimanche.<\/span><\/p>\n<p><span style=\"text-decoration: underline\"><span style=\"font-family: 'times new roman', times, serif\"><strong>G\u00e9n\u00e9ral:<br \/>\n<\/strong><\/span><\/span><span style=\"font-family: 'times new roman', times, serif\">Un tournoi de cette grandeur et envergure requiert plusieurs commanditaires parmi les entreprises locale et nationale. Pour cette raison, nous demandons que vous r\u00e9serviez toutes vos chambres d\u2019h\u00f4tel et locations d\u2019autos \u00e0 travers nous. Nous recommandons fortement que les \u00e9quipes de l\u2019ext\u00e9rieur soient h\u00e9berg\u00e9es \u00e0 une de nos h\u00f4tels h\u00f4tes. Si vous ne choisissez pas l\u2019une de nos h\u00f4tels h\u00f4tes (Coastal Inn ou parmi notre liste s\u00e9lective d&rsquo;h\u00f4tels), le frais d\u2019inscription est 1400$ pour les \u00e9quipes f\u00e9minines et 1500$ pour les \u00e9quipes masculines (co\u00fbt pour officiels plus \u00e9lev\u00e9) avec 200$ comme d\u00e9p\u00f4t. Nous demandons aussi, quand c\u2019est possible durant votre s\u00e9jour \u00e0 Dieppe, que vous organisiez autant de repas d\u2019\u00e9quipe que possible chez un restaurant qui commandite le tournoi.<\/span><\/p>\n<p><span style=\"text-decoration: underline\"><span style=\"font-family: 'times new roman', times, serif\"><strong>Arriv\u00e9\/D\u00e9part:<br \/>\n<\/strong><\/span><\/span><span style=\"font-family: 'times new roman', times, serif\">Les \u00e9quipes de la Conf\u00e9rence de l&rsquo;est doivent \u00eatre pr\u00eates \u00e0 jouer \u00e0 partir de 16h le jeudi. Les \u00e9quipes autres que la Conf\u00e9rence de l\u2019est devraient \u00eatre \u00e0 Dieppe et pr\u00eates \u00e0 jouer \u00e0 partir de 7h le vendredi matin. Si n\u00e9cessaire, les \u00e9quipes qui r\u00e9sident pr\u00e8s de Dieppe pourraient devoir jouer le jeudi soir. Les parties de championnat pourraient se terminer \u00e0 19h le dimanche. Alors, veuillez planifier en cons\u00e9quence.<\/span><\/p>\n<p><span style=\"font-family: 'times new roman', times, serif;color: #ff0000\"><strong>Obligatoire:\u00a0<\/strong>De jouer toutes vos parties \u00e0 l\u2019horaire (pr\u00e9liminaires et \u00e9liminatoires).<\/span><\/p>\n<p><span style=\"text-decoration: underline\"><span style=\"font-family: 'times new roman', times, serif\"><strong>Information:<br \/>\n<\/strong><\/span><\/span><span style=\"font-family: 'times new roman', times, serif\">Nous avons besoin de beaucoup d\u2019information concernant votre \u00e9quipe. Des formulaires vari\u00e9es pour cette information qui est disponible pour, ou demand\u00e9e, par les m\u00e9dias, recruteurs de hockey, h\u00f4tels et qui est n\u00e9cessaire pour le site internet du tournoi. Votre place dans le tournoi sera confirm\u00e9e seulement lorsque nous aurons re\u00e7u votre formule d&rsquo;inscription, ch\u00e8que ou transfert par courriel, alignement de l&rsquo;\u00e9quipe (num\u00e9ro de chandail, nom au complet, position, ann\u00e9e de naissance et les membres du personnel entra\u00eeneur), H\u00c9RO OBSCUR et une photo de l&rsquo;\u00e9quipe (vous pouvez le faire apr\u00e8s une partie hors-concours ou une pratique). Si vous ne r\u00e9pondez pas \u00e0 tous ces crit\u00e8res, nous prendront la prochaine \u00e9quipe sur la liste d&rsquo;attente. Cette ann\u00e9e, nous acceptons seulement 32 \u00e9quipes. Si vous pouvez appr\u00e9cier, nous sommes sous des contraintes de temps tr\u00e8s strictes en ayant ce tournoi en novembre. Les candidat-e-s pour les bourses d&rsquo;\u00e9tude et l&rsquo;H\u00c9RO OBSCUR doivent \u00eatre envoy\u00e9s au plus tard le 1<sup>er<\/sup> novembre.\u00a0<\/span><\/p>\n","protected":false},"excerpt":{"rendered":"<p>Le comit\u00e9 de la 50e Classique annuelle aimerait vous introduire \u00e0 quelques composantes de l&rsquo;\u00e9dition de la Classique des \u00e9coles secondaires de Dieppe qui se d\u00e9roulera du jeudi 20 novembre au dimanche 23 novembre 2025. Le tournoi aura lieu au Centre UNIplex et au Centre Arthur-J.-LeBlanc \u00e0 Dieppe. En raison des r\u00e9novations \u00e0 la surface [&hellip;]<\/p>\n","protected":false},"author":253,"featured_media":0,"parent":2536,"menu_order":0,"comment_status":"closed","ping_status":"closed","template":"","meta":{"_acf_changed":false,"footnotes":""},"class_list":["post-2542","page","type-page","status-publish","hentry"],"acf":[],"yoast_head":"<!-- This site is optimized with the Yoast SEO plugin v25.7 - https:\/\/yoast.com\/wordpress\/plugins\/seo\/ -->\n<title>Informations \u00e0 propos du tournoi - Moncton&#039;s High School Hockey Classic<\/title>\n<meta name=\"robots\" content=\"index, follow, max-snippet:-1, max-image-preview:large, max-video-preview:-1\" \/>\n<link rel=\"canonical\" href=\"https:\/\/dieppeclassic.net\/fr\/classique\/informations-a-propos-du-tournoi\/\" \/>\n<meta property=\"og:locale\" content=\"fr_FR\" \/>\n<meta property=\"og:type\" content=\"article\" \/>\n<meta property=\"og:title\" content=\"Informations \u00e0 propos du tournoi - Moncton&#039;s High School Hockey Classic\" \/>\n<meta property=\"og:description\" content=\"Le comit\u00e9 de la 50e Classique annuelle aimerait vous introduire \u00e0 quelques composantes de l&rsquo;\u00e9dition de la Classique des \u00e9coles secondaires de Dieppe qui se d\u00e9roulera du jeudi 20 novembre au dimanche 23 novembre 2025. Le tournoi aura lieu au Centre UNIplex et au Centre Arthur-J.-LeBlanc \u00e0 Dieppe. En raison des r\u00e9novations \u00e0 la surface [&hellip;]\" \/>\n<meta property=\"og:url\" content=\"https:\/\/dieppeclassic.net\/fr\/classique\/informations-a-propos-du-tournoi\/\" \/>\n<meta property=\"og:site_name\" content=\"Moncton&#039;s High School Hockey Classic\" \/>\n<meta property=\"article:modified_time\" content=\"2025-09-14T12:55:28+00:00\" \/>\n<meta name=\"twitter:card\" content=\"summary_large_image\" \/>\n<meta name=\"twitter:label1\" content=\"Dur\u00e9e de lecture estim\u00e9e\" \/>\n\t<meta name=\"twitter:data1\" content=\"6 minutes\" \/>\n<script type=\"application\/ld+json\" class=\"yoast-schema-graph\">{\"@context\":\"https:\/\/schema.org\",\"@graph\":[{\"@type\":\"WebPage\",\"@id\":\"https:\/\/dieppeclassic.net\/fr\/classique\/informations-a-propos-du-tournoi\/\",\"url\":\"https:\/\/dieppeclassic.net\/fr\/classique\/informations-a-propos-du-tournoi\/\",\"name\":\"Informations \u00e0 propos du tournoi - Moncton&#039;s High School Hockey Classic\",\"isPartOf\":{\"@id\":\"https:\/\/dieppeclassic.net\/#website\"},\"datePublished\":\"2020-12-27T19:50:39+00:00\",\"dateModified\":\"2025-09-14T12:55:28+00:00\",\"breadcrumb\":{\"@id\":\"https:\/\/dieppeclassic.net\/fr\/classique\/informations-a-propos-du-tournoi\/#breadcrumb\"},\"inLanguage\":\"fr-FR\",\"potentialAction\":[{\"@type\":\"ReadAction\",\"target\":[\"https:\/\/dieppeclassic.net\/fr\/classique\/informations-a-propos-du-tournoi\/\"]}]},{\"@type\":\"BreadcrumbList\",\"@id\":\"https:\/\/dieppeclassic.net\/fr\/classique\/informations-a-propos-du-tournoi\/#breadcrumb\",\"itemListElement\":[{\"@type\":\"ListItem\",\"position\":1,\"name\":\"Accueil\",\"item\":\"https:\/\/dieppeclassic.net\/fr\/\"},{\"@type\":\"ListItem\",\"position\":2,\"name\":\"Classique\",\"item\":\"https:\/\/dieppeclassic.net\/fr\/classique\/\"},{\"@type\":\"ListItem\",\"position\":3,\"name\":\"Informations \u00e0 propos du tournoi\"}]},{\"@type\":\"WebSite\",\"@id\":\"https:\/\/dieppeclassic.net\/#website\",\"url\":\"https:\/\/dieppeclassic.net\/\",\"name\":\"Moncton&#039;s High School Hockey Classic\",\"description\":\"Un site utilisant Les sites de Shark M\u00e9dia &amp; Sport, template Slapshot\",\"potentialAction\":[{\"@type\":\"SearchAction\",\"target\":{\"@type\":\"EntryPoint\",\"urlTemplate\":\"https:\/\/dieppeclassic.net\/?s={search_term_string}\"},\"query-input\":{\"@type\":\"PropertyValueSpecification\",\"valueRequired\":true,\"valueName\":\"search_term_string\"}}],\"inLanguage\":\"fr-FR\"}]}<\/script>\n<!-- \/ Yoast SEO plugin. -->","yoast_head_json":{"title":"Informations \u00e0 propos du tournoi - Moncton&#039;s High School Hockey Classic","robots":{"index":"index","follow":"follow","max-snippet":"max-snippet:-1","max-image-preview":"max-image-preview:large","max-video-preview":"max-video-preview:-1"},"canonical":"https:\/\/dieppeclassic.net\/fr\/classique\/informations-a-propos-du-tournoi\/","og_locale":"fr_FR","og_type":"article","og_title":"Informations \u00e0 propos du tournoi - Moncton&#039;s High School Hockey Classic","og_description":"Le comit\u00e9 de la 50e Classique annuelle aimerait vous introduire \u00e0 quelques composantes de l&rsquo;\u00e9dition de la Classique des \u00e9coles secondaires de Dieppe qui se d\u00e9roulera du jeudi 20 novembre au dimanche 23 novembre 2025. Le tournoi aura lieu au Centre UNIplex et au Centre Arthur-J.-LeBlanc \u00e0 Dieppe. En raison des r\u00e9novations \u00e0 la surface [&hellip;]","og_url":"https:\/\/dieppeclassic.net\/fr\/classique\/informations-a-propos-du-tournoi\/","og_site_name":"Moncton&#039;s High School Hockey Classic","article_modified_time":"2025-09-14T12:55:28+00:00","twitter_card":"summary_large_image","twitter_misc":{"Dur\u00e9e de lecture estim\u00e9e":"6 minutes"},"schema":{"@context":"https:\/\/schema.org","@graph":[{"@type":"WebPage","@id":"https:\/\/dieppeclassic.net\/fr\/classique\/informations-a-propos-du-tournoi\/","url":"https:\/\/dieppeclassic.net\/fr\/classique\/informations-a-propos-du-tournoi\/","name":"Informations \u00e0 propos du tournoi - Moncton&#039;s High School Hockey Classic","isPartOf":{"@id":"https:\/\/dieppeclassic.net\/#website"},"datePublished":"2020-12-27T19:50:39+00:00","dateModified":"2025-09-14T12:55:28+00:00","breadcrumb":{"@id":"https:\/\/dieppeclassic.net\/fr\/classique\/informations-a-propos-du-tournoi\/#breadcrumb"},"inLanguage":"fr-FR","potentialAction":[{"@type":"ReadAction","target":["https:\/\/dieppeclassic.net\/fr\/classique\/informations-a-propos-du-tournoi\/"]}]},{"@type":"BreadcrumbList","@id":"https:\/\/dieppeclassic.net\/fr\/classique\/informations-a-propos-du-tournoi\/#breadcrumb","itemListElement":[{"@type":"ListItem","position":1,"name":"Accueil","item":"https:\/\/dieppeclassic.net\/fr\/"},{"@type":"ListItem","position":2,"name":"Classique","item":"https:\/\/dieppeclassic.net\/fr\/classique\/"},{"@type":"ListItem","position":3,"name":"Informations \u00e0 propos du tournoi"}]},{"@type":"WebSite","@id":"https:\/\/dieppeclassic.net\/#website","url":"https:\/\/dieppeclassic.net\/","name":"Moncton&#039;s High School Hockey Classic","description":"Un site utilisant Les sites de Shark M\u00e9dia &amp; Sport, template Slapshot","potentialAction":[{"@type":"SearchAction","target":{"@type":"EntryPoint","urlTemplate":"https:\/\/dieppeclassic.net\/?s={search_term_string}"},"query-input":{"@type":"PropertyValueSpecification","valueRequired":true,"valueName":"search_term_string"}}],"inLanguage":"fr-FR"}]}},"_links":{"self":[{"href":"https:\/\/dieppeclassic.net\/fr\/wp-json\/wp\/v2\/pages\/2542","targetHints":{"allow":["GET"]}}],"collection":[{"href":"https:\/\/dieppeclassic.net\/fr\/wp-json\/wp\/v2\/pages"}],"about":[{"href":"https:\/\/dieppeclassic.net\/fr\/wp-json\/wp\/v2\/types\/page"}],"author":[{"embeddable":true,"href":"https:\/\/dieppeclassic.net\/fr\/wp-json\/wp\/v2\/users\/253"}],"replies":[{"embeddable":true,"href":"https:\/\/dieppeclassic.net\/fr\/wp-json\/wp\/v2\/comments?post=2542"}],"version-history":[{"count":9,"href":"https:\/\/dieppeclassic.net\/fr\/wp-json\/wp\/v2\/pages\/2542\/revisions"}],"predecessor-version":[{"id":5370,"href":"https:\/\/dieppeclassic.net\/fr\/wp-json\/wp\/v2\/pages\/2542\/revisions\/5370"}],"up":[{"embeddable":true,"href":"https:\/\/dieppeclassic.net\/fr\/wp-json\/wp\/v2\/pages\/2536"}],"wp:attachment":[{"href":"https:\/\/dieppeclassic.net\/fr\/wp-json\/wp\/v2\/media?parent=2542"}],"curies":[{"name":"wp","href":"https:\/\/api.w.org\/{rel}","templated":true}]}}