{"id":2653,"date":"2021-01-11T14:34:54","date_gmt":"2021-01-11T19:34:54","guid":{"rendered":"http:\/\/dieppeclassic.net\/?page_id=2653"},"modified":"2021-01-16T15:16:07","modified_gmt":"2021-01-16T20:16:07","slug":"prix-hero-obscur","status":"publish","type":"page","link":"https:\/\/dieppeclassic.net\/fr\/classique\/formulaires\/prix-hero-obscur\/","title":{"rendered":"Prix H\u00e9ros Obscur"},"content":{"rendered":"<p><span style=\"font-family: 'times new roman', times, serif;font-size: 12pt\">Ce prix, qui est remis depuis 1999, est pr\u00e9sent\u00e9 au joueur et \u00e0 la joueuse o\u00f9\u00a0la contribution \u00e0 l\u2019\u00e9quipe est parfois moins \u00e9vidente que d\u2019autres.\u00a0 Bien que ce joueur(euse) ne poss\u00e8de peut-\u00eatre pas les meilleures habilet\u00e9s ou le plus de talent sur la glace, cette personne d\u00e9montre son leadership par son travail.\u00a0 Elle donne toujours 110% et travaille extr\u00eamement dur lors des s\u00e9ances d\u2019entra\u00eenement.\u00a0 Son attitude est toujours positive et elle motive et encourage ses co\u00e9quipiers quelle que soient les circonstances.<\/span><\/p>\n<p><span style=\"font-family: 'times new roman', times, serif;font-size: 12pt\">Le gagnant(e) de ce prix re\u00e7oit un cadeau du comit\u00e9 organisateur du tournoi. \u00a0Il(elle) est choisi par un tirage au sort parmi toutes les nominations.\u00a0 Suite \u00e0 ceci, le nom du gagnant(e) sera annonc\u00e9 et le cadeau sera pr\u00e9sent\u00e9.<\/span><\/p>\n<p><span style=\"font-family: 'times new roman', times, serif;font-size: 12pt\">Veuillez envoyer cette information avant le 1 novembre.<\/span><\/p>\n","protected":false},"excerpt":{"rendered":"<p>Ce prix, qui est remis depuis 1999, est pr\u00e9sent\u00e9 au joueur et \u00e0 la joueuse o\u00f9\u00a0la contribution \u00e0 l\u2019\u00e9quipe est parfois moins \u00e9vidente que d\u2019autres.\u00a0 Bien que ce joueur(euse) ne poss\u00e8de peut-\u00eatre pas les meilleures habilet\u00e9s ou le plus de talent sur la glace, cette personne d\u00e9montre son leadership par son travail.\u00a0 Elle donne toujours [&hellip;]<\/p>\n","protected":false},"author":253,"featured_media":0,"parent":2651,"menu_order":0,"comment_status":"closed","ping_status":"closed","template":"","meta":{"_acf_changed":false,"footnotes":""},"class_list":["post-2653","page","type-page","status-publish","hentry"],"acf":[],"yoast_head":"<!-- This site is optimized with the Yoast SEO plugin v25.7 - https:\/\/yoast.com\/wordpress\/plugins\/seo\/ -->\n<title>Prix H\u00e9ros Obscur - Moncton&#039;s High School Hockey Classic<\/title>\n<meta name=\"robots\" content=\"index, follow, max-snippet:-1, max-image-preview:large, max-video-preview:-1\" \/>\n<link rel=\"canonical\" href=\"https:\/\/dieppeclassic.net\/fr\/classique\/formulaires\/prix-hero-obscur\/\" \/>\n<meta property=\"og:locale\" content=\"fr_FR\" \/>\n<meta property=\"og:type\" content=\"article\" \/>\n<meta property=\"og:title\" content=\"Prix H\u00e9ros Obscur - Moncton&#039;s High School Hockey Classic\" \/>\n<meta property=\"og:description\" content=\"Ce prix, qui est remis depuis 1999, est pr\u00e9sent\u00e9 au joueur et \u00e0 la joueuse o\u00f9\u00a0la contribution \u00e0 l\u2019\u00e9quipe est parfois moins \u00e9vidente que d\u2019autres.\u00a0 Bien que ce joueur(euse) ne poss\u00e8de peut-\u00eatre pas les meilleures habilet\u00e9s ou le plus de talent sur la glace, cette personne d\u00e9montre son leadership par son travail.\u00a0 Elle donne toujours [&hellip;]\" \/>\n<meta property=\"og:url\" content=\"https:\/\/dieppeclassic.net\/fr\/classique\/formulaires\/prix-hero-obscur\/\" \/>\n<meta property=\"og:site_name\" content=\"Moncton&#039;s High School Hockey Classic\" \/>\n<meta property=\"article:modified_time\" content=\"2021-01-16T20:16:07+00:00\" \/>\n<meta name=\"twitter:card\" content=\"summary_large_image\" \/>\n<meta name=\"twitter:label1\" content=\"Dur\u00e9e de lecture estim\u00e9e\" \/>\n\t<meta name=\"twitter:data1\" content=\"1 minute\" \/>\n<script type=\"application\/ld+json\" class=\"yoast-schema-graph\">{\"@context\":\"https:\/\/schema.org\",\"@graph\":[{\"@type\":\"WebPage\",\"@id\":\"https:\/\/dieppeclassic.net\/fr\/classique\/formulaires\/prix-hero-obscur\/\",\"url\":\"https:\/\/dieppeclassic.net\/fr\/classique\/formulaires\/prix-hero-obscur\/\",\"name\":\"Prix H\u00e9ros Obscur - Moncton&#039;s High School Hockey Classic\",\"isPartOf\":{\"@id\":\"https:\/\/dieppeclassic.net\/#website\"},\"datePublished\":\"2021-01-11T19:34:54+00:00\",\"dateModified\":\"2021-01-16T20:16:07+00:00\",\"breadcrumb\":{\"@id\":\"https:\/\/dieppeclassic.net\/fr\/classique\/formulaires\/prix-hero-obscur\/#breadcrumb\"},\"inLanguage\":\"fr-FR\",\"potentialAction\":[{\"@type\":\"ReadAction\",\"target\":[\"https:\/\/dieppeclassic.net\/fr\/classique\/formulaires\/prix-hero-obscur\/\"]}]},{\"@type\":\"BreadcrumbList\",\"@id\":\"https:\/\/dieppeclassic.net\/fr\/classique\/formulaires\/prix-hero-obscur\/#breadcrumb\",\"itemListElement\":[{\"@type\":\"ListItem\",\"position\":1,\"name\":\"Accueil\",\"item\":\"https:\/\/dieppeclassic.net\/fr\/\"},{\"@type\":\"ListItem\",\"position\":2,\"name\":\"Classique\",\"item\":\"https:\/\/dieppeclassic.net\/fr\/classique\/\"},{\"@type\":\"ListItem\",\"position\":3,\"name\":\"Formulaires\",\"item\":\"https:\/\/dieppeclassic.net\/fr\/classique\/formulaires\/\"},{\"@type\":\"ListItem\",\"position\":4,\"name\":\"Prix H\u00e9ros Obscur\"}]},{\"@type\":\"WebSite\",\"@id\":\"https:\/\/dieppeclassic.net\/#website\",\"url\":\"https:\/\/dieppeclassic.net\/\",\"name\":\"Moncton&#039;s High School Hockey Classic\",\"description\":\"Un site utilisant Les sites de Shark M\u00e9dia &amp; Sport, template Slapshot\",\"potentialAction\":[{\"@type\":\"SearchAction\",\"target\":{\"@type\":\"EntryPoint\",\"urlTemplate\":\"https:\/\/dieppeclassic.net\/?s={search_term_string}\"},\"query-input\":{\"@type\":\"PropertyValueSpecification\",\"valueRequired\":true,\"valueName\":\"search_term_string\"}}],\"inLanguage\":\"fr-FR\"}]}<\/script>\n<!-- \/ Yoast SEO plugin. -->","yoast_head_json":{"title":"Prix H\u00e9ros Obscur - Moncton&#039;s High School Hockey Classic","robots":{"index":"index","follow":"follow","max-snippet":"max-snippet:-1","max-image-preview":"max-image-preview:large","max-video-preview":"max-video-preview:-1"},"canonical":"https:\/\/dieppeclassic.net\/fr\/classique\/formulaires\/prix-hero-obscur\/","og_locale":"fr_FR","og_type":"article","og_title":"Prix H\u00e9ros Obscur - Moncton&#039;s High School Hockey Classic","og_description":"Ce prix, qui est remis depuis 1999, est pr\u00e9sent\u00e9 au joueur et \u00e0 la joueuse o\u00f9\u00a0la contribution \u00e0 l\u2019\u00e9quipe est parfois moins \u00e9vidente que d\u2019autres.\u00a0 Bien que ce joueur(euse) ne poss\u00e8de peut-\u00eatre pas les meilleures habilet\u00e9s ou le plus de talent sur la glace, cette personne d\u00e9montre son leadership par son travail.\u00a0 Elle donne toujours [&hellip;]","og_url":"https:\/\/dieppeclassic.net\/fr\/classique\/formulaires\/prix-hero-obscur\/","og_site_name":"Moncton&#039;s High School Hockey Classic","article_modified_time":"2021-01-16T20:16:07+00:00","twitter_card":"summary_large_image","twitter_misc":{"Dur\u00e9e de lecture estim\u00e9e":"1 minute"},"schema":{"@context":"https:\/\/schema.org","@graph":[{"@type":"WebPage","@id":"https:\/\/dieppeclassic.net\/fr\/classique\/formulaires\/prix-hero-obscur\/","url":"https:\/\/dieppeclassic.net\/fr\/classique\/formulaires\/prix-hero-obscur\/","name":"Prix H\u00e9ros Obscur - Moncton&#039;s High School Hockey Classic","isPartOf":{"@id":"https:\/\/dieppeclassic.net\/#website"},"datePublished":"2021-01-11T19:34:54+00:00","dateModified":"2021-01-16T20:16:07+00:00","breadcrumb":{"@id":"https:\/\/dieppeclassic.net\/fr\/classique\/formulaires\/prix-hero-obscur\/#breadcrumb"},"inLanguage":"fr-FR","potentialAction":[{"@type":"ReadAction","target":["https:\/\/dieppeclassic.net\/fr\/classique\/formulaires\/prix-hero-obscur\/"]}]},{"@type":"BreadcrumbList","@id":"https:\/\/dieppeclassic.net\/fr\/classique\/formulaires\/prix-hero-obscur\/#breadcrumb","itemListElement":[{"@type":"ListItem","position":1,"name":"Accueil","item":"https:\/\/dieppeclassic.net\/fr\/"},{"@type":"ListItem","position":2,"name":"Classique","item":"https:\/\/dieppeclassic.net\/fr\/classique\/"},{"@type":"ListItem","position":3,"name":"Formulaires","item":"https:\/\/dieppeclassic.net\/fr\/classique\/formulaires\/"},{"@type":"ListItem","position":4,"name":"Prix H\u00e9ros Obscur"}]},{"@type":"WebSite","@id":"https:\/\/dieppeclassic.net\/#website","url":"https:\/\/dieppeclassic.net\/","name":"Moncton&#039;s High School Hockey Classic","description":"Un site utilisant Les sites de Shark M\u00e9dia &amp; Sport, template Slapshot","potentialAction":[{"@type":"SearchAction","target":{"@type":"EntryPoint","urlTemplate":"https:\/\/dieppeclassic.net\/?s={search_term_string}"},"query-input":{"@type":"PropertyValueSpecification","valueRequired":true,"valueName":"search_term_string"}}],"inLanguage":"fr-FR"}]}},"_links":{"self":[{"href":"https:\/\/dieppeclassic.net\/fr\/wp-json\/wp\/v2\/pages\/2653","targetHints":{"allow":["GET"]}}],"collection":[{"href":"https:\/\/dieppeclassic.net\/fr\/wp-json\/wp\/v2\/pages"}],"about":[{"href":"https:\/\/dieppeclassic.net\/fr\/wp-json\/wp\/v2\/types\/page"}],"author":[{"embeddable":true,"href":"https:\/\/dieppeclassic.net\/fr\/wp-json\/wp\/v2\/users\/253"}],"replies":[{"embeddable":true,"href":"https:\/\/dieppeclassic.net\/fr\/wp-json\/wp\/v2\/comments?post=2653"}],"version-history":[{"count":4,"href":"https:\/\/dieppeclassic.net\/fr\/wp-json\/wp\/v2\/pages\/2653\/revisions"}],"predecessor-version":[{"id":2805,"href":"https:\/\/dieppeclassic.net\/fr\/wp-json\/wp\/v2\/pages\/2653\/revisions\/2805"}],"up":[{"embeddable":true,"href":"https:\/\/dieppeclassic.net\/fr\/wp-json\/wp\/v2\/pages\/2651"}],"wp:attachment":[{"href":"https:\/\/dieppeclassic.net\/fr\/wp-json\/wp\/v2\/media?parent=2653"}],"curies":[{"name":"wp","href":"https:\/\/api.w.org\/{rel}","templated":true}]}}