{"id":2695,"date":"2021-01-12T17:25:00","date_gmt":"2021-01-12T22:25:00","guid":{"rendered":"http:\/\/dieppeclassic.net\/?page_id=2695"},"modified":"2025-11-15T16:04:46","modified_gmt":"2025-11-15T21:04:46","slug":"reglements-de-la-classique","status":"publish","type":"page","link":"https:\/\/dieppeclassic.net\/fr\/classique\/reglements-de-la-classique\/","title":{"rendered":"R\u00e8glements de la Classique"},"content":{"rendered":"<p style=\"text-align: center\"><span style=\"font-family: 'times new roman', times, serif\">\u00a0(SUJET \u00c0 R\u00c9VISION ET AMENDEMENT)<\/span><\/p>\n<p style=\"text-align: center\"><span style=\"font-family: 'times new roman', times, serif\"><strong>Avant et apr\u00e8s chaque partie<\/strong><\/span><\/p>\n<p><span style=\"font-family: 'times new roman', times, serif\">Avant chaque partie, votre \u00e9quipe aura 5 minutes d\u2019\u00e9chauffement. Des rondelles pour l\u2019\u00e9chauffement seront disponibles pour vous. \u00c0 la fin de l\u2019\u00e9chauffement, s\u2019il vous pla\u00eet ramasser les rondelles et les retourner au chronom\u00e9treur. Les \u00e9quipes joueront trois p\u00e9riodes de 15 minutes chronom\u00e9tr\u00e9es. La surface de la glace sera refaite apr\u00e8s la 2<sup>e<\/sup> p\u00e9riode et apr\u00e8s la partie. Apr\u00e8s la partie, les \u00e9quipes quitteront la surface de la glace.<\/span><\/p>\n<p><span style=\"font-family: 'times new roman', times, serif\"><strong>FORMULE DE BRIS D\u2019\u00c9GALIT\u00c9<\/strong><\/span><\/p>\n<p><span style=\"font-family: 'times new roman', times, serif\">Si deux \u00e9quipes sont en \u00e9galit\u00e9 au classement des points suite aux parties \u00e0 la ronde, le crit\u00e8re suivant s\u2019applique pour le bris d\u2019\u00e9galit\u00e9:<\/span><\/p>\n<ol>\n<li style=\"list-style-type: none\">\n<ol>\n<li><span style=\"font-family: 'times new roman', times, serif\">L&rsquo;\u00e9quipe qui a gagn\u00e9 la\u00a0partie entre les deux \u00e9quipes en \u00e9galit\u00e9.<\/span><\/li>\n<li><span style=\"font-family: 'times new roman', times, serif\">L&rsquo;\u00e9quipe avec le plus de victoires.<\/span><\/li>\n<li><span style=\"font-family: 'times new roman', times, serif\">Le moins de buts contre durant toutes les parties.<\/span><\/li>\n<li><span style=\"font-family: 'times new roman', times, serif\">Le meilleur diff\u00e9rentiel de buts (meilleur plus et moins) durant toutes les parties.<\/span><\/li>\n<li><span style=\"font-family: 'times new roman', times, serif\">L&rsquo;\u00e9quipe avec la meilleure moyenne de buts obtiendra la meilleure position. La moyenne d&rsquo;une \u00e9quipe est d\u00e9termin\u00e9e de la fa\u00e7on suivante: Le nombre total de buts pour divis\u00e9 par le total de buts pour et contre.<\/span>\n<ul>\n<li><span style=\"font-family: 'times new roman', times, serif\">Note: Toutes les parties de la ronde pr\u00e9liminaire sont incluses.<\/span><\/li>\n<li><span style=\"font-family: 'times new roman', times, serif\">Exemple: 10 buts pour, 4 buts contre<\/span><\/li>\n<li><span style=\"font-family: 'times new roman', times, serif\">Pourcentage: 10\/(10+4)=0.714<\/span><\/li>\n<li><span style=\"font-family: 'times new roman', times, serif\">Note: Meilleur pourcentage obtient la meilleure position<\/span><\/li>\n<\/ul>\n<\/li>\n<li><span style=\"font-family: 'times new roman', times, serif\">L&rsquo;\u00e9quipe qui a marqu\u00e9 le but le plus t\u00f4t dans le tournoi.<\/span><\/li>\n<li><span style=\"font-family: 'times new roman', times, serif\">Si les \u00e9quipes sont encore en \u00e9galit\u00e9, l&rsquo;\u00e9quipe qui remporte le tirage d&rsquo;une pi\u00e8ce de monnaie.\u00a0<\/span><\/li>\n<\/ol>\n<\/li>\n<\/ol>\n<p><span style=\"font-family: 'times new roman', times, serif\">Si trois \u00e9quipes ou plus ont le m\u00eame nombre de points \u00e0 l\u2019int\u00e9rieur d\u2019un groupe suite aux parties \u00e0 la ronde, les crit\u00e8res suivants s\u2019appliqueront (avec aucun retour secondaire aux r\u00e9sultats face \u00e0 face):<\/span><\/p>\n<ol>\n<li style=\"list-style-type: none\">\n<ol>\n<li><span style=\"font-family: 'times new roman', times, serif\">L&rsquo;\u00e9quipe avec le plus de victoires.<\/span><\/li>\n<li><span style=\"font-family: 'times new roman', times, serif\">Moins de buts contre durant toutes les parties.<\/span><\/li>\n<li><span style=\"font-family: 'times new roman', times, serif\">Le meilleur diff\u00e9rentiel de buts (meilleur plus et moins) durant toutes les parties.<\/span><\/li>\n<li><span style=\"font-family: 'times new roman', times, serif\">L&rsquo;\u00e9quipe avec la meilleure moyenne de buts obtiendra la meilleure position. La moyenne d&rsquo;une \u00e9quipe est d\u00e9termin\u00e9e de la fa\u00e7on suivante: Le nombre total de buts pour divis\u00e9 par le total de buts pour et contre.<\/span>\n<ul>\n<li><span style=\"font-family: 'times new roman', times, serif\">Note: Toutes les parties de la ronde pr\u00e9liminaire sont incluses.<\/span><\/li>\n<li><span style=\"font-family: 'times new roman', times, serif\">Exemple: 10 buts pour, 4 buts contre<\/span><\/li>\n<li><span style=\"font-family: 'times new roman', times, serif\">Pourcentage: 10\/(10+4)=0.714<\/span><\/li>\n<li><span style=\"font-family: 'times new roman', times, serif\">Note: Meilleur pourcentage obtient la meilleure position<\/span><\/li>\n<\/ul>\n<\/li>\n<li><span style=\"font-family: 'times new roman', times, serif\">L\u2019\u00e9quipe qui a marqu\u00e9 le but le plus t\u00f4t dans le tournoi.<\/span><\/li>\n<li><span style=\"font-family: 'times new roman', times, serif\">Si les \u00e9quipes sont encore en \u00e9galit\u00e9, l&rsquo;\u00e9quipe qui remporte le tirage d&rsquo;une pi\u00e8ce de monnaie.<\/span><\/li>\n<\/ol>\n<\/li>\n<\/ol>\n<p>&nbsp;<\/p>\n<p style=\"text-align: center\"><span style=\"font-family: 'times new roman', times, serif\"><strong>Parties<\/strong><\/span><\/p>\n<p><span style=\"font-family: 'times new roman', times, serif\">Chaque partie consistera de trois (3) p\u00e9riodes de seize 15 minutes chronom\u00e9tr\u00e9es. Il y aura un cinq (5) minutes d&rsquo;\u00e9chauffement et la glace sera refaite avant le d\u00e9but de l&rsquo;\u00e9chauffement et apr\u00e8s la deuxi\u00e8me p\u00e9riode.<\/span><\/p>\n<p><span style=\"font-family: 'times new roman', times, serif\">LES \u00c9QUIPES DOIVENT \u00caTRE PR\u00caTES \u00c0 JOUER QUINZE (15) MINUTES \u00c0 L&rsquo;AVANCE.<\/span><\/p>\n<p><span style=\"font-family: 'times new roman', times, serif;color: #ff0000\"><strong>Lorsqu&rsquo;il y aura un \u00e9cart de cinq (5) buts avec moins de 10 minutes \u00e0 jouer dans la partie, la partie continuera en temps continu. Elle ne reviendra pas au temps chronom\u00e9tr\u00e9 m\u00eame si l&rsquo;\u00e9cart de buts est r\u00e9duit.<\/strong><\/span><\/p>\n<p><span style=\"font-family: 'times new roman', times, serif\">Si une \u00e9quipe ne se pr\u00e9sente pas pour jouer, l\u2019autre \u00e9quipe recevra une victoire de 5-0 et recevra aussi les 2\u00a0points.<\/span><\/p>\n<p style=\"text-align: center\"><strong><span style=\"font-family: 'times new roman', times, serif\">Nouveau r\u00e8glement du Sport Scolaire Nouveau-Brunswick (SSNB)<\/span><\/strong><\/p>\n<p><span style=\"font-family: 'times new roman', times, serif\">Lorsqu&rsquo;une \u00e9quipe re\u00e7oit 16 minutes de p\u00e9nalit\u00e9 ou moins, elle obtient un point franc jeu.<\/span><\/p>\n<p style=\"text-align: center\"><strong><span style=\"font-family: 'times new roman', times, serif\">Points d\u00e9cern\u00e9s en ronde pr\u00e9liminaire du tournoi<\/span><\/strong><\/p>\n<p><span style=\"font-family: 'times new roman', times, serif\">3 points pour une victoire.<\/span><br \/>\n<span style=\"font-family: 'times new roman', times, serif\">2 points pour un match nul.<\/span><br \/>\n<span style=\"font-family: 'times new roman', times, serif\">1 point pour une partie avec 16 minutes de p\u00e9nalit\u00e9 ou moins.<\/span><\/p>\n<p style=\"text-align: center\"><span style=\"font-family: 'times new roman', times, serif\"><strong>Parties \u00e9liminatoires<\/strong><\/span><\/p>\n<p><span style=\"font-family: 'times new roman', times, serif\">Dans le cas d\u2019une \u00e9galit\u00e9 apr\u00e8s trois p\u00e9riodes d\u2019une partie \u00e9liminatoire, une p\u00e9riode de 10 minutes, o\u00f9 le premier but d\u00e9terminera l\u2019\u00e9quipe gagnante, sera jou\u00e9e et d\u00e9butera avec les \u00e9quipes \u00e0 trois contre trois (excluant les gardiens). Si les \u00e9quipes sont encore en \u00e9galit\u00e9 apr\u00e8s les 10 minutes, nous proc\u00e9deront \u00e0 une fusillade de trois (3) joueurs pour la premi\u00e8re ronde. Si c&rsquo;est encore \u00e9gal, elle se poursuivra par des rondes de un joueurs jusqu&rsquo;\u00e0 ce que l&rsquo;\u00e9quipe gagnante soit d\u00e9termin\u00e9e. Les \u00e9quipes doivent utiliser des joueurs diff\u00e9rents jusqu&rsquo;\u00e0 ce que tous les joueurs disponibles de leur \u00e9quipe aient particip\u00e9 (excluant les gardiens). Cependant, lorsqu&rsquo;une des \u00e9quipe commence \u00e0 r\u00e9utiliser des joueurs, l&rsquo;adversaire peut aussi faire de m\u00eame (nous ne voulons pas p\u00e9naliser une \u00e9quipe qui a plus de joueurs sur son banc).<\/span><\/p>\n<p><span style=\"font-family: 'times new roman', times, serif\">Dans le cas de p\u00e9nalit\u00e9s durant la prolongation, pour chaque p\u00e9nalit\u00e9 appel\u00e9e, l\u2019\u00e9quipe adverse ajoutera un joueur. Les joueurs p\u00e9nalis\u00e9s s\u2019ajouteront une fois leur p\u00e9nalit\u00e9 termin\u00e9e et les \u00e9quipes continueront \u00e0 4 contre 4 ou 5 contre 5 jusqu\u2019au prochain sifflet.<\/span><\/p>\n<p><span style=\"font-family: 'times new roman', times, serif\">NOTE SP\u00c9CIALE: Si des parties sont remises en raison de mauvaise m\u00e9t\u00e9o, toutes les parties du tournoi seront raccourcies afin de compl\u00e9ter le tournoi.<\/span><\/p>\n<p style=\"text-align: center\"><span style=\"font-family: 'times new roman', times, serif\"><strong>Chandails<\/strong><\/span><\/p>\n<p><span style=\"font-family: 'times new roman', times, serif\">L\u2019\u00e9quipe \u00e0 domicile (\u00e0 droite sur l\u2019horaire) portera leurs chandails fonc\u00e9s et l\u2019\u00e9quipe visiteuse portera leurs chandails blancs.<\/span><\/p>\n<p style=\"text-align: center\"><span style=\"font-family: 'times new roman', times, serif\"><strong>Temps d\u2019arr\u00eat<\/strong><\/span><\/p>\n<p><span style=\"font-family: 'times new roman', times, serif\">Les \u00e9quipes auront droits \u00e0 un temps d\u2019arr\u00eat par partie lors de toutes les parties.<\/span><\/p>\n<p style=\"text-align: center\"><span style=\"font-family: 'times new roman', times, serif\"><strong>\u00c9liminatoires<\/strong><\/span><\/p>\n<p style=\"text-align: center\"><span style=\"font-family: 'times new roman', times, serif\">GAR\u00c7ONS<\/span><\/p>\n<p><span style=\"font-family: 'times new roman', times, serif\">Dans la Division 1 et 2, la 3<sup>e<\/sup> position jouera contre la 6<sup>e<\/sup> position\u00a0et 4<sup>e<\/sup> contre 5<sup>e<\/sup> dans les parties quarts de finale. En poursuivant, l&rsquo;\u00e9quipe avec le meilleur rang de la ronde pr\u00e9liminaire jouera contre la 4<sup>e<\/sup> et la 2<sup>e<\/sup> contre la 3<sup>e<\/sup> pour les demi-finales. Les deux \u00e9quipes restantes s&rsquo;affronteront en finale. Pour clarifier, nous utilisons la ronde pr\u00e9liminaire pour classifier les \u00e9quipes et l&rsquo;\u00e9quipe avec le meilleur rang sera toujours consid\u00e9r\u00e9e comme l&rsquo;\u00e9quipe \u00e0 domicile pour les parties.<br \/>\n<\/span><\/p>\n<p style=\"text-align: center\"><span style=\"font-family: 'times new roman', times, serif\">FILLES<\/span><\/p>\n<p><span style=\"font-family: 'times new roman', times, serif\">Dans une demi-finale, l&rsquo;\u00e9quipe de 4<sup>e<\/sup> position jouera contre l\u2019\u00e9quipe de 1<sup>\u00e8re<\/sup> position (\u00e9quipe \u00e0 domicile). Dans l\u2019autre demi-finale, l&rsquo;\u00e9quipe de 3<sup>e<\/sup> position fera face \u00e0 l&rsquo;\u00e9quipe de 2<sup>e<\/sup> position (\u00e9quipe \u00e0 domicile). Les \u00e9quipes gagnantes s\u2019affronteront en finale. L\u2019\u00e9quipe avec le meilleur rang durant la ronde pr\u00e9liminaire sera toujours consid\u00e9r\u00e9e comme l\u2019\u00e9quipe \u00e0 domicile.<br \/>\nDans la ronde consolation, l&rsquo;\u00e9quipe de 8<sup>e<\/sup> position jouera contre l&rsquo;\u00e9quipe de 5<sup>e<\/sup> position tandis que l&rsquo;\u00e9quipe de 7<sup>e<\/sup> position affrontera l&rsquo;\u00e9quipe de 6<sup>e<\/sup> position. Les gagnantes des demi-finales acc\u00e8deront \u00e0 la finale consolation. L\u2019\u00e9quipe avec le meilleur rang durant la ronde pr\u00e9liminaire sera toujours consid\u00e9r\u00e9e comme l\u2019\u00e9quipe \u00e0 domicile.<\/span><\/p>\n<p>&nbsp;<\/p>\n<p><span style=\"font-family: 'times new roman', times, serif\">Veuillez prendre note que\u00a0<strong>LES\u00a0TEMPS\u00a0ET\u00a0LES\u00a0ENDROITS\u00a0<\/strong>pour\u00a0<span style=\"color: #ff0000\">toutes les parties<\/span> \u00e9liminatoires\u00a0seront d\u00e9termin\u00e9s par le\u00a0<span style=\"color: #ff0000\">Comit\u00e9 du tournoi<\/span>\u00a0et les d\u00e9cisions concernant\u00a0<strong>LE TEMPS\u00a0ET\u00a0L&rsquo;ENDROIT<\/strong>\u00a0de ces parties sont\u00a0<span style=\"color: #ff0000\"><strong>finales<\/strong><\/span>. Ces d\u00e9cisions sont bas\u00e9e sur le nombre de places assises des ar\u00e9nas.<\/span><\/p>\n<p>&nbsp;<\/p>\n<p style=\"text-align: center\"><span style=\"font-family: 'times new roman', times, serif\"><strong>P\u00e9nalit\u00e9s et suspensions<\/strong><strong>\u00a0<\/strong><\/span><\/p>\n<p><span style=\"font-family: 'times new roman', times, serif\">Les r\u00e8glements SSNB seront utilis\u00e9s \u00e0 l\u2019exception des cas suivants:<\/span><\/p>\n<ol>\n<li><span style=\"font-family: 'times new roman', times, serif\">Tout joueur qui recevra une inconduite de partie dans les 10 derni\u00e8res minutes sera suspendu pour la prochaine partie.<\/span><\/li>\n<li><span style=\"font-family: 'times new roman', times, serif\">Tout joueur, entra\u00eeneur ou g\u00e9rant qui re\u00e7oit une p\u00e9nalit\u00e9 de match ou une inconduite grossi\u00e8re sera automatiquement suspendu pour le reste du tournoi.<\/span><\/li>\n<li><span style=\"font-family: 'times new roman', times, serif\">Si, dans l\u2019opinion du Comit\u00e9 du tournoi, un joueur ou entra\u00eeneur se comporte, sur la glace, derri\u00e8re le banc, dans les estrades ou tout endroit associ\u00e9 avec le tournoi, d\u2019une mani\u00e8re contraire au th\u00e8me d\u2019esprit sportif du tournoi, l\u2019\u00e9quipe recevra un avertissement. Si le joueur ou entra\u00eeneur ne change pas son comportement imm\u00e9diatement et en permanence, le privil\u00e8ge de participation \u00e0 la Classique de cette personne sera suspendu.<\/span><\/li>\n<\/ol>\n<p><span style=\"font-family: 'times new roman', times, serif;color: #ff0000\">Il y a aucune possibilit\u00e9 d\u2019appel sur ces sanctions. Les d\u00e9cisions du comit\u00e9 de discipline du tournoi sont finales.<\/span><\/p>\n<p>&nbsp;<\/p>\n","protected":false},"excerpt":{"rendered":"<p>\u00a0(SUJET \u00c0 R\u00c9VISION ET AMENDEMENT) Avant et apr\u00e8s chaque partie Avant chaque partie, votre \u00e9quipe aura 5 minutes d\u2019\u00e9chauffement. Des rondelles pour l\u2019\u00e9chauffement seront disponibles pour vous. \u00c0 la fin de l\u2019\u00e9chauffement, s\u2019il vous pla\u00eet ramasser les rondelles et les retourner au chronom\u00e9treur. Les \u00e9quipes joueront trois p\u00e9riodes de 15 minutes chronom\u00e9tr\u00e9es. La surface de [&hellip;]<\/p>\n","protected":false},"author":253,"featured_media":0,"parent":2536,"menu_order":0,"comment_status":"closed","ping_status":"closed","template":"","meta":{"_acf_changed":false,"footnotes":""},"class_list":["post-2695","page","type-page","status-publish","hentry"],"acf":[],"yoast_head":"<!-- This site is optimized with the Yoast SEO plugin v25.7 - https:\/\/yoast.com\/wordpress\/plugins\/seo\/ -->\n<title>R\u00e8glements de la Classique - Moncton&#039;s High School Hockey Classic<\/title>\n<meta name=\"robots\" content=\"index, follow, max-snippet:-1, max-image-preview:large, max-video-preview:-1\" \/>\n<link rel=\"canonical\" href=\"https:\/\/dieppeclassic.net\/fr\/classique\/reglements-de-la-classique\/\" \/>\n<meta property=\"og:locale\" content=\"fr_FR\" \/>\n<meta property=\"og:type\" content=\"article\" \/>\n<meta property=\"og:title\" content=\"R\u00e8glements de la Classique - Moncton&#039;s High School Hockey Classic\" \/>\n<meta property=\"og:description\" content=\"\u00a0(SUJET \u00c0 R\u00c9VISION ET AMENDEMENT) Avant et apr\u00e8s chaque partie Avant chaque partie, votre \u00e9quipe aura 5 minutes d\u2019\u00e9chauffement. Des rondelles pour l\u2019\u00e9chauffement seront disponibles pour vous. \u00c0 la fin de l\u2019\u00e9chauffement, s\u2019il vous pla\u00eet ramasser les rondelles et les retourner au chronom\u00e9treur. Les \u00e9quipes joueront trois p\u00e9riodes de 15 minutes chronom\u00e9tr\u00e9es. La surface de [&hellip;]\" \/>\n<meta property=\"og:url\" content=\"https:\/\/dieppeclassic.net\/fr\/classique\/reglements-de-la-classique\/\" \/>\n<meta property=\"og:site_name\" content=\"Moncton&#039;s High School Hockey Classic\" \/>\n<meta property=\"article:modified_time\" content=\"2025-11-15T21:04:46+00:00\" \/>\n<meta name=\"twitter:card\" content=\"summary_large_image\" \/>\n<meta name=\"twitter:label1\" content=\"Dur\u00e9e de lecture estim\u00e9e\" \/>\n\t<meta name=\"twitter:data1\" content=\"6 minutes\" \/>\n<script type=\"application\/ld+json\" class=\"yoast-schema-graph\">{\"@context\":\"https:\/\/schema.org\",\"@graph\":[{\"@type\":\"WebPage\",\"@id\":\"https:\/\/dieppeclassic.net\/fr\/classique\/reglements-de-la-classique\/\",\"url\":\"https:\/\/dieppeclassic.net\/fr\/classique\/reglements-de-la-classique\/\",\"name\":\"R\u00e8glements de la Classique - Moncton&#039;s High School Hockey Classic\",\"isPartOf\":{\"@id\":\"https:\/\/dieppeclassic.net\/#website\"},\"datePublished\":\"2021-01-12T22:25:00+00:00\",\"dateModified\":\"2025-11-15T21:04:46+00:00\",\"breadcrumb\":{\"@id\":\"https:\/\/dieppeclassic.net\/fr\/classique\/reglements-de-la-classique\/#breadcrumb\"},\"inLanguage\":\"fr-FR\",\"potentialAction\":[{\"@type\":\"ReadAction\",\"target\":[\"https:\/\/dieppeclassic.net\/fr\/classique\/reglements-de-la-classique\/\"]}]},{\"@type\":\"BreadcrumbList\",\"@id\":\"https:\/\/dieppeclassic.net\/fr\/classique\/reglements-de-la-classique\/#breadcrumb\",\"itemListElement\":[{\"@type\":\"ListItem\",\"position\":1,\"name\":\"Accueil\",\"item\":\"https:\/\/dieppeclassic.net\/fr\/\"},{\"@type\":\"ListItem\",\"position\":2,\"name\":\"Classique\",\"item\":\"https:\/\/dieppeclassic.net\/fr\/classique\/\"},{\"@type\":\"ListItem\",\"position\":3,\"name\":\"R\u00e8glements de la Classique\"}]},{\"@type\":\"WebSite\",\"@id\":\"https:\/\/dieppeclassic.net\/#website\",\"url\":\"https:\/\/dieppeclassic.net\/\",\"name\":\"Moncton&#039;s High School Hockey Classic\",\"description\":\"Un site utilisant Les sites de Shark M\u00e9dia &amp; Sport, template Slapshot\",\"potentialAction\":[{\"@type\":\"SearchAction\",\"target\":{\"@type\":\"EntryPoint\",\"urlTemplate\":\"https:\/\/dieppeclassic.net\/?s={search_term_string}\"},\"query-input\":{\"@type\":\"PropertyValueSpecification\",\"valueRequired\":true,\"valueName\":\"search_term_string\"}}],\"inLanguage\":\"fr-FR\"}]}<\/script>\n<!-- \/ Yoast SEO plugin. -->","yoast_head_json":{"title":"R\u00e8glements de la Classique - Moncton&#039;s High School Hockey Classic","robots":{"index":"index","follow":"follow","max-snippet":"max-snippet:-1","max-image-preview":"max-image-preview:large","max-video-preview":"max-video-preview:-1"},"canonical":"https:\/\/dieppeclassic.net\/fr\/classique\/reglements-de-la-classique\/","og_locale":"fr_FR","og_type":"article","og_title":"R\u00e8glements de la Classique - Moncton&#039;s High School Hockey Classic","og_description":"\u00a0(SUJET \u00c0 R\u00c9VISION ET AMENDEMENT) Avant et apr\u00e8s chaque partie Avant chaque partie, votre \u00e9quipe aura 5 minutes d\u2019\u00e9chauffement. Des rondelles pour l\u2019\u00e9chauffement seront disponibles pour vous. \u00c0 la fin de l\u2019\u00e9chauffement, s\u2019il vous pla\u00eet ramasser les rondelles et les retourner au chronom\u00e9treur. Les \u00e9quipes joueront trois p\u00e9riodes de 15 minutes chronom\u00e9tr\u00e9es. La surface de [&hellip;]","og_url":"https:\/\/dieppeclassic.net\/fr\/classique\/reglements-de-la-classique\/","og_site_name":"Moncton&#039;s High School Hockey Classic","article_modified_time":"2025-11-15T21:04:46+00:00","twitter_card":"summary_large_image","twitter_misc":{"Dur\u00e9e de lecture estim\u00e9e":"6 minutes"},"schema":{"@context":"https:\/\/schema.org","@graph":[{"@type":"WebPage","@id":"https:\/\/dieppeclassic.net\/fr\/classique\/reglements-de-la-classique\/","url":"https:\/\/dieppeclassic.net\/fr\/classique\/reglements-de-la-classique\/","name":"R\u00e8glements de la Classique - Moncton&#039;s High School Hockey Classic","isPartOf":{"@id":"https:\/\/dieppeclassic.net\/#website"},"datePublished":"2021-01-12T22:25:00+00:00","dateModified":"2025-11-15T21:04:46+00:00","breadcrumb":{"@id":"https:\/\/dieppeclassic.net\/fr\/classique\/reglements-de-la-classique\/#breadcrumb"},"inLanguage":"fr-FR","potentialAction":[{"@type":"ReadAction","target":["https:\/\/dieppeclassic.net\/fr\/classique\/reglements-de-la-classique\/"]}]},{"@type":"BreadcrumbList","@id":"https:\/\/dieppeclassic.net\/fr\/classique\/reglements-de-la-classique\/#breadcrumb","itemListElement":[{"@type":"ListItem","position":1,"name":"Accueil","item":"https:\/\/dieppeclassic.net\/fr\/"},{"@type":"ListItem","position":2,"name":"Classique","item":"https:\/\/dieppeclassic.net\/fr\/classique\/"},{"@type":"ListItem","position":3,"name":"R\u00e8glements de la Classique"}]},{"@type":"WebSite","@id":"https:\/\/dieppeclassic.net\/#website","url":"https:\/\/dieppeclassic.net\/","name":"Moncton&#039;s High School Hockey Classic","description":"Un site utilisant Les sites de Shark M\u00e9dia &amp; Sport, template Slapshot","potentialAction":[{"@type":"SearchAction","target":{"@type":"EntryPoint","urlTemplate":"https:\/\/dieppeclassic.net\/?s={search_term_string}"},"query-input":{"@type":"PropertyValueSpecification","valueRequired":true,"valueName":"search_term_string"}}],"inLanguage":"fr-FR"}]}},"_links":{"self":[{"href":"https:\/\/dieppeclassic.net\/fr\/wp-json\/wp\/v2\/pages\/2695","targetHints":{"allow":["GET"]}}],"collection":[{"href":"https:\/\/dieppeclassic.net\/fr\/wp-json\/wp\/v2\/pages"}],"about":[{"href":"https:\/\/dieppeclassic.net\/fr\/wp-json\/wp\/v2\/types\/page"}],"author":[{"embeddable":true,"href":"https:\/\/dieppeclassic.net\/fr\/wp-json\/wp\/v2\/users\/253"}],"replies":[{"embeddable":true,"href":"https:\/\/dieppeclassic.net\/fr\/wp-json\/wp\/v2\/comments?post=2695"}],"version-history":[{"count":9,"href":"https:\/\/dieppeclassic.net\/fr\/wp-json\/wp\/v2\/pages\/2695\/revisions"}],"predecessor-version":[{"id":5442,"href":"https:\/\/dieppeclassic.net\/fr\/wp-json\/wp\/v2\/pages\/2695\/revisions\/5442"}],"up":[{"embeddable":true,"href":"https:\/\/dieppeclassic.net\/fr\/wp-json\/wp\/v2\/pages\/2536"}],"wp:attachment":[{"href":"https:\/\/dieppeclassic.net\/fr\/wp-json\/wp\/v2\/media?parent=2695"}],"curies":[{"name":"wp","href":"https:\/\/api.w.org\/{rel}","templated":true}]}}