{"id":2726,"date":"2021-01-12T19:48:54","date_gmt":"2021-01-13T00:48:54","guid":{"rendered":"http:\/\/dieppeclassic.net\/?page_id=2726"},"modified":"2021-01-12T19:48:54","modified_gmt":"2021-01-13T00:48:54","slug":"ce-que-les-equipes-ont-dit","status":"publish","type":"page","link":"https:\/\/dieppeclassic.net\/fr\/classique\/ce-que-les-equipes-ont-dit\/","title":{"rendered":"Ce que les \u00e9quipes ont dit"},"content":{"rendered":"<p><span style=\"font-family: 'times new roman', times, serif\"><em>\u00ab\u00a0Les \u00c9lites de la Polyvalente Thomas-Albert ont vraiment appr\u00e9ci\u00e9 leur participation au tournoi Classic et ils d\u00e9sirent remercier le comit\u00e9 organisateur pour l&rsquo;excellent travail effectu\u00e9 tout au long du tournoi. Voici donc nos commentaires par rapport au tournoi.<\/em><\/span><\/p>\n<p><span style=\"font-family: 'times new roman', times, serif\"><em>\u00c9l\u00e9ments positifs:<\/em><\/span><\/p>\n<p><span style=\"font-family: 'times new roman', times, serif\"><em>1- un bon calibre de jeu (tr\u00e8s comp\u00e9titif, donc source de motivation pour les joueurs)<\/em><\/span><\/p>\n<p><span style=\"font-family: 'times new roman', times, serif\"><em>2- concours d&rsquo;habilet\u00e9s (tr\u00e8s excitant pour les spectateurs et les joueurs)<\/em><\/span><\/p>\n<p><span style=\"font-family: 'times new roman', times, serif\"><em>3-accueil chaleureux (rencontre des entraineurs, banquet) f\u00e9licitations \u00e0 votre \u00e9quipe de b\u00e9n\u00e9voles\u00a0\u00bb<\/em><\/span><\/p>\n<p><span style=\"font-family: 'times new roman', times, serif\"><strong>Mario Martin, \u00c9lites de la Polyvalente Thomas-Albert<\/strong><\/span><\/p>\n<p>&nbsp;<\/p>\n<p><span style=\"font-family: 'times new roman', times, serif\"><em>\u00ab\u00a0Bonjour, premi\u00e8rement merci pour un tournoi tr\u00e8s bien organiser, les points positifs les jeunes ont grandement appr\u00e9ci\u00e9 le skills competition, et c&rsquo;est une activit\u00e9e qui fait passe une soir\u00e9e, la c\u00e9dule \u00e9tait tr\u00e8s bien, et la r\u00e9ception \u00e0 notre arrive \u00e9tait bien et le fait que les responsable du tournoi \u00e9tait facilement identifiable nous facilitait la t\u00e2che lorsque nous cherchions de l&rsquo;information.\u00a0\u00bb<\/em><\/span><\/p>\n<p><span style=\"font-family: 'times new roman', times, serif\"><strong>-Charles Comeau, ESN<\/strong><\/span><\/p>\n<p>&nbsp;<\/p>\n<p><span style=\"font-family: 'times new roman', times, serif\"><em>\u00a0\u00bbAu nom des Pr\u00e9dateurs de la Polyvalente Roland-P\u00e9pin, je tiens \u00e0 f\u00e9liciter et \u00e0 remercier le comit\u00e9 organisateur du 39 e \u00e9dition du tournoi Moncton Classique. D\u2019abord, un grand MERCI \u00e0 David Melanson et aux b\u00e9n\u00e9voles pour le bon d\u00e9roulement de ce grand \u00e9v\u00e8nement. De plus, des remerciements particuli\u00e8rement \u00e0 Charlotte Porter (Harvey\u2019s Travel) et le personnel du Motel 6 pour un accueil chaleureux et un s\u00e9jour agr\u00e9able. Nos jeunes ont pass\u00e9 un super week-end. Ils ont eu beaucoup de plaisir et garderont de bons souvenirs. Nous avons appr\u00e9ci\u00e9 c\u00f4toyer les \u00e9quipes de la Nouvelle-\u00c9cosse. Excellentes comp\u00e9titions dans un merveilleux complexe sportif ! Chapeau pour une mission accomplie J. Au plaisir de vous revoir l&rsquo;ann\u00e9e prochaine, pour la 40 e \u00e9dition.\u00a0\u00bb<\/em><\/span><\/p>\n<p><span style=\"font-family: 'times new roman', times, serif\"><strong>-Nathalie Coulombe, G\u00e9rante d&rsquo;\u00e9quipe, Pr\u00e9dateurs de la Polyvalente Roland-P\u00e9pin<\/strong><\/span><\/p>\n","protected":false},"excerpt":{"rendered":"<p>\u00ab\u00a0Les \u00c9lites de la Polyvalente Thomas-Albert ont vraiment appr\u00e9ci\u00e9 leur participation au tournoi Classic et ils d\u00e9sirent remercier le comit\u00e9 organisateur pour l&rsquo;excellent travail effectu\u00e9 tout au long du tournoi. Voici donc nos commentaires par rapport au tournoi. \u00c9l\u00e9ments positifs: 1- un bon calibre de jeu (tr\u00e8s comp\u00e9titif, donc source de motivation pour les joueurs) [&hellip;]<\/p>\n","protected":false},"author":253,"featured_media":0,"parent":2536,"menu_order":0,"comment_status":"closed","ping_status":"closed","template":"","meta":{"_acf_changed":false,"footnotes":""},"class_list":["post-2726","page","type-page","status-publish","hentry"],"acf":[],"yoast_head":"<!-- This site is optimized with the Yoast SEO plugin v25.7 - https:\/\/yoast.com\/wordpress\/plugins\/seo\/ -->\n<title>Ce que les \u00e9quipes ont dit - Moncton&#039;s High School Hockey Classic<\/title>\n<meta name=\"robots\" content=\"index, follow, max-snippet:-1, max-image-preview:large, max-video-preview:-1\" \/>\n<link rel=\"canonical\" href=\"https:\/\/dieppeclassic.net\/fr\/classique\/ce-que-les-equipes-ont-dit\/\" \/>\n<meta property=\"og:locale\" content=\"fr_FR\" \/>\n<meta property=\"og:type\" content=\"article\" \/>\n<meta property=\"og:title\" content=\"Ce que les \u00e9quipes ont dit - Moncton&#039;s High School Hockey Classic\" \/>\n<meta property=\"og:description\" content=\"\u00ab\u00a0Les \u00c9lites de la Polyvalente Thomas-Albert ont vraiment appr\u00e9ci\u00e9 leur participation au tournoi Classic et ils d\u00e9sirent remercier le comit\u00e9 organisateur pour l&rsquo;excellent travail effectu\u00e9 tout au long du tournoi. Voici donc nos commentaires par rapport au tournoi. \u00c9l\u00e9ments positifs: 1- un bon calibre de jeu (tr\u00e8s comp\u00e9titif, donc source de motivation pour les joueurs) [&hellip;]\" \/>\n<meta property=\"og:url\" content=\"https:\/\/dieppeclassic.net\/fr\/classique\/ce-que-les-equipes-ont-dit\/\" \/>\n<meta property=\"og:site_name\" content=\"Moncton&#039;s High School Hockey Classic\" \/>\n<meta name=\"twitter:card\" content=\"summary_large_image\" \/>\n<meta name=\"twitter:label1\" content=\"Dur\u00e9e de lecture estim\u00e9e\" \/>\n\t<meta name=\"twitter:data1\" content=\"2 minutes\" \/>\n<script type=\"application\/ld+json\" class=\"yoast-schema-graph\">{\"@context\":\"https:\/\/schema.org\",\"@graph\":[{\"@type\":\"WebPage\",\"@id\":\"https:\/\/dieppeclassic.net\/fr\/classique\/ce-que-les-equipes-ont-dit\/\",\"url\":\"https:\/\/dieppeclassic.net\/fr\/classique\/ce-que-les-equipes-ont-dit\/\",\"name\":\"Ce que les \u00e9quipes ont dit - Moncton&#039;s High School Hockey Classic\",\"isPartOf\":{\"@id\":\"https:\/\/dieppeclassic.net\/#website\"},\"datePublished\":\"2021-01-13T00:48:54+00:00\",\"breadcrumb\":{\"@id\":\"https:\/\/dieppeclassic.net\/fr\/classique\/ce-que-les-equipes-ont-dit\/#breadcrumb\"},\"inLanguage\":\"fr-FR\",\"potentialAction\":[{\"@type\":\"ReadAction\",\"target\":[\"https:\/\/dieppeclassic.net\/fr\/classique\/ce-que-les-equipes-ont-dit\/\"]}]},{\"@type\":\"BreadcrumbList\",\"@id\":\"https:\/\/dieppeclassic.net\/fr\/classique\/ce-que-les-equipes-ont-dit\/#breadcrumb\",\"itemListElement\":[{\"@type\":\"ListItem\",\"position\":1,\"name\":\"Accueil\",\"item\":\"https:\/\/dieppeclassic.net\/fr\/\"},{\"@type\":\"ListItem\",\"position\":2,\"name\":\"Classique\",\"item\":\"https:\/\/dieppeclassic.net\/fr\/classique\/\"},{\"@type\":\"ListItem\",\"position\":3,\"name\":\"Ce que les \u00e9quipes ont dit\"}]},{\"@type\":\"WebSite\",\"@id\":\"https:\/\/dieppeclassic.net\/#website\",\"url\":\"https:\/\/dieppeclassic.net\/\",\"name\":\"Moncton&#039;s High School Hockey Classic\",\"description\":\"Un site utilisant Les sites de Shark M\u00e9dia &amp; Sport, template Slapshot\",\"potentialAction\":[{\"@type\":\"SearchAction\",\"target\":{\"@type\":\"EntryPoint\",\"urlTemplate\":\"https:\/\/dieppeclassic.net\/?s={search_term_string}\"},\"query-input\":{\"@type\":\"PropertyValueSpecification\",\"valueRequired\":true,\"valueName\":\"search_term_string\"}}],\"inLanguage\":\"fr-FR\"}]}<\/script>\n<!-- \/ Yoast SEO plugin. -->","yoast_head_json":{"title":"Ce que les \u00e9quipes ont dit - Moncton&#039;s High School Hockey Classic","robots":{"index":"index","follow":"follow","max-snippet":"max-snippet:-1","max-image-preview":"max-image-preview:large","max-video-preview":"max-video-preview:-1"},"canonical":"https:\/\/dieppeclassic.net\/fr\/classique\/ce-que-les-equipes-ont-dit\/","og_locale":"fr_FR","og_type":"article","og_title":"Ce que les \u00e9quipes ont dit - Moncton&#039;s High School Hockey Classic","og_description":"\u00ab\u00a0Les \u00c9lites de la Polyvalente Thomas-Albert ont vraiment appr\u00e9ci\u00e9 leur participation au tournoi Classic et ils d\u00e9sirent remercier le comit\u00e9 organisateur pour l&rsquo;excellent travail effectu\u00e9 tout au long du tournoi. Voici donc nos commentaires par rapport au tournoi. \u00c9l\u00e9ments positifs: 1- un bon calibre de jeu (tr\u00e8s comp\u00e9titif, donc source de motivation pour les joueurs) [&hellip;]","og_url":"https:\/\/dieppeclassic.net\/fr\/classique\/ce-que-les-equipes-ont-dit\/","og_site_name":"Moncton&#039;s High School Hockey Classic","twitter_card":"summary_large_image","twitter_misc":{"Dur\u00e9e de lecture estim\u00e9e":"2 minutes"},"schema":{"@context":"https:\/\/schema.org","@graph":[{"@type":"WebPage","@id":"https:\/\/dieppeclassic.net\/fr\/classique\/ce-que-les-equipes-ont-dit\/","url":"https:\/\/dieppeclassic.net\/fr\/classique\/ce-que-les-equipes-ont-dit\/","name":"Ce que les \u00e9quipes ont dit - Moncton&#039;s High School Hockey Classic","isPartOf":{"@id":"https:\/\/dieppeclassic.net\/#website"},"datePublished":"2021-01-13T00:48:54+00:00","breadcrumb":{"@id":"https:\/\/dieppeclassic.net\/fr\/classique\/ce-que-les-equipes-ont-dit\/#breadcrumb"},"inLanguage":"fr-FR","potentialAction":[{"@type":"ReadAction","target":["https:\/\/dieppeclassic.net\/fr\/classique\/ce-que-les-equipes-ont-dit\/"]}]},{"@type":"BreadcrumbList","@id":"https:\/\/dieppeclassic.net\/fr\/classique\/ce-que-les-equipes-ont-dit\/#breadcrumb","itemListElement":[{"@type":"ListItem","position":1,"name":"Accueil","item":"https:\/\/dieppeclassic.net\/fr\/"},{"@type":"ListItem","position":2,"name":"Classique","item":"https:\/\/dieppeclassic.net\/fr\/classique\/"},{"@type":"ListItem","position":3,"name":"Ce que les \u00e9quipes ont dit"}]},{"@type":"WebSite","@id":"https:\/\/dieppeclassic.net\/#website","url":"https:\/\/dieppeclassic.net\/","name":"Moncton&#039;s High School Hockey Classic","description":"Un site utilisant Les sites de Shark M\u00e9dia &amp; Sport, template Slapshot","potentialAction":[{"@type":"SearchAction","target":{"@type":"EntryPoint","urlTemplate":"https:\/\/dieppeclassic.net\/?s={search_term_string}"},"query-input":{"@type":"PropertyValueSpecification","valueRequired":true,"valueName":"search_term_string"}}],"inLanguage":"fr-FR"}]}},"_links":{"self":[{"href":"https:\/\/dieppeclassic.net\/fr\/wp-json\/wp\/v2\/pages\/2726","targetHints":{"allow":["GET"]}}],"collection":[{"href":"https:\/\/dieppeclassic.net\/fr\/wp-json\/wp\/v2\/pages"}],"about":[{"href":"https:\/\/dieppeclassic.net\/fr\/wp-json\/wp\/v2\/types\/page"}],"author":[{"embeddable":true,"href":"https:\/\/dieppeclassic.net\/fr\/wp-json\/wp\/v2\/users\/253"}],"replies":[{"embeddable":true,"href":"https:\/\/dieppeclassic.net\/fr\/wp-json\/wp\/v2\/comments?post=2726"}],"version-history":[{"count":1,"href":"https:\/\/dieppeclassic.net\/fr\/wp-json\/wp\/v2\/pages\/2726\/revisions"}],"predecessor-version":[{"id":2727,"href":"https:\/\/dieppeclassic.net\/fr\/wp-json\/wp\/v2\/pages\/2726\/revisions\/2727"}],"up":[{"embeddable":true,"href":"https:\/\/dieppeclassic.net\/fr\/wp-json\/wp\/v2\/pages\/2536"}],"wp:attachment":[{"href":"https:\/\/dieppeclassic.net\/fr\/wp-json\/wp\/v2\/media?parent=2726"}],"curies":[{"name":"wp","href":"https:\/\/api.w.org\/{rel}","templated":true}]}}