{"id":2875,"date":"2021-01-21T18:53:32","date_gmt":"2021-01-21T23:53:32","guid":{"rendered":"http:\/\/dieppeclassic.net\/?page_id=2875"},"modified":"2024-08-21T22:25:17","modified_gmt":"2024-08-22T02:25:17","slug":"application-pour-bourse-detude","status":"publish","type":"page","link":"https:\/\/dieppeclassic.net\/fr\/classique\/formulaires\/application-pour-bourse-detude\/","title":{"rendered":"Application pour bourse d&rsquo;\u00e9tude"},"content":{"rendered":"<p style=\"text-align: center\"><span style=\"font-family: 'times new roman', times, serif;font-size: 12pt\"><strong><em>Classique de hockey des \u00e9coles secondaires de Dieppe<br \/>\n<\/em><\/strong><strong><em>Application pour bourses d\u2019\u00e9tude\u00a0: Information g\u00e9n\u00e9rale<\/em><\/strong><\/span><\/p>\n<p><span style=\"font-family: 'times new roman', times, serif;font-size: 12pt\">\u00a0Le formulaire d\u2019application pour les bourses d\u2019\u00e9tude qui sont offertes durant le tournoi suit ci-dessous.\u00a0 Si apr\u00e8s avoir lu cette information, vous croyez que vous avez un bon candidat ou une bonne candidate, veuillez compl\u00e9ter l\u2019information telle que demand\u00e9.<\/span><\/p>\n<p><span style=\"font-family: 'times new roman', times, serif;font-size: 12pt\">Cette ann\u00e9e, quatre \u00e0 six bourses de 500$ seront pr\u00e9sent\u00e9es (<span style=\"text-decoration: underline\">1 ou 2 joueurs et 1 ou 2 joueuses parmi les \u00e9quipes de la ligue locale en plus de 1 joueur et 1 joueuse parmi les \u00e9quipes provenant de l\u2019ext\u00e9rieur<\/span>).\u00a0 Ces bourses d\u2019\u00e9tude sont bas\u00e9es sur les m\u00e9rites acad\u00e9miques (40% et doit avoir une moyenne minimum de 75), implication dans des activit\u00e9s\/sports en-dehors du hockey (40%) et bien sur les habilet\u00e9s au hockey (20%).\u00a0 La performance du joueur ou de la joueuse durant le tournoi en combinaison avec l\u2019information fournie par l\u2019entra\u00eeneur\/g\u00e9rant(e) influencera les d\u00e9cisions pour la s\u00e9lection des gagnant(e)s des bourses d\u2019\u00e9tude.\u00a0 Il est donc important que vous comme entra\u00eeneur\/g\u00e9rant(e) nous fournissiez autant d\u2019information que possible.<\/span><\/p>\n<p><span style=\"font-family: 'times new roman', times, serif;font-size: 12pt\">Ces bourses s\u2019adressent seulement aux\u00a0<strong>joueurs et joueuses de hockey scolaire qui sont finissant(e)s et qui s\u2019attendent de poursuivre des \u00e9tudes post-secondaires \u00e0 l\u2019int\u00e9rieur des deux prochaines ann\u00e9es<\/strong>.\u00a0 Les joueurs et joueuses de 11<sup>e<\/sup>\u00a0ann\u00e9e\u00a0<strong>ne sont pas<\/strong>\u00a0\u00e9ligible.<\/span><\/p>\n<p><span style=\"font-family: 'times new roman', times, serif;font-size: 12pt\">Le formulaire compl\u00e9t\u00e9 doit \u00eatre retourn\u00e9\u00a0<strong>avant le\u00a0<span style=\"text-decoration: underline\">1 novembre<\/span><\/strong>. \u00a0Aucun candidat(e) ne sera consid\u00e9r\u00e9 \u00e0 moins que nous recevions un relev\u00e9 de notes officiel provenant de l\u2019\u00e9cole.\u00a0 Il devrait inclure les notes de l\u2019\u00e9tudiant(e) pour les ann\u00e9es scolaires pr\u00e9c\u00e9dentes (grade 11).\u00a0\u00a0<span style=\"text-decoration: underline\">Veuillez envoyer une copie par la poste (adresse postale ci-dessous) ou par courriel (en format pdf ou une image num\u00e9ris\u00e9e)<\/span>.<\/span><\/p>\n<p><span style=\"font-family: 'times new roman', times, serif;font-size: 12pt\">Une \u00e9quipe peut soumettre le nom de deux (dans certaines occasions, trois) candidat(e)s si plus d\u2019un(e) candidat(e) sont autant m\u00e9ritant(e)s.\u00a0 Aucune \u00e9quipe ne sera s\u00e9lectionn\u00e9e pour plus d\u2019une bourse d\u2019\u00e9tude.<\/span><\/p>\n<p><span style=\"font-family: 'times new roman', times, serif;font-size: 12pt\">Les applications peuvent \u00eatre soumises en fran\u00e7ais ou en anglais. \u00a0Les relev\u00e9s de notes soumis par des \u00e9tablissements qui utilisent un langage autre que ces deux l\u00e0 devraient \u00eatre accompagn\u00e9s d\u2019une traduction au fran\u00e7ais ou l\u2019anglais.<\/span><\/p>\n<p><span style=\"font-family: 'times new roman', times, serif;font-size: 12pt\">Si vous avez des questions, vous pouvez communiquer avec moi au num\u00e9ro\/adresse ci-dessous.<\/span><\/p>\n<p><span style=\"font-family: 'times new roman', times, serif;font-size: 12pt\">Dave Melanson<\/span><br \/>\n<span style=\"font-family: 'times new roman', times, serif;font-size: 12pt\">Pr\u00e9sident du tournoi<\/span><br \/>\n<span style=\"font-family: 'times new roman', times, serif;font-size: 12pt\">Cel : 506-875-1408<\/span><br \/>\n<span style=\"font-family: 'times new roman', times, serif;font-size: 12pt\">courriel\u00a0:\u00a0<span style=\"color: #000000\"><a style=\"color: #000000\" href=\"mailto:mhclassic@rogers.com\">mhclassic@rogers.com<\/a><\/span><\/span><\/p>\n<p><span style=\"font-family: 'times new roman', times, serif;font-size: 12pt\">Classique de hockey des \u00e9coles secondaires de Dieppe<br \/>\n<\/span>CP 1723<br \/>\n<span style=\"font-family: 'times new roman', times, serif;font-size: 12pt\">Moncton, NB<\/span><br \/>\n<span style=\"font-family: 'times new roman', times, serif;font-size: 12pt\">E1C 9X5<\/span><\/p>\n","protected":false},"excerpt":{"rendered":"<p>Classique de hockey des \u00e9coles secondaires de Dieppe Application pour bourses d\u2019\u00e9tude\u00a0: Information g\u00e9n\u00e9rale \u00a0Le formulaire d\u2019application pour les bourses d\u2019\u00e9tude qui sont offertes durant le tournoi suit ci-dessous.\u00a0 Si apr\u00e8s avoir lu cette information, vous croyez que vous avez un bon candidat ou une bonne candidate, veuillez compl\u00e9ter l\u2019information telle que demand\u00e9. Cette ann\u00e9e, [&hellip;]<\/p>\n","protected":false},"author":253,"featured_media":0,"parent":2651,"menu_order":0,"comment_status":"closed","ping_status":"closed","template":"","meta":{"_acf_changed":false,"footnotes":""},"class_list":["post-2875","page","type-page","status-publish","hentry"],"acf":[],"yoast_head":"<!-- This site is optimized with the Yoast SEO plugin v25.7 - https:\/\/yoast.com\/wordpress\/plugins\/seo\/ -->\n<title>Application pour bourse d&#039;\u00e9tude - Moncton&#039;s High School Hockey Classic<\/title>\n<meta name=\"robots\" content=\"index, follow, max-snippet:-1, max-image-preview:large, max-video-preview:-1\" \/>\n<link rel=\"canonical\" href=\"https:\/\/dieppeclassic.net\/fr\/classique\/formulaires\/application-pour-bourse-detude\/\" \/>\n<meta property=\"og:locale\" content=\"fr_FR\" \/>\n<meta property=\"og:type\" content=\"article\" \/>\n<meta property=\"og:title\" content=\"Application pour bourse d&#039;\u00e9tude - Moncton&#039;s High School Hockey Classic\" \/>\n<meta property=\"og:description\" content=\"Classique de hockey des \u00e9coles secondaires de Dieppe Application pour bourses d\u2019\u00e9tude\u00a0: Information g\u00e9n\u00e9rale \u00a0Le formulaire d\u2019application pour les bourses d\u2019\u00e9tude qui sont offertes durant le tournoi suit ci-dessous.\u00a0 Si apr\u00e8s avoir lu cette information, vous croyez que vous avez un bon candidat ou une bonne candidate, veuillez compl\u00e9ter l\u2019information telle que demand\u00e9. Cette ann\u00e9e, [&hellip;]\" \/>\n<meta property=\"og:url\" content=\"https:\/\/dieppeclassic.net\/fr\/classique\/formulaires\/application-pour-bourse-detude\/\" \/>\n<meta property=\"og:site_name\" content=\"Moncton&#039;s High School Hockey Classic\" \/>\n<meta property=\"article:modified_time\" content=\"2024-08-22T02:25:17+00:00\" \/>\n<meta name=\"twitter:card\" content=\"summary_large_image\" \/>\n<meta name=\"twitter:label1\" content=\"Dur\u00e9e de lecture estim\u00e9e\" \/>\n\t<meta name=\"twitter:data1\" content=\"2 minutes\" \/>\n<script type=\"application\/ld+json\" class=\"yoast-schema-graph\">{\"@context\":\"https:\/\/schema.org\",\"@graph\":[{\"@type\":\"WebPage\",\"@id\":\"https:\/\/dieppeclassic.net\/fr\/classique\/formulaires\/application-pour-bourse-detude\/\",\"url\":\"https:\/\/dieppeclassic.net\/fr\/classique\/formulaires\/application-pour-bourse-detude\/\",\"name\":\"Application pour bourse d'\u00e9tude - Moncton&#039;s High School Hockey Classic\",\"isPartOf\":{\"@id\":\"https:\/\/dieppeclassic.net\/#website\"},\"datePublished\":\"2021-01-21T23:53:32+00:00\",\"dateModified\":\"2024-08-22T02:25:17+00:00\",\"breadcrumb\":{\"@id\":\"https:\/\/dieppeclassic.net\/fr\/classique\/formulaires\/application-pour-bourse-detude\/#breadcrumb\"},\"inLanguage\":\"fr-FR\",\"potentialAction\":[{\"@type\":\"ReadAction\",\"target\":[\"https:\/\/dieppeclassic.net\/fr\/classique\/formulaires\/application-pour-bourse-detude\/\"]}]},{\"@type\":\"BreadcrumbList\",\"@id\":\"https:\/\/dieppeclassic.net\/fr\/classique\/formulaires\/application-pour-bourse-detude\/#breadcrumb\",\"itemListElement\":[{\"@type\":\"ListItem\",\"position\":1,\"name\":\"Accueil\",\"item\":\"https:\/\/dieppeclassic.net\/fr\/\"},{\"@type\":\"ListItem\",\"position\":2,\"name\":\"Classique\",\"item\":\"https:\/\/dieppeclassic.net\/fr\/classique\/\"},{\"@type\":\"ListItem\",\"position\":3,\"name\":\"Formulaires\",\"item\":\"https:\/\/dieppeclassic.net\/fr\/classique\/formulaires\/\"},{\"@type\":\"ListItem\",\"position\":4,\"name\":\"Application pour bourse d&#8217;\u00e9tude\"}]},{\"@type\":\"WebSite\",\"@id\":\"https:\/\/dieppeclassic.net\/#website\",\"url\":\"https:\/\/dieppeclassic.net\/\",\"name\":\"Moncton&#039;s High School Hockey Classic\",\"description\":\"Un site utilisant Les sites de Shark M\u00e9dia &amp; Sport, template Slapshot\",\"potentialAction\":[{\"@type\":\"SearchAction\",\"target\":{\"@type\":\"EntryPoint\",\"urlTemplate\":\"https:\/\/dieppeclassic.net\/?s={search_term_string}\"},\"query-input\":{\"@type\":\"PropertyValueSpecification\",\"valueRequired\":true,\"valueName\":\"search_term_string\"}}],\"inLanguage\":\"fr-FR\"}]}<\/script>\n<!-- \/ Yoast SEO plugin. -->","yoast_head_json":{"title":"Application pour bourse d'\u00e9tude - Moncton&#039;s High School Hockey Classic","robots":{"index":"index","follow":"follow","max-snippet":"max-snippet:-1","max-image-preview":"max-image-preview:large","max-video-preview":"max-video-preview:-1"},"canonical":"https:\/\/dieppeclassic.net\/fr\/classique\/formulaires\/application-pour-bourse-detude\/","og_locale":"fr_FR","og_type":"article","og_title":"Application pour bourse d'\u00e9tude - Moncton&#039;s High School Hockey Classic","og_description":"Classique de hockey des \u00e9coles secondaires de Dieppe Application pour bourses d\u2019\u00e9tude\u00a0: Information g\u00e9n\u00e9rale \u00a0Le formulaire d\u2019application pour les bourses d\u2019\u00e9tude qui sont offertes durant le tournoi suit ci-dessous.\u00a0 Si apr\u00e8s avoir lu cette information, vous croyez que vous avez un bon candidat ou une bonne candidate, veuillez compl\u00e9ter l\u2019information telle que demand\u00e9. Cette ann\u00e9e, [&hellip;]","og_url":"https:\/\/dieppeclassic.net\/fr\/classique\/formulaires\/application-pour-bourse-detude\/","og_site_name":"Moncton&#039;s High School Hockey Classic","article_modified_time":"2024-08-22T02:25:17+00:00","twitter_card":"summary_large_image","twitter_misc":{"Dur\u00e9e de lecture estim\u00e9e":"2 minutes"},"schema":{"@context":"https:\/\/schema.org","@graph":[{"@type":"WebPage","@id":"https:\/\/dieppeclassic.net\/fr\/classique\/formulaires\/application-pour-bourse-detude\/","url":"https:\/\/dieppeclassic.net\/fr\/classique\/formulaires\/application-pour-bourse-detude\/","name":"Application pour bourse d'\u00e9tude - Moncton&#039;s High School Hockey Classic","isPartOf":{"@id":"https:\/\/dieppeclassic.net\/#website"},"datePublished":"2021-01-21T23:53:32+00:00","dateModified":"2024-08-22T02:25:17+00:00","breadcrumb":{"@id":"https:\/\/dieppeclassic.net\/fr\/classique\/formulaires\/application-pour-bourse-detude\/#breadcrumb"},"inLanguage":"fr-FR","potentialAction":[{"@type":"ReadAction","target":["https:\/\/dieppeclassic.net\/fr\/classique\/formulaires\/application-pour-bourse-detude\/"]}]},{"@type":"BreadcrumbList","@id":"https:\/\/dieppeclassic.net\/fr\/classique\/formulaires\/application-pour-bourse-detude\/#breadcrumb","itemListElement":[{"@type":"ListItem","position":1,"name":"Accueil","item":"https:\/\/dieppeclassic.net\/fr\/"},{"@type":"ListItem","position":2,"name":"Classique","item":"https:\/\/dieppeclassic.net\/fr\/classique\/"},{"@type":"ListItem","position":3,"name":"Formulaires","item":"https:\/\/dieppeclassic.net\/fr\/classique\/formulaires\/"},{"@type":"ListItem","position":4,"name":"Application pour bourse d&#8217;\u00e9tude"}]},{"@type":"WebSite","@id":"https:\/\/dieppeclassic.net\/#website","url":"https:\/\/dieppeclassic.net\/","name":"Moncton&#039;s High School Hockey Classic","description":"Un site utilisant Les sites de Shark M\u00e9dia &amp; Sport, template Slapshot","potentialAction":[{"@type":"SearchAction","target":{"@type":"EntryPoint","urlTemplate":"https:\/\/dieppeclassic.net\/?s={search_term_string}"},"query-input":{"@type":"PropertyValueSpecification","valueRequired":true,"valueName":"search_term_string"}}],"inLanguage":"fr-FR"}]}},"_links":{"self":[{"href":"https:\/\/dieppeclassic.net\/fr\/wp-json\/wp\/v2\/pages\/2875","targetHints":{"allow":["GET"]}}],"collection":[{"href":"https:\/\/dieppeclassic.net\/fr\/wp-json\/wp\/v2\/pages"}],"about":[{"href":"https:\/\/dieppeclassic.net\/fr\/wp-json\/wp\/v2\/types\/page"}],"author":[{"embeddable":true,"href":"https:\/\/dieppeclassic.net\/fr\/wp-json\/wp\/v2\/users\/253"}],"replies":[{"embeddable":true,"href":"https:\/\/dieppeclassic.net\/fr\/wp-json\/wp\/v2\/comments?post=2875"}],"version-history":[{"count":5,"href":"https:\/\/dieppeclassic.net\/fr\/wp-json\/wp\/v2\/pages\/2875\/revisions"}],"predecessor-version":[{"id":4799,"href":"https:\/\/dieppeclassic.net\/fr\/wp-json\/wp\/v2\/pages\/2875\/revisions\/4799"}],"up":[{"embeddable":true,"href":"https:\/\/dieppeclassic.net\/fr\/wp-json\/wp\/v2\/pages\/2651"}],"wp:attachment":[{"href":"https:\/\/dieppeclassic.net\/fr\/wp-json\/wp\/v2\/media?parent=2875"}],"curies":[{"name":"wp","href":"https:\/\/api.w.org\/{rel}","templated":true}]}}