{"id":3067,"date":"2021-02-03T10:48:24","date_gmt":"2021-02-03T15:48:24","guid":{"rendered":"http:\/\/dieppeclassic.net\/?page_id=3067"},"modified":"2021-02-03T10:48:24","modified_gmt":"2021-02-03T15:48:24","slug":"mentions-honorifiques-2019","status":"publish","type":"page","link":"https:\/\/dieppeclassic.net\/fr\/classique\/mentions-honorifiques\/mentions-honorifiques-2019\/","title":{"rendered":"Mentions Honorifiques 2019"},"content":{"rendered":"<p><span style=\"font-family: 'times new roman', times, serif;font-size: 12pt\"><strong><u>\u00c9QUIPE D&rsquo;\u00c9TOILES &#8211; F\u00c9MININ<br \/>\n<\/u><\/strong><\/span><span style=\"font-family: 'times new roman', times, serif;font-size: 12pt\">Gardienne \u2013 Julie Cormier, L\u2019Odyss\u00e9e<br \/>\n<\/span><span style=\"font-family: 'times new roman', times, serif;font-size: 12pt\">D\u00e9fense \u2013 Janik Cormier, Mathieu-Martin<br \/>\n<\/span><span style=\"font-family: 'times new roman', times, serif;font-size: 12pt\">D\u00e9fense \u2013 Jillian Wells, Sir John A. MacDonald<br \/>\n<\/span><span style=\"font-family: 'times new roman', times, serif;font-size: 12pt\">Avant \u2013 Ellie Hinam, Auburn<br \/>\n<\/span><span style=\"font-family: 'times new roman', times, serif;font-size: 12pt\">Avant \u2013 Chlo\u00e9 Gallant, Cl\u00e9ment-Cormier<br \/>\n<\/span><span style=\"font-family: 'times new roman', times, serif;font-size: 12pt\">Avant \u2013 Brooklyn Carruthers, Moncton High<br \/>\n<\/span><span style=\"font-family: 'times new roman', times, serif;font-size: 12pt\">JOUEUSE PLUS UTILE &#8211; Ellie Hinam, Auburn<\/span><\/p>\n<p><span style=\"font-family: 'times new roman', times, serif;font-size: 12pt\"><strong><u>\u00c9QUIPE D&rsquo;\u00c9TOILES &#8211; MASC. DIV I<br \/>\n<\/u><\/strong><\/span><span style=\"font-family: 'times new roman', times, serif;font-size: 12pt\">Gardien \u2013 Jack Benson, Holy Heart<br \/>\n<\/span><span style=\"font-family: 'times new roman', times, serif;font-size: 12pt\">D\u00e9fense \u2013 Luke MacLean, C.P. Allen<br \/>\n<\/span><span style=\"font-family: 'times new roman', times, serif;font-size: 12pt\">D\u00e9fense \u2013 Noah Webster, Kennebecasis Valley<br \/>\n<\/span><span style=\"font-family: 'times new roman', times, serif;font-size: 12pt\">Avant \u2013 Matt Burden, C.P. Allen<br \/>\n<\/span><span style=\"font-family: 'times new roman', times, serif;font-size: 12pt\">Avant \u2013 Maxime Prillo, Mathieu-Martin<br \/>\n<\/span><span style=\"font-family: 'times new roman', times, serif;font-size: 12pt\">Avant \u2013 Jacob Annis, Riverview High<br \/>\n<\/span><span style=\"font-family: 'times new roman', times, serif;font-size: 12pt\">JOUEUR PLUS UTILE &#8211; Maxime Prillo, Mathieu-Martin<\/span><\/p>\n<p><span style=\"font-family: 'times new roman', times, serif;font-size: 12pt\"><strong><u>\u00c9QUIPE D&rsquo;\u00c9TOILES &#8211; MASC. DIV II<br \/>\n<\/u><\/strong><\/span><span style=\"font-family: 'times new roman', times, serif;font-size: 12pt\">Gardien \u2013 Maxime Hanna, Clare<br \/>\n<\/span><span style=\"font-family: 'times new roman', times, serif;font-size: 12pt\">D\u00e9fense \u2013 Jakkob Wentzell, Central Kings<br \/>\n<\/span><span style=\"font-family: 'times new roman', times, serif;font-size: 12pt\">D\u00e9fense \u2013 Turner Mombourquette, Hants East<br \/>\n<\/span><span style=\"font-family: 'times new roman', times, serif;font-size: 12pt\">Avant \u2013 Jarrett Phinney, Central Kings<br \/>\n<\/span><span style=\"font-family: 'times new roman', times, serif;font-size: 12pt\">Avant \u2013 Logan Forward, Hants East<br \/>\n<\/span><span style=\"font-family: 'times new roman', times, serif;font-size: 12pt\">Avant \u2013 Jonah Norman, St. Paul\u2019s<br \/>\n<\/span><span style=\"font-family: 'times new roman', times, serif;font-size: 12pt\">JOUEUR PLUS UTILE &#8211; Logan Forward, Hants East<\/span><\/p>\n<p><span style=\"font-family: 'times new roman', times, serif;font-size: 12pt\"><strong><u>BOURSES D&rsquo;\u00c9TUDES<br \/>\n<\/u><\/strong><\/span><span style=\"font-family: 'times new roman', times, serif;font-size: 12pt\">Jacob MacDonald, Bernice MacNaughton<\/span><br \/>\n<span style=\"font-family: 'times new roman', times, serif;font-size: 12pt\">Keegan Cook, Central Kings<\/span><br \/>\n<span style=\"font-family: 'times new roman', times, serif;font-size: 12pt\">Emma Langille, Fredericton High<\/span><br \/>\n<span style=\"font-family: 'times new roman', times, serif;font-size: 12pt\">Maxime Prillo, Mathieu-Martin<\/span><br \/>\n<span style=\"font-family: 'times new roman', times, serif;font-size: 12pt\">Isabelle Th\u00e9riault, Mathieu-Martin<\/span><\/p>\n","protected":false},"excerpt":{"rendered":"<p>\u00c9QUIPE D&rsquo;\u00c9TOILES &#8211; F\u00c9MININ Gardienne \u2013 Julie Cormier, L\u2019Odyss\u00e9e D\u00e9fense \u2013 Janik Cormier, Mathieu-Martin D\u00e9fense \u2013 Jillian Wells, Sir John A. MacDonald Avant \u2013 Ellie Hinam, Auburn Avant \u2013 Chlo\u00e9 Gallant, Cl\u00e9ment-Cormier Avant \u2013 Brooklyn Carruthers, Moncton High JOUEUSE PLUS UTILE &#8211; Ellie Hinam, Auburn \u00c9QUIPE D&rsquo;\u00c9TOILES &#8211; MASC. DIV I Gardien \u2013 Jack Benson, [&hellip;]<\/p>\n","protected":false},"author":253,"featured_media":0,"parent":3065,"menu_order":0,"comment_status":"closed","ping_status":"closed","template":"","meta":{"_acf_changed":false,"footnotes":""},"class_list":["post-3067","page","type-page","status-publish","hentry"],"acf":[],"yoast_head":"<!-- This site is optimized with the Yoast SEO plugin v25.7 - https:\/\/yoast.com\/wordpress\/plugins\/seo\/ -->\n<title>Mentions Honorifiques 2019 - Moncton&#039;s High School Hockey Classic<\/title>\n<meta name=\"robots\" content=\"index, follow, max-snippet:-1, max-image-preview:large, max-video-preview:-1\" \/>\n<link rel=\"canonical\" href=\"https:\/\/dieppeclassic.net\/fr\/classique\/mentions-honorifiques\/mentions-honorifiques-2019\/\" \/>\n<meta property=\"og:locale\" content=\"fr_FR\" \/>\n<meta property=\"og:type\" content=\"article\" \/>\n<meta property=\"og:title\" content=\"Mentions Honorifiques 2019 - Moncton&#039;s High School Hockey Classic\" \/>\n<meta property=\"og:description\" content=\"\u00c9QUIPE D&rsquo;\u00c9TOILES &#8211; F\u00c9MININ Gardienne \u2013 Julie Cormier, L\u2019Odyss\u00e9e D\u00e9fense \u2013 Janik Cormier, Mathieu-Martin D\u00e9fense \u2013 Jillian Wells, Sir John A. MacDonald Avant \u2013 Ellie Hinam, Auburn Avant \u2013 Chlo\u00e9 Gallant, Cl\u00e9ment-Cormier Avant \u2013 Brooklyn Carruthers, Moncton High JOUEUSE PLUS UTILE &#8211; Ellie Hinam, Auburn \u00c9QUIPE D&rsquo;\u00c9TOILES &#8211; MASC. DIV I Gardien \u2013 Jack Benson, [&hellip;]\" \/>\n<meta property=\"og:url\" content=\"https:\/\/dieppeclassic.net\/fr\/classique\/mentions-honorifiques\/mentions-honorifiques-2019\/\" \/>\n<meta property=\"og:site_name\" content=\"Moncton&#039;s High School Hockey Classic\" \/>\n<meta name=\"twitter:card\" content=\"summary_large_image\" \/>\n<meta name=\"twitter:label1\" content=\"Dur\u00e9e de lecture estim\u00e9e\" \/>\n\t<meta name=\"twitter:data1\" content=\"1 minute\" \/>\n<script type=\"application\/ld+json\" class=\"yoast-schema-graph\">{\"@context\":\"https:\/\/schema.org\",\"@graph\":[{\"@type\":\"WebPage\",\"@id\":\"https:\/\/dieppeclassic.net\/fr\/classique\/mentions-honorifiques\/mentions-honorifiques-2019\/\",\"url\":\"https:\/\/dieppeclassic.net\/fr\/classique\/mentions-honorifiques\/mentions-honorifiques-2019\/\",\"name\":\"Mentions Honorifiques 2019 - Moncton&#039;s High School Hockey Classic\",\"isPartOf\":{\"@id\":\"https:\/\/dieppeclassic.net\/#website\"},\"datePublished\":\"2021-02-03T15:48:24+00:00\",\"breadcrumb\":{\"@id\":\"https:\/\/dieppeclassic.net\/fr\/classique\/mentions-honorifiques\/mentions-honorifiques-2019\/#breadcrumb\"},\"inLanguage\":\"fr-FR\",\"potentialAction\":[{\"@type\":\"ReadAction\",\"target\":[\"https:\/\/dieppeclassic.net\/fr\/classique\/mentions-honorifiques\/mentions-honorifiques-2019\/\"]}]},{\"@type\":\"BreadcrumbList\",\"@id\":\"https:\/\/dieppeclassic.net\/fr\/classique\/mentions-honorifiques\/mentions-honorifiques-2019\/#breadcrumb\",\"itemListElement\":[{\"@type\":\"ListItem\",\"position\":1,\"name\":\"Accueil\",\"item\":\"https:\/\/dieppeclassic.net\/fr\/\"},{\"@type\":\"ListItem\",\"position\":2,\"name\":\"Classique\",\"item\":\"https:\/\/dieppeclassic.net\/fr\/classique\/\"},{\"@type\":\"ListItem\",\"position\":3,\"name\":\"Mentions Honorifiques\",\"item\":\"https:\/\/dieppeclassic.net\/fr\/classique\/mentions-honorifiques\/\"},{\"@type\":\"ListItem\",\"position\":4,\"name\":\"Mentions Honorifiques 2019\"}]},{\"@type\":\"WebSite\",\"@id\":\"https:\/\/dieppeclassic.net\/#website\",\"url\":\"https:\/\/dieppeclassic.net\/\",\"name\":\"Moncton&#039;s High School Hockey Classic\",\"description\":\"Un site utilisant Les sites de Shark M\u00e9dia &amp; Sport, template Slapshot\",\"potentialAction\":[{\"@type\":\"SearchAction\",\"target\":{\"@type\":\"EntryPoint\",\"urlTemplate\":\"https:\/\/dieppeclassic.net\/?s={search_term_string}\"},\"query-input\":{\"@type\":\"PropertyValueSpecification\",\"valueRequired\":true,\"valueName\":\"search_term_string\"}}],\"inLanguage\":\"fr-FR\"}]}<\/script>\n<!-- \/ Yoast SEO plugin. -->","yoast_head_json":{"title":"Mentions Honorifiques 2019 - Moncton&#039;s High School Hockey Classic","robots":{"index":"index","follow":"follow","max-snippet":"max-snippet:-1","max-image-preview":"max-image-preview:large","max-video-preview":"max-video-preview:-1"},"canonical":"https:\/\/dieppeclassic.net\/fr\/classique\/mentions-honorifiques\/mentions-honorifiques-2019\/","og_locale":"fr_FR","og_type":"article","og_title":"Mentions Honorifiques 2019 - Moncton&#039;s High School Hockey Classic","og_description":"\u00c9QUIPE D&rsquo;\u00c9TOILES &#8211; F\u00c9MININ Gardienne \u2013 Julie Cormier, L\u2019Odyss\u00e9e D\u00e9fense \u2013 Janik Cormier, Mathieu-Martin D\u00e9fense \u2013 Jillian Wells, Sir John A. MacDonald Avant \u2013 Ellie Hinam, Auburn Avant \u2013 Chlo\u00e9 Gallant, Cl\u00e9ment-Cormier Avant \u2013 Brooklyn Carruthers, Moncton High JOUEUSE PLUS UTILE &#8211; Ellie Hinam, Auburn \u00c9QUIPE D&rsquo;\u00c9TOILES &#8211; MASC. DIV I Gardien \u2013 Jack Benson, [&hellip;]","og_url":"https:\/\/dieppeclassic.net\/fr\/classique\/mentions-honorifiques\/mentions-honorifiques-2019\/","og_site_name":"Moncton&#039;s High School Hockey Classic","twitter_card":"summary_large_image","twitter_misc":{"Dur\u00e9e de lecture estim\u00e9e":"1 minute"},"schema":{"@context":"https:\/\/schema.org","@graph":[{"@type":"WebPage","@id":"https:\/\/dieppeclassic.net\/fr\/classique\/mentions-honorifiques\/mentions-honorifiques-2019\/","url":"https:\/\/dieppeclassic.net\/fr\/classique\/mentions-honorifiques\/mentions-honorifiques-2019\/","name":"Mentions Honorifiques 2019 - Moncton&#039;s High School Hockey Classic","isPartOf":{"@id":"https:\/\/dieppeclassic.net\/#website"},"datePublished":"2021-02-03T15:48:24+00:00","breadcrumb":{"@id":"https:\/\/dieppeclassic.net\/fr\/classique\/mentions-honorifiques\/mentions-honorifiques-2019\/#breadcrumb"},"inLanguage":"fr-FR","potentialAction":[{"@type":"ReadAction","target":["https:\/\/dieppeclassic.net\/fr\/classique\/mentions-honorifiques\/mentions-honorifiques-2019\/"]}]},{"@type":"BreadcrumbList","@id":"https:\/\/dieppeclassic.net\/fr\/classique\/mentions-honorifiques\/mentions-honorifiques-2019\/#breadcrumb","itemListElement":[{"@type":"ListItem","position":1,"name":"Accueil","item":"https:\/\/dieppeclassic.net\/fr\/"},{"@type":"ListItem","position":2,"name":"Classique","item":"https:\/\/dieppeclassic.net\/fr\/classique\/"},{"@type":"ListItem","position":3,"name":"Mentions Honorifiques","item":"https:\/\/dieppeclassic.net\/fr\/classique\/mentions-honorifiques\/"},{"@type":"ListItem","position":4,"name":"Mentions Honorifiques 2019"}]},{"@type":"WebSite","@id":"https:\/\/dieppeclassic.net\/#website","url":"https:\/\/dieppeclassic.net\/","name":"Moncton&#039;s High School Hockey Classic","description":"Un site utilisant Les sites de Shark M\u00e9dia &amp; Sport, template Slapshot","potentialAction":[{"@type":"SearchAction","target":{"@type":"EntryPoint","urlTemplate":"https:\/\/dieppeclassic.net\/?s={search_term_string}"},"query-input":{"@type":"PropertyValueSpecification","valueRequired":true,"valueName":"search_term_string"}}],"inLanguage":"fr-FR"}]}},"_links":{"self":[{"href":"https:\/\/dieppeclassic.net\/fr\/wp-json\/wp\/v2\/pages\/3067","targetHints":{"allow":["GET"]}}],"collection":[{"href":"https:\/\/dieppeclassic.net\/fr\/wp-json\/wp\/v2\/pages"}],"about":[{"href":"https:\/\/dieppeclassic.net\/fr\/wp-json\/wp\/v2\/types\/page"}],"author":[{"embeddable":true,"href":"https:\/\/dieppeclassic.net\/fr\/wp-json\/wp\/v2\/users\/253"}],"replies":[{"embeddable":true,"href":"https:\/\/dieppeclassic.net\/fr\/wp-json\/wp\/v2\/comments?post=3067"}],"version-history":[{"count":2,"href":"https:\/\/dieppeclassic.net\/fr\/wp-json\/wp\/v2\/pages\/3067\/revisions"}],"predecessor-version":[{"id":3069,"href":"https:\/\/dieppeclassic.net\/fr\/wp-json\/wp\/v2\/pages\/3067\/revisions\/3069"}],"up":[{"embeddable":true,"href":"https:\/\/dieppeclassic.net\/fr\/wp-json\/wp\/v2\/pages\/3065"}],"wp:attachment":[{"href":"https:\/\/dieppeclassic.net\/fr\/wp-json\/wp\/v2\/media?parent=3067"}],"curies":[{"name":"wp","href":"https:\/\/api.w.org\/{rel}","templated":true}]}}