{"id":3074,"date":"2021-02-03T10:56:47","date_gmt":"2021-02-03T15:56:47","guid":{"rendered":"http:\/\/dieppeclassic.net\/?page_id=3074"},"modified":"2021-02-03T11:00:14","modified_gmt":"2021-02-03T16:00:14","slug":"mentions-honorifiques-2018-19","status":"publish","type":"page","link":"https:\/\/dieppeclassic.net\/fr\/classique\/mentions-honorifiques\/mentions-honorifiques-2018-19\/","title":{"rendered":"Mentions Honorifiques 2018-19"},"content":{"rendered":"<p><span style=\"font-family: 'times new roman', times, serif;font-size: 12pt\"><strong><u>\u00c9QUIPE D&rsquo;\u00c9TOILES &#8211; F\u00c9MININ<br \/>\n<\/u><\/strong><\/span><span style=\"font-family: 'times new roman', times, serif;font-size: 12pt\">Gardienne \u2013 Camie Doucet, Louis-J.-Robichaud<br \/>\n<\/span><span style=\"font-family: 'times new roman', times, serif;font-size: 12pt\">D\u00e9fense \u2013 Aimee Clarke, Sir John A. MacDonald<br \/>\n<\/span><span style=\"font-family: 'times new roman', times, serif;font-size: 12pt\">D\u00e9fense \u2013 Julie Melanson, L\u2019Odyss\u00e9e<br \/>\n<\/span><span style=\"font-family: 'times new roman', times, serif;font-size: 12pt\">Avant \u2013 Janelle Bastarache, Mathieu-Martin<br \/>\n<\/span><span style=\"font-family: 'times new roman', times, serif;font-size: 12pt\">Avant \u2013 Melissa Laplante, Mathieu-Martin<br \/>\n<\/span><span style=\"font-family: 'times new roman', times, serif;font-size: 12pt\">Avant \u2013 Madeleine Richard, Cl\u00e9ment-Cormier<br \/>\n<\/span><span style=\"font-family: 'times new roman', times, serif;font-size: 12pt\">JOUEUSE PLUS UTILE &#8211; Madeleine Richard, Cl\u00e9ment-Cormier<\/span><\/p>\n<p><span style=\"font-family: 'times new roman', times, serif;font-size: 12pt\"><strong><u>\u00c9QUIPE D&rsquo;\u00c9TOILES &#8211; MASC.\u00a0<\/u><\/strong><strong><u>DIV I<br \/>\n<\/u><\/strong><\/span><span style=\"font-family: 'times new roman', times, serif;font-size: 12pt\">Gardien \u2013 Samuel Lavoie, Louis-J.-Robichaud<br \/>\n<\/span><span style=\"font-family: 'times new roman', times, serif;font-size: 12pt\">D\u00e9fense \u2013 Christian Richard, Mathieu-Martin<br \/>\n<\/span><span style=\"font-family: 'times new roman', times, serif;font-size: 12pt\">D\u00e9fense \u2013 Jacob Abbott, Citadel<br \/>\n<\/span><span style=\"font-family: 'times new roman', times, serif;font-size: 12pt\">Avant \u2013 Gabriel Cormier, Mathieu-Martin<br \/>\n<\/span><span style=\"font-family: 'times new roman', times, serif;font-size: 12pt\">Avant \u2013 Alexandre LeBlanc, Louis-J.-Robichaud<br \/>\n<\/span><span style=\"font-family: 'times new roman', times, serif;font-size: 12pt\">Avant \u2013 Andrew McCarron, Riverview Redmen<br \/>\n<\/span><span style=\"font-family: 'times new roman', times, serif;font-size: 12pt\">JOUEUR PLUS UTILE &#8211; Andrew McCarron, Riverview Redmen<\/span><\/p>\n<p><span style=\"font-family: 'times new roman', times, serif;font-size: 12pt\"><strong><u>\u00c9QUIPE D&rsquo;\u00c9TOILES &#8211; MASC. DIV II<br \/>\n<\/u><\/strong><\/span><span style=\"font-family: 'times new roman', times, serif;font-size: 12pt\">Gardien \u2013 Tommy Rollin, Bernice MacNaughton<br \/>\n<\/span><span style=\"font-family: 'times new roman', times, serif;font-size: 12pt\">D\u00e9fense \u2013 Austin Black, Moncton High<br \/>\n<\/span><span style=\"font-family: 'times new roman', times, serif;font-size: 12pt\">D\u00e9fense \u2013 Jacob MacDonald, Bernice MacNaughton<br \/>\n<\/span><span style=\"font-family: 'times new roman', times, serif;font-size: 12pt\">Avant \u2013 Braden Langille, Hants East<br \/>\n<\/span><span style=\"font-family: 'times new roman', times, serif;font-size: 12pt\">Avant \u2013 Ben Gledhow, Lakefield College<br \/>\n<\/span><span style=\"font-family: 'times new roman', times, serif;font-size: 12pt\">Avant \u2013 Cameron Bulmer, Moncton High<br \/>\n<\/span><span style=\"font-family: 'times new roman', times, serif;font-size: 12pt\">JOUEUR PLUS UTILE &#8211; Braden Langille, Hants East<\/span><\/p>\n<p><span style=\"font-family: 'times new roman', times, serif;font-size: 12pt\"><strong><u>H\u00c9ROS OBSCUR<br \/>\n<\/u><\/strong><\/span><span style=\"font-family: 'times new roman', times, serif;font-size: 12pt\">MASCULIN \u2013 Michael Lapierre, Moncton High<br \/>\n<\/span><span style=\"font-family: 'times new roman', times, serif;font-size: 12pt\">F\u00c9MININ \u2013 Julie Richard, L\u2019Odyss\u00e9e<\/span><\/p>\n<p><span style=\"font-family: 'times new roman', times, serif;font-size: 12pt\"><strong><u>BOURSES D&rsquo;\u00c9TUDES<br \/>\n<\/u><\/strong><\/span><span style=\"font-family: 'times new roman', times, serif;font-size: 12pt\">Jos\u00e9e LeBlanc, Cl\u00e9ment-Cormier<\/span><br \/>\n<span style=\"font-family: 'times new roman', times, serif;font-size: 12pt\">Aimee Clarke, Sir John A. MacDonald<\/span><br \/>\n<span style=\"font-family: 'times new roman', times, serif;font-size: 12pt\">Drew Somers, C.P. Allen<\/span><br \/>\n<span style=\"font-family: 'times new roman', times, serif;font-size: 12pt\">Kinnon Williams, Riverview Redmen<\/span><br \/>\n<span style=\"font-family: 'times new roman', times, serif;font-size: 12pt\">Alex Hayes, Harrison Trimble<\/span><br \/>\n<span style=\"font-family: 'times new roman', times, serif;font-size: 12pt\">Yannick Doiron, Louis-J.-Robichaud<\/span><\/p>\n","protected":false},"excerpt":{"rendered":"<p>\u00c9QUIPE D&rsquo;\u00c9TOILES &#8211; F\u00c9MININ Gardienne \u2013 Camie Doucet, Louis-J.-Robichaud D\u00e9fense \u2013 Aimee Clarke, Sir John A. MacDonald D\u00e9fense \u2013 Julie Melanson, L\u2019Odyss\u00e9e Avant \u2013 Janelle Bastarache, Mathieu-Martin Avant \u2013 Melissa Laplante, Mathieu-Martin Avant \u2013 Madeleine Richard, Cl\u00e9ment-Cormier JOUEUSE PLUS UTILE &#8211; Madeleine Richard, Cl\u00e9ment-Cormier \u00c9QUIPE D&rsquo;\u00c9TOILES &#8211; MASC.\u00a0DIV I Gardien \u2013 Samuel Lavoie, Louis-J.-Robichaud D\u00e9fense [&hellip;]<\/p>\n","protected":false},"author":253,"featured_media":0,"parent":3065,"menu_order":0,"comment_status":"closed","ping_status":"closed","template":"","meta":{"_acf_changed":false,"footnotes":""},"class_list":["post-3074","page","type-page","status-publish","hentry"],"acf":[],"yoast_head":"<!-- This site is optimized with the Yoast SEO plugin v25.7 - https:\/\/yoast.com\/wordpress\/plugins\/seo\/ -->\n<title>Mentions Honorifiques 2018-19 - Moncton&#039;s High School Hockey Classic<\/title>\n<meta name=\"robots\" content=\"index, follow, max-snippet:-1, max-image-preview:large, max-video-preview:-1\" \/>\n<link rel=\"canonical\" href=\"https:\/\/dieppeclassic.net\/fr\/classique\/mentions-honorifiques\/mentions-honorifiques-2018-19\/\" \/>\n<meta property=\"og:locale\" content=\"fr_FR\" \/>\n<meta property=\"og:type\" content=\"article\" \/>\n<meta property=\"og:title\" content=\"Mentions Honorifiques 2018-19 - Moncton&#039;s High School Hockey Classic\" \/>\n<meta property=\"og:description\" content=\"\u00c9QUIPE D&rsquo;\u00c9TOILES &#8211; F\u00c9MININ Gardienne \u2013 Camie Doucet, Louis-J.-Robichaud D\u00e9fense \u2013 Aimee Clarke, Sir John A. MacDonald D\u00e9fense \u2013 Julie Melanson, L\u2019Odyss\u00e9e Avant \u2013 Janelle Bastarache, Mathieu-Martin Avant \u2013 Melissa Laplante, Mathieu-Martin Avant \u2013 Madeleine Richard, Cl\u00e9ment-Cormier JOUEUSE PLUS UTILE &#8211; Madeleine Richard, Cl\u00e9ment-Cormier \u00c9QUIPE D&rsquo;\u00c9TOILES &#8211; MASC.\u00a0DIV I Gardien \u2013 Samuel Lavoie, Louis-J.-Robichaud D\u00e9fense [&hellip;]\" \/>\n<meta property=\"og:url\" content=\"https:\/\/dieppeclassic.net\/fr\/classique\/mentions-honorifiques\/mentions-honorifiques-2018-19\/\" \/>\n<meta property=\"og:site_name\" content=\"Moncton&#039;s High School Hockey Classic\" \/>\n<meta property=\"article:modified_time\" content=\"2021-02-03T16:00:14+00:00\" \/>\n<meta name=\"twitter:card\" content=\"summary_large_image\" \/>\n<meta name=\"twitter:label1\" content=\"Dur\u00e9e de lecture estim\u00e9e\" \/>\n\t<meta name=\"twitter:data1\" content=\"1 minute\" \/>\n<script type=\"application\/ld+json\" class=\"yoast-schema-graph\">{\"@context\":\"https:\/\/schema.org\",\"@graph\":[{\"@type\":\"WebPage\",\"@id\":\"https:\/\/dieppeclassic.net\/fr\/classique\/mentions-honorifiques\/mentions-honorifiques-2018-19\/\",\"url\":\"https:\/\/dieppeclassic.net\/fr\/classique\/mentions-honorifiques\/mentions-honorifiques-2018-19\/\",\"name\":\"Mentions Honorifiques 2018-19 - Moncton&#039;s High School Hockey Classic\",\"isPartOf\":{\"@id\":\"https:\/\/dieppeclassic.net\/#website\"},\"datePublished\":\"2021-02-03T15:56:47+00:00\",\"dateModified\":\"2021-02-03T16:00:14+00:00\",\"breadcrumb\":{\"@id\":\"https:\/\/dieppeclassic.net\/fr\/classique\/mentions-honorifiques\/mentions-honorifiques-2018-19\/#breadcrumb\"},\"inLanguage\":\"fr-FR\",\"potentialAction\":[{\"@type\":\"ReadAction\",\"target\":[\"https:\/\/dieppeclassic.net\/fr\/classique\/mentions-honorifiques\/mentions-honorifiques-2018-19\/\"]}]},{\"@type\":\"BreadcrumbList\",\"@id\":\"https:\/\/dieppeclassic.net\/fr\/classique\/mentions-honorifiques\/mentions-honorifiques-2018-19\/#breadcrumb\",\"itemListElement\":[{\"@type\":\"ListItem\",\"position\":1,\"name\":\"Accueil\",\"item\":\"https:\/\/dieppeclassic.net\/fr\/\"},{\"@type\":\"ListItem\",\"position\":2,\"name\":\"Classique\",\"item\":\"https:\/\/dieppeclassic.net\/fr\/classique\/\"},{\"@type\":\"ListItem\",\"position\":3,\"name\":\"Mentions Honorifiques\",\"item\":\"https:\/\/dieppeclassic.net\/fr\/classique\/mentions-honorifiques\/\"},{\"@type\":\"ListItem\",\"position\":4,\"name\":\"Mentions Honorifiques 2018-19\"}]},{\"@type\":\"WebSite\",\"@id\":\"https:\/\/dieppeclassic.net\/#website\",\"url\":\"https:\/\/dieppeclassic.net\/\",\"name\":\"Moncton&#039;s High School Hockey Classic\",\"description\":\"Un site utilisant Les sites de Shark M\u00e9dia &amp; Sport, template Slapshot\",\"potentialAction\":[{\"@type\":\"SearchAction\",\"target\":{\"@type\":\"EntryPoint\",\"urlTemplate\":\"https:\/\/dieppeclassic.net\/?s={search_term_string}\"},\"query-input\":{\"@type\":\"PropertyValueSpecification\",\"valueRequired\":true,\"valueName\":\"search_term_string\"}}],\"inLanguage\":\"fr-FR\"}]}<\/script>\n<!-- \/ Yoast SEO plugin. -->","yoast_head_json":{"title":"Mentions Honorifiques 2018-19 - Moncton&#039;s High School Hockey Classic","robots":{"index":"index","follow":"follow","max-snippet":"max-snippet:-1","max-image-preview":"max-image-preview:large","max-video-preview":"max-video-preview:-1"},"canonical":"https:\/\/dieppeclassic.net\/fr\/classique\/mentions-honorifiques\/mentions-honorifiques-2018-19\/","og_locale":"fr_FR","og_type":"article","og_title":"Mentions Honorifiques 2018-19 - Moncton&#039;s High School Hockey Classic","og_description":"\u00c9QUIPE D&rsquo;\u00c9TOILES &#8211; F\u00c9MININ Gardienne \u2013 Camie Doucet, Louis-J.-Robichaud D\u00e9fense \u2013 Aimee Clarke, Sir John A. MacDonald D\u00e9fense \u2013 Julie Melanson, L\u2019Odyss\u00e9e Avant \u2013 Janelle Bastarache, Mathieu-Martin Avant \u2013 Melissa Laplante, Mathieu-Martin Avant \u2013 Madeleine Richard, Cl\u00e9ment-Cormier JOUEUSE PLUS UTILE &#8211; Madeleine Richard, Cl\u00e9ment-Cormier \u00c9QUIPE D&rsquo;\u00c9TOILES &#8211; MASC.\u00a0DIV I Gardien \u2013 Samuel Lavoie, Louis-J.-Robichaud D\u00e9fense [&hellip;]","og_url":"https:\/\/dieppeclassic.net\/fr\/classique\/mentions-honorifiques\/mentions-honorifiques-2018-19\/","og_site_name":"Moncton&#039;s High School Hockey Classic","article_modified_time":"2021-02-03T16:00:14+00:00","twitter_card":"summary_large_image","twitter_misc":{"Dur\u00e9e de lecture estim\u00e9e":"1 minute"},"schema":{"@context":"https:\/\/schema.org","@graph":[{"@type":"WebPage","@id":"https:\/\/dieppeclassic.net\/fr\/classique\/mentions-honorifiques\/mentions-honorifiques-2018-19\/","url":"https:\/\/dieppeclassic.net\/fr\/classique\/mentions-honorifiques\/mentions-honorifiques-2018-19\/","name":"Mentions Honorifiques 2018-19 - Moncton&#039;s High School Hockey Classic","isPartOf":{"@id":"https:\/\/dieppeclassic.net\/#website"},"datePublished":"2021-02-03T15:56:47+00:00","dateModified":"2021-02-03T16:00:14+00:00","breadcrumb":{"@id":"https:\/\/dieppeclassic.net\/fr\/classique\/mentions-honorifiques\/mentions-honorifiques-2018-19\/#breadcrumb"},"inLanguage":"fr-FR","potentialAction":[{"@type":"ReadAction","target":["https:\/\/dieppeclassic.net\/fr\/classique\/mentions-honorifiques\/mentions-honorifiques-2018-19\/"]}]},{"@type":"BreadcrumbList","@id":"https:\/\/dieppeclassic.net\/fr\/classique\/mentions-honorifiques\/mentions-honorifiques-2018-19\/#breadcrumb","itemListElement":[{"@type":"ListItem","position":1,"name":"Accueil","item":"https:\/\/dieppeclassic.net\/fr\/"},{"@type":"ListItem","position":2,"name":"Classique","item":"https:\/\/dieppeclassic.net\/fr\/classique\/"},{"@type":"ListItem","position":3,"name":"Mentions Honorifiques","item":"https:\/\/dieppeclassic.net\/fr\/classique\/mentions-honorifiques\/"},{"@type":"ListItem","position":4,"name":"Mentions Honorifiques 2018-19"}]},{"@type":"WebSite","@id":"https:\/\/dieppeclassic.net\/#website","url":"https:\/\/dieppeclassic.net\/","name":"Moncton&#039;s High School Hockey Classic","description":"Un site utilisant Les sites de Shark M\u00e9dia &amp; Sport, template Slapshot","potentialAction":[{"@type":"SearchAction","target":{"@type":"EntryPoint","urlTemplate":"https:\/\/dieppeclassic.net\/?s={search_term_string}"},"query-input":{"@type":"PropertyValueSpecification","valueRequired":true,"valueName":"search_term_string"}}],"inLanguage":"fr-FR"}]}},"_links":{"self":[{"href":"https:\/\/dieppeclassic.net\/fr\/wp-json\/wp\/v2\/pages\/3074","targetHints":{"allow":["GET"]}}],"collection":[{"href":"https:\/\/dieppeclassic.net\/fr\/wp-json\/wp\/v2\/pages"}],"about":[{"href":"https:\/\/dieppeclassic.net\/fr\/wp-json\/wp\/v2\/types\/page"}],"author":[{"embeddable":true,"href":"https:\/\/dieppeclassic.net\/fr\/wp-json\/wp\/v2\/users\/253"}],"replies":[{"embeddable":true,"href":"https:\/\/dieppeclassic.net\/fr\/wp-json\/wp\/v2\/comments?post=3074"}],"version-history":[{"count":1,"href":"https:\/\/dieppeclassic.net\/fr\/wp-json\/wp\/v2\/pages\/3074\/revisions"}],"predecessor-version":[{"id":3075,"href":"https:\/\/dieppeclassic.net\/fr\/wp-json\/wp\/v2\/pages\/3074\/revisions\/3075"}],"up":[{"embeddable":true,"href":"https:\/\/dieppeclassic.net\/fr\/wp-json\/wp\/v2\/pages\/3065"}],"wp:attachment":[{"href":"https:\/\/dieppeclassic.net\/fr\/wp-json\/wp\/v2\/media?parent=3074"}],"curies":[{"name":"wp","href":"https:\/\/api.w.org\/{rel}","templated":true}]}}