{"id":3082,"date":"2021-02-03T13:59:32","date_gmt":"2021-02-03T18:59:32","guid":{"rendered":"http:\/\/dieppeclassic.net\/?page_id=3082"},"modified":"2021-02-03T14:02:12","modified_gmt":"2021-02-03T19:02:12","slug":"mentions-honorifiques-2017","status":"publish","type":"page","link":"https:\/\/dieppeclassic.net\/fr\/classique\/mentions-honorifiques\/mentions-honorifiques-2017\/","title":{"rendered":"Mentions Honorifiques 2017"},"content":{"rendered":"<p><span style=\"font-family: 'times new roman', times, serif;font-size: 12pt\"><strong>\u00c9QUIPE D&rsquo;\u00c9TOILES &#8211; F\u00c9MININ<br \/>\n<\/strong><\/span><span style=\"font-family: 'times new roman', times, serif;font-size: 12pt\">Gardienne &#8211; Arianne Milliard,\u00a0Cit\u00e9-des-Jeunes<br \/>\n<\/span><span style=\"font-family: 'times new roman', times, serif;font-size: 12pt\">D\u00e9fense &#8211; Monica Richard,\u00a0Cl\u00e9ment-Cormier<br \/>\n<\/span><span style=\"font-family: 'times new roman', times, serif;font-size: 12pt\">D\u00e9fense &#8211; Paskale Pineau,\u00a0Mathieu-Martin<br \/>\n<\/span><span style=\"font-family: 'times new roman', times, serif;font-size: 12pt\">Avant &#8211; Roxane Lizotte,\u00a0Cit\u00e9-des-Jeunes<br \/>\n<\/span><span style=\"font-family: 'times new roman', times, serif;font-size: 12pt\">Avant &#8211; Myl\u00e8ne Bourque,\u00a0Louis-J.-Robichaud<br \/>\n<\/span><span style=\"font-family: 'times new roman', times, serif;font-size: 12pt\">Avant &#8211;\u00a0Nadia\u00a0LeBlanc,\u00a0Mathieu-Martin<br \/>\n<\/span><span style=\"font-family: 'times new roman', times, serif;font-size: 12pt\">JOUEUSE PLUS UTILE &#8211; Monica Richard,\u00a0Cl\u00e9ment-Cormier<\/span><\/p>\n<p><span style=\"font-family: 'times new roman', times, serif;font-size: 12pt\"><strong>\u00c9QUIPE D&rsquo;\u00c9TOILES &#8211; MASC.\u00a0DIV I<br \/>\n<\/strong><\/span><span style=\"font-family: 'times new roman', times, serif;font-size: 12pt\">Gardien &#8211; Colby MacIntyre,\u00a0Leo Hayes<br \/>\n<\/span><span style=\"font-family: 'times new roman', times, serif;font-size: 12pt\">D\u00e9fense &#8211; Dominik Reid,\u00a0Fredericton High<br \/>\n<\/span><span style=\"font-family: 'times new roman', times, serif;font-size: 12pt\">D\u00e9fense &#8211; Louis-Joseph Vachon,\u00a0Mathieu-Martin<br \/>\n<\/span><span style=\"font-family: 'times new roman', times, serif;font-size: 12pt\">Avant &#8211; Johnny Chambers,\u00a0Harrison Trimble<br \/>\n<\/span><span style=\"font-family: 'times new roman', times, serif;font-size: 12pt\">Avant &#8211; Reed MacKenzie,\u00a0Leo Hayes<br \/>\n<\/span><span style=\"font-family: 'times new roman', times, serif;font-size: 12pt\">Avant &#8211; Simon Henman,\u00a0Mathieu-Martin<br \/>\n<\/span><span style=\"font-family: 'times new roman', times, serif;font-size: 12pt\">JOUEUR PLUS UTILE &#8211;\u00a0Johnny Chambers,\u00a0Harrison Trimble<\/span><\/p>\n<p><span style=\"font-family: 'times new roman', times, serif;font-size: 12pt\"><strong>\u00c9QUIPE D&rsquo;\u00c9TOILES &#8211; MASC.\u00a0DIV II<br \/>\n<\/strong><\/span><span style=\"font-family: 'times new roman', times, serif;font-size: 12pt\">Gardien &#8211; Tyson MacLeod-Hudson,\u00a0Bernice MacNaughton<br \/>\n<\/span><span style=\"font-family: 'times new roman', times, serif;font-size: 12pt\">D\u00e9fense &#8211; Nathan Denton,\u00a0Bernice MacNaughton<br \/>\n<\/span><span style=\"font-family: 'times new roman', times, serif;font-size: 12pt\">D\u00e9fense &#8211; Jack Estabrooks,\u00a0Tantramar<br \/>\n<\/span><span style=\"font-family: 'times new roman', times, serif;font-size: 12pt\">Avant &#8211; R\u00e9mi Th\u00e9riault, \u00a0L&rsquo;Odyss\u00e9e<br \/>\n<\/span><span style=\"font-family: 'times new roman', times, serif;font-size: 12pt\">Avant &#8211; James Reid,\u00a0Marie-Esther<br \/>\n<\/span><span style=\"font-family: 'times new roman', times, serif;font-size: 12pt\">Avant &#8211; Miguel Levesque,\u00a0Roland-P\u00e9pin<br \/>\n<\/span><span style=\"font-family: 'times new roman', times, serif;font-size: 12pt\">JOUEUR PLUS UTILE &#8211;\u00a0Nathan Denton,\u00a0Bernice MacNaughton<\/span><\/p>\n","protected":false},"excerpt":{"rendered":"<p>\u00c9QUIPE D&rsquo;\u00c9TOILES &#8211; F\u00c9MININ Gardienne &#8211; Arianne Milliard,\u00a0Cit\u00e9-des-Jeunes D\u00e9fense &#8211; Monica Richard,\u00a0Cl\u00e9ment-Cormier D\u00e9fense &#8211; Paskale Pineau,\u00a0Mathieu-Martin Avant &#8211; Roxane Lizotte,\u00a0Cit\u00e9-des-Jeunes Avant &#8211; Myl\u00e8ne Bourque,\u00a0Louis-J.-Robichaud Avant &#8211;\u00a0Nadia\u00a0LeBlanc,\u00a0Mathieu-Martin JOUEUSE PLUS UTILE &#8211; Monica Richard,\u00a0Cl\u00e9ment-Cormier \u00c9QUIPE D&rsquo;\u00c9TOILES &#8211; MASC.\u00a0DIV I Gardien &#8211; Colby MacIntyre,\u00a0Leo Hayes D\u00e9fense &#8211; Dominik Reid,\u00a0Fredericton High D\u00e9fense &#8211; Louis-Joseph Vachon,\u00a0Mathieu-Martin Avant &#8211; Johnny Chambers,\u00a0Harrison [&hellip;]<\/p>\n","protected":false},"author":253,"featured_media":0,"parent":3065,"menu_order":0,"comment_status":"closed","ping_status":"closed","template":"","meta":{"_acf_changed":false,"footnotes":""},"class_list":["post-3082","page","type-page","status-publish","hentry"],"acf":[],"yoast_head":"<!-- This site is optimized with the Yoast SEO plugin v25.7 - https:\/\/yoast.com\/wordpress\/plugins\/seo\/ -->\n<title>Mentions Honorifiques 2017 - Moncton&#039;s High School Hockey Classic<\/title>\n<meta name=\"robots\" content=\"index, follow, max-snippet:-1, max-image-preview:large, max-video-preview:-1\" \/>\n<link rel=\"canonical\" href=\"https:\/\/dieppeclassic.net\/fr\/classique\/mentions-honorifiques\/mentions-honorifiques-2017\/\" \/>\n<meta property=\"og:locale\" content=\"fr_FR\" \/>\n<meta property=\"og:type\" content=\"article\" \/>\n<meta property=\"og:title\" content=\"Mentions Honorifiques 2017 - Moncton&#039;s High School Hockey Classic\" \/>\n<meta property=\"og:description\" content=\"\u00c9QUIPE D&rsquo;\u00c9TOILES &#8211; F\u00c9MININ Gardienne &#8211; Arianne Milliard,\u00a0Cit\u00e9-des-Jeunes D\u00e9fense &#8211; Monica Richard,\u00a0Cl\u00e9ment-Cormier D\u00e9fense &#8211; Paskale Pineau,\u00a0Mathieu-Martin Avant &#8211; Roxane Lizotte,\u00a0Cit\u00e9-des-Jeunes Avant &#8211; Myl\u00e8ne Bourque,\u00a0Louis-J.-Robichaud Avant &#8211;\u00a0Nadia\u00a0LeBlanc,\u00a0Mathieu-Martin JOUEUSE PLUS UTILE &#8211; Monica Richard,\u00a0Cl\u00e9ment-Cormier \u00c9QUIPE D&rsquo;\u00c9TOILES &#8211; MASC.\u00a0DIV I Gardien &#8211; Colby MacIntyre,\u00a0Leo Hayes D\u00e9fense &#8211; Dominik Reid,\u00a0Fredericton High D\u00e9fense &#8211; Louis-Joseph Vachon,\u00a0Mathieu-Martin Avant &#8211; Johnny Chambers,\u00a0Harrison [&hellip;]\" \/>\n<meta property=\"og:url\" content=\"https:\/\/dieppeclassic.net\/fr\/classique\/mentions-honorifiques\/mentions-honorifiques-2017\/\" \/>\n<meta property=\"og:site_name\" content=\"Moncton&#039;s High School Hockey Classic\" \/>\n<meta property=\"article:modified_time\" content=\"2021-02-03T19:02:12+00:00\" \/>\n<meta name=\"twitter:card\" content=\"summary_large_image\" \/>\n<meta name=\"twitter:label1\" content=\"Dur\u00e9e de lecture estim\u00e9e\" \/>\n\t<meta name=\"twitter:data1\" content=\"1 minute\" \/>\n<script type=\"application\/ld+json\" class=\"yoast-schema-graph\">{\"@context\":\"https:\/\/schema.org\",\"@graph\":[{\"@type\":\"WebPage\",\"@id\":\"https:\/\/dieppeclassic.net\/fr\/classique\/mentions-honorifiques\/mentions-honorifiques-2017\/\",\"url\":\"https:\/\/dieppeclassic.net\/fr\/classique\/mentions-honorifiques\/mentions-honorifiques-2017\/\",\"name\":\"Mentions Honorifiques 2017 - Moncton&#039;s High School Hockey Classic\",\"isPartOf\":{\"@id\":\"https:\/\/dieppeclassic.net\/#website\"},\"datePublished\":\"2021-02-03T18:59:32+00:00\",\"dateModified\":\"2021-02-03T19:02:12+00:00\",\"breadcrumb\":{\"@id\":\"https:\/\/dieppeclassic.net\/fr\/classique\/mentions-honorifiques\/mentions-honorifiques-2017\/#breadcrumb\"},\"inLanguage\":\"fr-FR\",\"potentialAction\":[{\"@type\":\"ReadAction\",\"target\":[\"https:\/\/dieppeclassic.net\/fr\/classique\/mentions-honorifiques\/mentions-honorifiques-2017\/\"]}]},{\"@type\":\"BreadcrumbList\",\"@id\":\"https:\/\/dieppeclassic.net\/fr\/classique\/mentions-honorifiques\/mentions-honorifiques-2017\/#breadcrumb\",\"itemListElement\":[{\"@type\":\"ListItem\",\"position\":1,\"name\":\"Accueil\",\"item\":\"https:\/\/dieppeclassic.net\/fr\/\"},{\"@type\":\"ListItem\",\"position\":2,\"name\":\"Classique\",\"item\":\"https:\/\/dieppeclassic.net\/fr\/classique\/\"},{\"@type\":\"ListItem\",\"position\":3,\"name\":\"Mentions Honorifiques\",\"item\":\"https:\/\/dieppeclassic.net\/fr\/classique\/mentions-honorifiques\/\"},{\"@type\":\"ListItem\",\"position\":4,\"name\":\"Mentions Honorifiques 2017\"}]},{\"@type\":\"WebSite\",\"@id\":\"https:\/\/dieppeclassic.net\/#website\",\"url\":\"https:\/\/dieppeclassic.net\/\",\"name\":\"Moncton&#039;s High School Hockey Classic\",\"description\":\"Un site utilisant Les sites de Shark M\u00e9dia &amp; Sport, template Slapshot\",\"potentialAction\":[{\"@type\":\"SearchAction\",\"target\":{\"@type\":\"EntryPoint\",\"urlTemplate\":\"https:\/\/dieppeclassic.net\/?s={search_term_string}\"},\"query-input\":{\"@type\":\"PropertyValueSpecification\",\"valueRequired\":true,\"valueName\":\"search_term_string\"}}],\"inLanguage\":\"fr-FR\"}]}<\/script>\n<!-- \/ Yoast SEO plugin. -->","yoast_head_json":{"title":"Mentions Honorifiques 2017 - Moncton&#039;s High School Hockey Classic","robots":{"index":"index","follow":"follow","max-snippet":"max-snippet:-1","max-image-preview":"max-image-preview:large","max-video-preview":"max-video-preview:-1"},"canonical":"https:\/\/dieppeclassic.net\/fr\/classique\/mentions-honorifiques\/mentions-honorifiques-2017\/","og_locale":"fr_FR","og_type":"article","og_title":"Mentions Honorifiques 2017 - Moncton&#039;s High School Hockey Classic","og_description":"\u00c9QUIPE D&rsquo;\u00c9TOILES &#8211; F\u00c9MININ Gardienne &#8211; Arianne Milliard,\u00a0Cit\u00e9-des-Jeunes D\u00e9fense &#8211; Monica Richard,\u00a0Cl\u00e9ment-Cormier D\u00e9fense &#8211; Paskale Pineau,\u00a0Mathieu-Martin Avant &#8211; Roxane Lizotte,\u00a0Cit\u00e9-des-Jeunes Avant &#8211; Myl\u00e8ne Bourque,\u00a0Louis-J.-Robichaud Avant &#8211;\u00a0Nadia\u00a0LeBlanc,\u00a0Mathieu-Martin JOUEUSE PLUS UTILE &#8211; Monica Richard,\u00a0Cl\u00e9ment-Cormier \u00c9QUIPE D&rsquo;\u00c9TOILES &#8211; MASC.\u00a0DIV I Gardien &#8211; Colby MacIntyre,\u00a0Leo Hayes D\u00e9fense &#8211; Dominik Reid,\u00a0Fredericton High D\u00e9fense &#8211; Louis-Joseph Vachon,\u00a0Mathieu-Martin Avant &#8211; Johnny Chambers,\u00a0Harrison [&hellip;]","og_url":"https:\/\/dieppeclassic.net\/fr\/classique\/mentions-honorifiques\/mentions-honorifiques-2017\/","og_site_name":"Moncton&#039;s High School Hockey Classic","article_modified_time":"2021-02-03T19:02:12+00:00","twitter_card":"summary_large_image","twitter_misc":{"Dur\u00e9e de lecture estim\u00e9e":"1 minute"},"schema":{"@context":"https:\/\/schema.org","@graph":[{"@type":"WebPage","@id":"https:\/\/dieppeclassic.net\/fr\/classique\/mentions-honorifiques\/mentions-honorifiques-2017\/","url":"https:\/\/dieppeclassic.net\/fr\/classique\/mentions-honorifiques\/mentions-honorifiques-2017\/","name":"Mentions Honorifiques 2017 - Moncton&#039;s High School Hockey Classic","isPartOf":{"@id":"https:\/\/dieppeclassic.net\/#website"},"datePublished":"2021-02-03T18:59:32+00:00","dateModified":"2021-02-03T19:02:12+00:00","breadcrumb":{"@id":"https:\/\/dieppeclassic.net\/fr\/classique\/mentions-honorifiques\/mentions-honorifiques-2017\/#breadcrumb"},"inLanguage":"fr-FR","potentialAction":[{"@type":"ReadAction","target":["https:\/\/dieppeclassic.net\/fr\/classique\/mentions-honorifiques\/mentions-honorifiques-2017\/"]}]},{"@type":"BreadcrumbList","@id":"https:\/\/dieppeclassic.net\/fr\/classique\/mentions-honorifiques\/mentions-honorifiques-2017\/#breadcrumb","itemListElement":[{"@type":"ListItem","position":1,"name":"Accueil","item":"https:\/\/dieppeclassic.net\/fr\/"},{"@type":"ListItem","position":2,"name":"Classique","item":"https:\/\/dieppeclassic.net\/fr\/classique\/"},{"@type":"ListItem","position":3,"name":"Mentions Honorifiques","item":"https:\/\/dieppeclassic.net\/fr\/classique\/mentions-honorifiques\/"},{"@type":"ListItem","position":4,"name":"Mentions Honorifiques 2017"}]},{"@type":"WebSite","@id":"https:\/\/dieppeclassic.net\/#website","url":"https:\/\/dieppeclassic.net\/","name":"Moncton&#039;s High School Hockey Classic","description":"Un site utilisant Les sites de Shark M\u00e9dia &amp; Sport, template Slapshot","potentialAction":[{"@type":"SearchAction","target":{"@type":"EntryPoint","urlTemplate":"https:\/\/dieppeclassic.net\/?s={search_term_string}"},"query-input":{"@type":"PropertyValueSpecification","valueRequired":true,"valueName":"search_term_string"}}],"inLanguage":"fr-FR"}]}},"_links":{"self":[{"href":"https:\/\/dieppeclassic.net\/fr\/wp-json\/wp\/v2\/pages\/3082","targetHints":{"allow":["GET"]}}],"collection":[{"href":"https:\/\/dieppeclassic.net\/fr\/wp-json\/wp\/v2\/pages"}],"about":[{"href":"https:\/\/dieppeclassic.net\/fr\/wp-json\/wp\/v2\/types\/page"}],"author":[{"embeddable":true,"href":"https:\/\/dieppeclassic.net\/fr\/wp-json\/wp\/v2\/users\/253"}],"replies":[{"embeddable":true,"href":"https:\/\/dieppeclassic.net\/fr\/wp-json\/wp\/v2\/comments?post=3082"}],"version-history":[{"count":1,"href":"https:\/\/dieppeclassic.net\/fr\/wp-json\/wp\/v2\/pages\/3082\/revisions"}],"predecessor-version":[{"id":3083,"href":"https:\/\/dieppeclassic.net\/fr\/wp-json\/wp\/v2\/pages\/3082\/revisions\/3083"}],"up":[{"embeddable":true,"href":"https:\/\/dieppeclassic.net\/fr\/wp-json\/wp\/v2\/pages\/3065"}],"wp:attachment":[{"href":"https:\/\/dieppeclassic.net\/fr\/wp-json\/wp\/v2\/media?parent=3082"}],"curies":[{"name":"wp","href":"https:\/\/api.w.org\/{rel}","templated":true}]}}