{"id":3084,"date":"2021-02-03T15:15:38","date_gmt":"2021-02-03T20:15:38","guid":{"rendered":"http:\/\/dieppeclassic.net\/?page_id=3084"},"modified":"2021-02-03T15:15:38","modified_gmt":"2021-02-03T20:15:38","slug":"mentions-honorifiques-2015-16","status":"publish","type":"page","link":"https:\/\/dieppeclassic.net\/fr\/classique\/mentions-honorifiques\/mentions-honorifiques-2015-16\/","title":{"rendered":"Mentions Honorifiques 2015-16"},"content":{"rendered":"<p><span style=\"font-family: 'times new roman', times, serif;font-size: 12pt\"><strong>\u00c9QUIPE D&rsquo;\u00c9TOILES &#8211; F\u00c9MININ<br \/>\n<\/strong><\/span><span style=\"font-family: 'times new roman', times, serif;font-size: 12pt\">Gardienne &#8211; Megan Peterson,\u00a0Fredericton High<br \/>\n<\/span><span style=\"font-family: 'times new roman', times, serif;font-size: 12pt\">D\u00e9fense &#8211; Marlee Miller,\u00a0Auburn<br \/>\n<\/span><span style=\"font-family: 'times new roman', times, serif;font-size: 12pt\">D\u00e9fense &#8211; Yasmine Jaillet,\u00a0Cl\u00e9ment-Cormier<br \/>\n<\/span><span style=\"font-family: 'times new roman', times, serif;font-size: 12pt\">Avant &#8211; Janika Boucher,\u00a0Cl\u00e9ment-Cormier<br \/>\n<\/span><span style=\"font-family: 'times new roman', times, serif;font-size: 12pt\">Avant &#8211; Nadia\u00a0LeBlanc,\u00a0Mathieu-Martin<br \/>\n<\/span><span style=\"font-family: 'times new roman', times, serif;font-size: 12pt\">Avant &#8211; Emma Dow,\u00a0Fredericton High<br \/>\n<\/span><span style=\"font-family: 'times new roman', times, serif;font-size: 12pt\">JOUEUSE PLUS UTILE &#8211; Janika Boucher,\u00a0Cl\u00e9ment-Cormier<\/span><\/p>\n<p><span style=\"font-family: 'times new roman', times, serif;font-size: 12pt\"><strong>\u00c9QUIPE D&rsquo;\u00c9TOILES &#8211; MASC.\u00a0DIV I<br \/>\n<\/strong><\/span><span style=\"font-family: 'times new roman', times, serif;font-size: 12pt\">Gardien &#8211; Alex Roussel,\u00a0W-A-Losier<br \/>\n<\/span><span style=\"font-family: 'times new roman', times, serif;font-size: 12pt\">D\u00e9fense &#8211; Michel Savoie,\u00a0W-A-Losier<br \/>\n<\/span><span style=\"font-family: 'times new roman', times, serif;font-size: 12pt\">D\u00e9fense &#8211; Nathan Denton,\u00a0Bernice MacNaughton<br \/>\n<\/span><span style=\"font-family: 'times new roman', times, serif;font-size: 12pt\">Avant &#8211; Connor Hayes,\u00a0Harrison Trimble<br \/>\n<\/span><span style=\"font-family: 'times new roman', times, serif;font-size: 12pt\">Avant &#8211; Simon Malenfant,\u00a0W-A-Losier<br \/>\n<\/span><span style=\"font-family: 'times new roman', times, serif;font-size: 12pt\">Avant &#8211; Nash Smith,\u00a0Bernice MacNaughton<br \/>\n<\/span><span style=\"font-family: 'times new roman', times, serif;font-size: 12pt\">JOUEUR PLUS UTILE &#8211; Michel Savoie,\u00a0W-A-Losier<\/span><\/p>\n<p><span style=\"font-family: 'times new roman', times, serif;font-size: 12pt\"><strong>\u00c9QUIPE D&rsquo;\u00c9TOILES &#8211; MASC.\u00a0DIV II<br \/>\n<\/strong><\/span><span style=\"font-family: 'times new roman', times, serif;font-size: 12pt\">Gardien &#8211; Sam Tower,\u00a0Tantramar<br \/>\n<\/span><span style=\"font-family: 'times new roman', times, serif;font-size: 12pt\">D\u00e9fense &#8211; Samuel Gaudet,\u00a0Louis-Mailloux<br \/>\n<\/span><span style=\"font-family: 'times new roman', times, serif;font-size: 12pt\">D\u00e9fense &#8211; Zach Gould,\u00a0Riverview High<br \/>\n<\/span><span style=\"font-family: 'times new roman', times, serif;font-size: 12pt\">Avant &#8211; Brady Saunders, \u00a0Moncton High<br \/>\n<\/span><span style=\"font-family: 'times new roman', times, serif;font-size: 12pt\">Avant &#8211; Ian Lanteigne,\u00a0Louis-Mailloux<br \/>\n<\/span><span style=\"font-family: 'times new roman', times, serif;font-size: 12pt\">Avant &#8211; Maxime Savoie,\u00a0Roland-P\u00e9pin<br \/>\n<\/span><span style=\"font-family: 'times new roman', times, serif;font-size: 12pt\">JOUEUR PLUS UTILE &#8211; Sam Tower,\u00a0Tantramar<\/span><\/p>\n<p><span style=\"font-family: 'times new roman', times, serif;font-size: 12pt\"><strong>COMP\u00c9TITION D&rsquo;HABILET\u00c9 GRECO<br \/>\n<\/strong><\/span><span style=\"font-family: 'times new roman', times, serif;font-size: 12pt\">MASCULIN &#8211;\u00a0Louis-Mailloux<br \/>\n<\/span><span style=\"font-family: 'times new roman', times, serif;font-size: 12pt\">F\u00c9MININ &#8211;\u00a0Fredericton High<\/span><\/p>\n<p><span style=\"font-family: 'times new roman', times, serif;font-size: 12pt\"><strong>H\u00c9ROS OBSCUR<br \/>\n<\/strong><\/span><span style=\"font-family: 'times new roman', times, serif;font-size: 12pt\">MASCULIN\u00a0&#8211; Jeff MacKinnon,\u00a0Sydney Academy<br \/>\n<\/span><span style=\"font-family: 'times new roman', times, serif;font-size: 12pt\">F\u00c9MININ\u00a0&#8211; Kathleen Hogan,\u00a0Fredericton High<\/span><\/p>\n<p><span style=\"font-family: 'times new roman', times, serif;font-size: 12pt\"><strong>BOURSES D&rsquo;\u00c9TUDES<br \/>\n<\/strong><\/span><span style=\"font-family: 'times new roman', times, serif;font-size: 12pt\">Mich\u00e8le-Jos\u00e9e Arsenault,\u00a0Louis-J-Robichaud<br \/>\n<\/span><span style=\"font-family: 'times new roman', times, serif;font-size: 12pt\">Jared Kerr,\u00a0Rothesay High<br \/>\n<\/span><span style=\"font-family: 'times new roman', times, serif;font-size: 12pt\">Gabriel LeBlanc,\u00a0L&rsquo;Odyss\u00e9e<\/span><\/p>\n","protected":false},"excerpt":{"rendered":"<p>\u00c9QUIPE D&rsquo;\u00c9TOILES &#8211; F\u00c9MININ Gardienne &#8211; Megan Peterson,\u00a0Fredericton High D\u00e9fense &#8211; Marlee Miller,\u00a0Auburn D\u00e9fense &#8211; Yasmine Jaillet,\u00a0Cl\u00e9ment-Cormier Avant &#8211; Janika Boucher,\u00a0Cl\u00e9ment-Cormier Avant &#8211; Nadia\u00a0LeBlanc,\u00a0Mathieu-Martin Avant &#8211; Emma Dow,\u00a0Fredericton High JOUEUSE PLUS UTILE &#8211; Janika Boucher,\u00a0Cl\u00e9ment-Cormier \u00c9QUIPE D&rsquo;\u00c9TOILES &#8211; MASC.\u00a0DIV I Gardien &#8211; Alex Roussel,\u00a0W-A-Losier D\u00e9fense &#8211; Michel Savoie,\u00a0W-A-Losier D\u00e9fense &#8211; Nathan Denton,\u00a0Bernice MacNaughton Avant &#8211; [&hellip;]<\/p>\n","protected":false},"author":253,"featured_media":0,"parent":3065,"menu_order":0,"comment_status":"closed","ping_status":"closed","template":"","meta":{"_acf_changed":false,"footnotes":""},"class_list":["post-3084","page","type-page","status-publish","hentry"],"acf":[],"yoast_head":"<!-- This site is optimized with the Yoast SEO plugin v25.7 - https:\/\/yoast.com\/wordpress\/plugins\/seo\/ -->\n<title>Mentions Honorifiques 2015-16 - Moncton&#039;s High School Hockey Classic<\/title>\n<meta name=\"robots\" content=\"index, follow, max-snippet:-1, max-image-preview:large, max-video-preview:-1\" \/>\n<link rel=\"canonical\" href=\"https:\/\/dieppeclassic.net\/fr\/classique\/mentions-honorifiques\/mentions-honorifiques-2015-16\/\" \/>\n<meta property=\"og:locale\" content=\"fr_FR\" \/>\n<meta property=\"og:type\" content=\"article\" \/>\n<meta property=\"og:title\" content=\"Mentions Honorifiques 2015-16 - Moncton&#039;s High School Hockey Classic\" \/>\n<meta property=\"og:description\" content=\"\u00c9QUIPE D&rsquo;\u00c9TOILES &#8211; F\u00c9MININ Gardienne &#8211; Megan Peterson,\u00a0Fredericton High D\u00e9fense &#8211; Marlee Miller,\u00a0Auburn D\u00e9fense &#8211; Yasmine Jaillet,\u00a0Cl\u00e9ment-Cormier Avant &#8211; Janika Boucher,\u00a0Cl\u00e9ment-Cormier Avant &#8211; Nadia\u00a0LeBlanc,\u00a0Mathieu-Martin Avant &#8211; Emma Dow,\u00a0Fredericton High JOUEUSE PLUS UTILE &#8211; Janika Boucher,\u00a0Cl\u00e9ment-Cormier \u00c9QUIPE D&rsquo;\u00c9TOILES &#8211; MASC.\u00a0DIV I Gardien &#8211; Alex Roussel,\u00a0W-A-Losier D\u00e9fense &#8211; Michel Savoie,\u00a0W-A-Losier D\u00e9fense &#8211; Nathan Denton,\u00a0Bernice MacNaughton Avant &#8211; [&hellip;]\" \/>\n<meta property=\"og:url\" content=\"https:\/\/dieppeclassic.net\/fr\/classique\/mentions-honorifiques\/mentions-honorifiques-2015-16\/\" \/>\n<meta property=\"og:site_name\" content=\"Moncton&#039;s High School Hockey Classic\" \/>\n<meta name=\"twitter:card\" content=\"summary_large_image\" \/>\n<meta name=\"twitter:label1\" content=\"Dur\u00e9e de lecture estim\u00e9e\" \/>\n\t<meta name=\"twitter:data1\" content=\"1 minute\" \/>\n<script type=\"application\/ld+json\" class=\"yoast-schema-graph\">{\"@context\":\"https:\/\/schema.org\",\"@graph\":[{\"@type\":\"WebPage\",\"@id\":\"https:\/\/dieppeclassic.net\/fr\/classique\/mentions-honorifiques\/mentions-honorifiques-2015-16\/\",\"url\":\"https:\/\/dieppeclassic.net\/fr\/classique\/mentions-honorifiques\/mentions-honorifiques-2015-16\/\",\"name\":\"Mentions Honorifiques 2015-16 - Moncton&#039;s High School Hockey Classic\",\"isPartOf\":{\"@id\":\"https:\/\/dieppeclassic.net\/#website\"},\"datePublished\":\"2021-02-03T20:15:38+00:00\",\"breadcrumb\":{\"@id\":\"https:\/\/dieppeclassic.net\/fr\/classique\/mentions-honorifiques\/mentions-honorifiques-2015-16\/#breadcrumb\"},\"inLanguage\":\"fr-FR\",\"potentialAction\":[{\"@type\":\"ReadAction\",\"target\":[\"https:\/\/dieppeclassic.net\/fr\/classique\/mentions-honorifiques\/mentions-honorifiques-2015-16\/\"]}]},{\"@type\":\"BreadcrumbList\",\"@id\":\"https:\/\/dieppeclassic.net\/fr\/classique\/mentions-honorifiques\/mentions-honorifiques-2015-16\/#breadcrumb\",\"itemListElement\":[{\"@type\":\"ListItem\",\"position\":1,\"name\":\"Accueil\",\"item\":\"https:\/\/dieppeclassic.net\/fr\/\"},{\"@type\":\"ListItem\",\"position\":2,\"name\":\"Classique\",\"item\":\"https:\/\/dieppeclassic.net\/fr\/classique\/\"},{\"@type\":\"ListItem\",\"position\":3,\"name\":\"Mentions Honorifiques\",\"item\":\"https:\/\/dieppeclassic.net\/fr\/classique\/mentions-honorifiques\/\"},{\"@type\":\"ListItem\",\"position\":4,\"name\":\"Mentions Honorifiques 2015-16\"}]},{\"@type\":\"WebSite\",\"@id\":\"https:\/\/dieppeclassic.net\/#website\",\"url\":\"https:\/\/dieppeclassic.net\/\",\"name\":\"Moncton&#039;s High School Hockey Classic\",\"description\":\"Un site utilisant Les sites de Shark M\u00e9dia &amp; Sport, template Slapshot\",\"potentialAction\":[{\"@type\":\"SearchAction\",\"target\":{\"@type\":\"EntryPoint\",\"urlTemplate\":\"https:\/\/dieppeclassic.net\/?s={search_term_string}\"},\"query-input\":{\"@type\":\"PropertyValueSpecification\",\"valueRequired\":true,\"valueName\":\"search_term_string\"}}],\"inLanguage\":\"fr-FR\"}]}<\/script>\n<!-- \/ Yoast SEO plugin. -->","yoast_head_json":{"title":"Mentions Honorifiques 2015-16 - Moncton&#039;s High School Hockey Classic","robots":{"index":"index","follow":"follow","max-snippet":"max-snippet:-1","max-image-preview":"max-image-preview:large","max-video-preview":"max-video-preview:-1"},"canonical":"https:\/\/dieppeclassic.net\/fr\/classique\/mentions-honorifiques\/mentions-honorifiques-2015-16\/","og_locale":"fr_FR","og_type":"article","og_title":"Mentions Honorifiques 2015-16 - Moncton&#039;s High School Hockey Classic","og_description":"\u00c9QUIPE D&rsquo;\u00c9TOILES &#8211; F\u00c9MININ Gardienne &#8211; Megan Peterson,\u00a0Fredericton High D\u00e9fense &#8211; Marlee Miller,\u00a0Auburn D\u00e9fense &#8211; Yasmine Jaillet,\u00a0Cl\u00e9ment-Cormier Avant &#8211; Janika Boucher,\u00a0Cl\u00e9ment-Cormier Avant &#8211; Nadia\u00a0LeBlanc,\u00a0Mathieu-Martin Avant &#8211; Emma Dow,\u00a0Fredericton High JOUEUSE PLUS UTILE &#8211; Janika Boucher,\u00a0Cl\u00e9ment-Cormier \u00c9QUIPE D&rsquo;\u00c9TOILES &#8211; MASC.\u00a0DIV I Gardien &#8211; Alex Roussel,\u00a0W-A-Losier D\u00e9fense &#8211; Michel Savoie,\u00a0W-A-Losier D\u00e9fense &#8211; Nathan Denton,\u00a0Bernice MacNaughton Avant &#8211; [&hellip;]","og_url":"https:\/\/dieppeclassic.net\/fr\/classique\/mentions-honorifiques\/mentions-honorifiques-2015-16\/","og_site_name":"Moncton&#039;s High School Hockey Classic","twitter_card":"summary_large_image","twitter_misc":{"Dur\u00e9e de lecture estim\u00e9e":"1 minute"},"schema":{"@context":"https:\/\/schema.org","@graph":[{"@type":"WebPage","@id":"https:\/\/dieppeclassic.net\/fr\/classique\/mentions-honorifiques\/mentions-honorifiques-2015-16\/","url":"https:\/\/dieppeclassic.net\/fr\/classique\/mentions-honorifiques\/mentions-honorifiques-2015-16\/","name":"Mentions Honorifiques 2015-16 - Moncton&#039;s High School Hockey Classic","isPartOf":{"@id":"https:\/\/dieppeclassic.net\/#website"},"datePublished":"2021-02-03T20:15:38+00:00","breadcrumb":{"@id":"https:\/\/dieppeclassic.net\/fr\/classique\/mentions-honorifiques\/mentions-honorifiques-2015-16\/#breadcrumb"},"inLanguage":"fr-FR","potentialAction":[{"@type":"ReadAction","target":["https:\/\/dieppeclassic.net\/fr\/classique\/mentions-honorifiques\/mentions-honorifiques-2015-16\/"]}]},{"@type":"BreadcrumbList","@id":"https:\/\/dieppeclassic.net\/fr\/classique\/mentions-honorifiques\/mentions-honorifiques-2015-16\/#breadcrumb","itemListElement":[{"@type":"ListItem","position":1,"name":"Accueil","item":"https:\/\/dieppeclassic.net\/fr\/"},{"@type":"ListItem","position":2,"name":"Classique","item":"https:\/\/dieppeclassic.net\/fr\/classique\/"},{"@type":"ListItem","position":3,"name":"Mentions Honorifiques","item":"https:\/\/dieppeclassic.net\/fr\/classique\/mentions-honorifiques\/"},{"@type":"ListItem","position":4,"name":"Mentions Honorifiques 2015-16"}]},{"@type":"WebSite","@id":"https:\/\/dieppeclassic.net\/#website","url":"https:\/\/dieppeclassic.net\/","name":"Moncton&#039;s High School Hockey Classic","description":"Un site utilisant Les sites de Shark M\u00e9dia &amp; Sport, template Slapshot","potentialAction":[{"@type":"SearchAction","target":{"@type":"EntryPoint","urlTemplate":"https:\/\/dieppeclassic.net\/?s={search_term_string}"},"query-input":{"@type":"PropertyValueSpecification","valueRequired":true,"valueName":"search_term_string"}}],"inLanguage":"fr-FR"}]}},"_links":{"self":[{"href":"https:\/\/dieppeclassic.net\/fr\/wp-json\/wp\/v2\/pages\/3084","targetHints":{"allow":["GET"]}}],"collection":[{"href":"https:\/\/dieppeclassic.net\/fr\/wp-json\/wp\/v2\/pages"}],"about":[{"href":"https:\/\/dieppeclassic.net\/fr\/wp-json\/wp\/v2\/types\/page"}],"author":[{"embeddable":true,"href":"https:\/\/dieppeclassic.net\/fr\/wp-json\/wp\/v2\/users\/253"}],"replies":[{"embeddable":true,"href":"https:\/\/dieppeclassic.net\/fr\/wp-json\/wp\/v2\/comments?post=3084"}],"version-history":[{"count":1,"href":"https:\/\/dieppeclassic.net\/fr\/wp-json\/wp\/v2\/pages\/3084\/revisions"}],"predecessor-version":[{"id":3085,"href":"https:\/\/dieppeclassic.net\/fr\/wp-json\/wp\/v2\/pages\/3084\/revisions\/3085"}],"up":[{"embeddable":true,"href":"https:\/\/dieppeclassic.net\/fr\/wp-json\/wp\/v2\/pages\/3065"}],"wp:attachment":[{"href":"https:\/\/dieppeclassic.net\/fr\/wp-json\/wp\/v2\/media?parent=3084"}],"curies":[{"name":"wp","href":"https:\/\/api.w.org\/{rel}","templated":true}]}}