{"id":3092,"date":"2021-02-03T19:02:28","date_gmt":"2021-02-04T00:02:28","guid":{"rendered":"http:\/\/dieppeclassic.net\/?page_id=3092"},"modified":"2021-02-03T19:02:28","modified_gmt":"2021-02-04T00:02:28","slug":"mentions-honorifiques-2014","status":"publish","type":"page","link":"https:\/\/dieppeclassic.net\/fr\/classique\/mentions-honorifiques\/mentions-honorifiques-2014\/","title":{"rendered":"Mentions Honorifiques 2014"},"content":{"rendered":"<p><span style=\"font-family: 'times new roman', times, serif;font-size: 12pt\"><strong>\u00c9QUIPE D&rsquo;\u00c9TOILES &#8211; F\u00c9MININ<br \/>\n<\/strong><\/span><span style=\"font-family: 'times new roman', times, serif;font-size: 12pt\">Gardienne &#8211; Cassandra Bastarache, Cl\u00e9ment-Cormier<br \/>\n<\/span><span style=\"font-family: 'times new roman', times, serif;font-size: 12pt\">D\u00e9fense &#8211; Courtney Cormier, Cl\u00e9ment-Cormier<br \/>\n<\/span><span style=\"font-family: 'times new roman', times, serif;font-size: 12pt\">D\u00e9fense &#8211; Lindsey Donovan, Miramichi Valley<br \/>\n<\/span><span style=\"font-family: 'times new roman', times, serif;font-size: 12pt\">Avant &#8211; Erica Kelly, King&rsquo;s-Edgehill<br \/>\n<\/span><span style=\"font-family: 'times new roman', times, serif;font-size: 12pt\">Avant &#8211; Shelby Foran, Miramichi Valley<br \/>\n<\/span><span style=\"font-family: 'times new roman', times, serif;font-size: 12pt\">Avant &#8211; No\u00e9mie Chiasson, W-A-Losier<br \/>\n<\/span><span style=\"font-family: 'times new roman', times, serif;font-size: 12pt\">JOUEUSE PLUS UTILE &#8211; Shelby Foran, Miramichi Valley<\/span><\/p>\n<p><span style=\"font-family: 'times new roman', times, serif;font-size: 12pt\"><strong>\u00c9QUIPE D&rsquo;\u00c9TOILES &#8211; MASC.\u00a0DIV I<br \/>\n<\/strong><\/span><span style=\"font-family: 'times new roman', times, serif;font-size: 12pt\">Gardien &#8211; Pierrick Heudes, L&rsquo;Odyss\u00e9e<br \/>\n<\/span><span style=\"font-family: 'times new roman', times, serif;font-size: 12pt\">D\u00e9fense &#8211; Nick Billard, Millwood<br \/>\n<\/span><span style=\"font-family: 'times new roman', times, serif;font-size: 12pt\">D\u00e9fense &#8211; Jean-Fran\u00e7ois Rousselle, W-A-Losier<br \/>\n<\/span><span style=\"font-family: 'times new roman', times, serif;font-size: 12pt\">Avant &#8211; Philippe-Alexis Vachon, Mathieu-Martin<br \/>\n<\/span><span style=\"font-family: 'times new roman', times, serif;font-size: 12pt\">Avant &#8211; Adam Downey, Moncton High<br \/>\n<\/span><span style=\"font-family: 'times new roman', times, serif;font-size: 12pt\">Avant &#8211; Jessey Aub\u00e9-Roy, N\u00e9pisiguit (ESN)<br \/>\n<\/span><span style=\"font-family: 'times new roman', times, serif;font-size: 12pt\">JOUEUR PLUS UTILE &#8211; Adam Downey, Moncton High<\/span><\/p>\n<p><span style=\"font-family: 'times new roman', times, serif;font-size: 12pt\"><strong>\u00c9QUIPE D&rsquo;\u00c9TOILES &#8211; MASC.\u00a0DIV II<br \/>\n<\/strong><\/span><span style=\"font-family: 'times new roman', times, serif;font-size: 12pt\">Gardien &#8211; Gavin Dykeman, Bernice MacNaughton<br \/>\n<\/span><span style=\"font-family: 'times new roman', times, serif;font-size: 12pt\">D\u00e9fense &#8211; Jerod Pennell, Hants East<br \/>\n<\/span><span style=\"font-family: 'times new roman', times, serif;font-size: 12pt\">D\u00e9fense &#8211; Joe Harris, Park View<br \/>\n<\/span><span style=\"font-family: 'times new roman', times, serif;font-size: 12pt\">Avant &#8211; Trayvon MacLeod, \u00a0Hants East<br \/>\n<\/span><span style=\"font-family: 'times new roman', times, serif;font-size: 12pt\">Avant &#8211; Brandon Coulombe, Roland-P\u00e9pin<br \/>\n<\/span><span style=\"font-family: 'times new roman', times, serif;font-size: 12pt\">Avant &#8211; Randy White, St. Malachy&rsquo;s<br \/>\n<\/span><span style=\"font-family: 'times new roman', times, serif;font-size: 12pt\">JOUEUR PLUS UTILE &#8211; Trayvon MacLeod, Hants East<\/span><\/p>\n<p><span style=\"font-family: 'times new roman', times, serif;font-size: 12pt\"><strong>COMP\u00c9TITION D&rsquo;HABILET\u00c9 GRECO<br \/>\n<\/strong><\/span><span style=\"font-family: 'times new roman', times, serif;font-size: 12pt\">MASCULIN &#8211; Mathieu-Martin<br \/>\n<\/span><span style=\"font-family: 'times new roman', times, serif;font-size: 12pt\">F\u00c9MININ &#8211; W-A-Losier<\/span><\/p>\n<p><span style=\"font-family: 'times new roman', times, serif;font-size: 12pt\"><strong>H\u00c9ROS OBSCUR<br \/>\n<\/strong><\/span><span style=\"font-family: 'times new roman', times, serif;font-size: 12pt\">MASCULIN\u00a0&#8211; Kyle Taylor, Harrison Trimble<br \/>\n<\/span><span style=\"font-family: 'times new roman', times, serif;font-size: 12pt\">F\u00c9MININ\u00a0&#8211; Ma\u00efka Martin, Cl\u00e9ment-Cormier<\/span><\/p>\n<p><span style=\"font-family: 'times new roman', times, serif;font-size: 12pt\"><strong>L&rsquo;\u00c9QUIPE AVEC LE MEILLEUR ESPRIT SPORTIF<br \/>\n<\/strong><\/span><span style=\"font-family: 'times new roman', times, serif;font-size: 12pt\">Mathieu-Martin (F\u00e9minin)<\/span><\/p>\n<p><span style=\"font-family: 'times new roman', times, serif;font-size: 12pt\"><strong>BOURSES D&rsquo;\u00c9TUDES<br \/>\n<\/strong><\/span><span style=\"font-family: 'times new roman', times, serif;font-size: 12pt\">Allison Burke, Auburn<br \/>\n<\/span><span style=\"font-family: 'times new roman', times, serif;font-size: 12pt\">Monica Gallant, L&rsquo;Odyss\u00e9e<br \/>\n<\/span><span style=\"font-family: 'times new roman', times, serif;font-size: 12pt\">Connor Jordan, Dalbrae<br \/>\n<\/span><span style=\"font-family: 'times new roman', times, serif;font-size: 12pt\">Maxime Michaud, Louis-J-Robichaud<br \/>\n<\/span><span style=\"font-family: 'times new roman', times, serif;font-size: 12pt\">Angus MacIntosh, Riverview High<br \/>\n<\/span><span style=\"font-family: 'times new roman', times, serif;font-size: 12pt\">Brandon Coulombe, Northeast Kings<\/span><\/p>\n","protected":false},"excerpt":{"rendered":"<p>\u00c9QUIPE D&rsquo;\u00c9TOILES &#8211; F\u00c9MININ Gardienne &#8211; Cassandra Bastarache, Cl\u00e9ment-Cormier D\u00e9fense &#8211; Courtney Cormier, Cl\u00e9ment-Cormier D\u00e9fense &#8211; Lindsey Donovan, Miramichi Valley Avant &#8211; Erica Kelly, King&rsquo;s-Edgehill Avant &#8211; Shelby Foran, Miramichi Valley Avant &#8211; No\u00e9mie Chiasson, W-A-Losier JOUEUSE PLUS UTILE &#8211; Shelby Foran, Miramichi Valley \u00c9QUIPE D&rsquo;\u00c9TOILES &#8211; MASC.\u00a0DIV I Gardien &#8211; Pierrick Heudes, L&rsquo;Odyss\u00e9e D\u00e9fense [&hellip;]<\/p>\n","protected":false},"author":253,"featured_media":0,"parent":3065,"menu_order":0,"comment_status":"closed","ping_status":"closed","template":"","meta":{"_acf_changed":false,"footnotes":""},"class_list":["post-3092","page","type-page","status-publish","hentry"],"acf":[],"yoast_head":"<!-- This site is optimized with the Yoast SEO plugin v25.7 - https:\/\/yoast.com\/wordpress\/plugins\/seo\/ -->\n<title>Mentions Honorifiques 2014 - Moncton&#039;s High School Hockey Classic<\/title>\n<meta name=\"robots\" content=\"index, follow, max-snippet:-1, max-image-preview:large, max-video-preview:-1\" \/>\n<link rel=\"canonical\" href=\"https:\/\/dieppeclassic.net\/fr\/classique\/mentions-honorifiques\/mentions-honorifiques-2014\/\" \/>\n<meta property=\"og:locale\" content=\"fr_FR\" \/>\n<meta property=\"og:type\" content=\"article\" \/>\n<meta property=\"og:title\" content=\"Mentions Honorifiques 2014 - Moncton&#039;s High School Hockey Classic\" \/>\n<meta property=\"og:description\" content=\"\u00c9QUIPE D&rsquo;\u00c9TOILES &#8211; F\u00c9MININ Gardienne &#8211; Cassandra Bastarache, Cl\u00e9ment-Cormier D\u00e9fense &#8211; Courtney Cormier, Cl\u00e9ment-Cormier D\u00e9fense &#8211; Lindsey Donovan, Miramichi Valley Avant &#8211; Erica Kelly, King&rsquo;s-Edgehill Avant &#8211; Shelby Foran, Miramichi Valley Avant &#8211; No\u00e9mie Chiasson, W-A-Losier JOUEUSE PLUS UTILE &#8211; Shelby Foran, Miramichi Valley \u00c9QUIPE D&rsquo;\u00c9TOILES &#8211; MASC.\u00a0DIV I Gardien &#8211; Pierrick Heudes, L&rsquo;Odyss\u00e9e D\u00e9fense [&hellip;]\" \/>\n<meta property=\"og:url\" content=\"https:\/\/dieppeclassic.net\/fr\/classique\/mentions-honorifiques\/mentions-honorifiques-2014\/\" \/>\n<meta property=\"og:site_name\" content=\"Moncton&#039;s High School Hockey Classic\" \/>\n<meta name=\"twitter:card\" content=\"summary_large_image\" \/>\n<meta name=\"twitter:label1\" content=\"Dur\u00e9e de lecture estim\u00e9e\" \/>\n\t<meta name=\"twitter:data1\" content=\"1 minute\" \/>\n<script type=\"application\/ld+json\" class=\"yoast-schema-graph\">{\"@context\":\"https:\/\/schema.org\",\"@graph\":[{\"@type\":\"WebPage\",\"@id\":\"https:\/\/dieppeclassic.net\/fr\/classique\/mentions-honorifiques\/mentions-honorifiques-2014\/\",\"url\":\"https:\/\/dieppeclassic.net\/fr\/classique\/mentions-honorifiques\/mentions-honorifiques-2014\/\",\"name\":\"Mentions Honorifiques 2014 - Moncton&#039;s High School Hockey Classic\",\"isPartOf\":{\"@id\":\"https:\/\/dieppeclassic.net\/#website\"},\"datePublished\":\"2021-02-04T00:02:28+00:00\",\"breadcrumb\":{\"@id\":\"https:\/\/dieppeclassic.net\/fr\/classique\/mentions-honorifiques\/mentions-honorifiques-2014\/#breadcrumb\"},\"inLanguage\":\"fr-FR\",\"potentialAction\":[{\"@type\":\"ReadAction\",\"target\":[\"https:\/\/dieppeclassic.net\/fr\/classique\/mentions-honorifiques\/mentions-honorifiques-2014\/\"]}]},{\"@type\":\"BreadcrumbList\",\"@id\":\"https:\/\/dieppeclassic.net\/fr\/classique\/mentions-honorifiques\/mentions-honorifiques-2014\/#breadcrumb\",\"itemListElement\":[{\"@type\":\"ListItem\",\"position\":1,\"name\":\"Accueil\",\"item\":\"https:\/\/dieppeclassic.net\/fr\/\"},{\"@type\":\"ListItem\",\"position\":2,\"name\":\"Classique\",\"item\":\"https:\/\/dieppeclassic.net\/fr\/classique\/\"},{\"@type\":\"ListItem\",\"position\":3,\"name\":\"Mentions Honorifiques\",\"item\":\"https:\/\/dieppeclassic.net\/fr\/classique\/mentions-honorifiques\/\"},{\"@type\":\"ListItem\",\"position\":4,\"name\":\"Mentions Honorifiques 2014\"}]},{\"@type\":\"WebSite\",\"@id\":\"https:\/\/dieppeclassic.net\/#website\",\"url\":\"https:\/\/dieppeclassic.net\/\",\"name\":\"Moncton&#039;s High School Hockey Classic\",\"description\":\"Un site utilisant Les sites de Shark M\u00e9dia &amp; Sport, template Slapshot\",\"potentialAction\":[{\"@type\":\"SearchAction\",\"target\":{\"@type\":\"EntryPoint\",\"urlTemplate\":\"https:\/\/dieppeclassic.net\/?s={search_term_string}\"},\"query-input\":{\"@type\":\"PropertyValueSpecification\",\"valueRequired\":true,\"valueName\":\"search_term_string\"}}],\"inLanguage\":\"fr-FR\"}]}<\/script>\n<!-- \/ Yoast SEO plugin. -->","yoast_head_json":{"title":"Mentions Honorifiques 2014 - Moncton&#039;s High School Hockey Classic","robots":{"index":"index","follow":"follow","max-snippet":"max-snippet:-1","max-image-preview":"max-image-preview:large","max-video-preview":"max-video-preview:-1"},"canonical":"https:\/\/dieppeclassic.net\/fr\/classique\/mentions-honorifiques\/mentions-honorifiques-2014\/","og_locale":"fr_FR","og_type":"article","og_title":"Mentions Honorifiques 2014 - Moncton&#039;s High School Hockey Classic","og_description":"\u00c9QUIPE D&rsquo;\u00c9TOILES &#8211; F\u00c9MININ Gardienne &#8211; Cassandra Bastarache, Cl\u00e9ment-Cormier D\u00e9fense &#8211; Courtney Cormier, Cl\u00e9ment-Cormier D\u00e9fense &#8211; Lindsey Donovan, Miramichi Valley Avant &#8211; Erica Kelly, King&rsquo;s-Edgehill Avant &#8211; Shelby Foran, Miramichi Valley Avant &#8211; No\u00e9mie Chiasson, W-A-Losier JOUEUSE PLUS UTILE &#8211; Shelby Foran, Miramichi Valley \u00c9QUIPE D&rsquo;\u00c9TOILES &#8211; MASC.\u00a0DIV I Gardien &#8211; Pierrick Heudes, L&rsquo;Odyss\u00e9e D\u00e9fense [&hellip;]","og_url":"https:\/\/dieppeclassic.net\/fr\/classique\/mentions-honorifiques\/mentions-honorifiques-2014\/","og_site_name":"Moncton&#039;s High School Hockey Classic","twitter_card":"summary_large_image","twitter_misc":{"Dur\u00e9e de lecture estim\u00e9e":"1 minute"},"schema":{"@context":"https:\/\/schema.org","@graph":[{"@type":"WebPage","@id":"https:\/\/dieppeclassic.net\/fr\/classique\/mentions-honorifiques\/mentions-honorifiques-2014\/","url":"https:\/\/dieppeclassic.net\/fr\/classique\/mentions-honorifiques\/mentions-honorifiques-2014\/","name":"Mentions Honorifiques 2014 - Moncton&#039;s High School Hockey Classic","isPartOf":{"@id":"https:\/\/dieppeclassic.net\/#website"},"datePublished":"2021-02-04T00:02:28+00:00","breadcrumb":{"@id":"https:\/\/dieppeclassic.net\/fr\/classique\/mentions-honorifiques\/mentions-honorifiques-2014\/#breadcrumb"},"inLanguage":"fr-FR","potentialAction":[{"@type":"ReadAction","target":["https:\/\/dieppeclassic.net\/fr\/classique\/mentions-honorifiques\/mentions-honorifiques-2014\/"]}]},{"@type":"BreadcrumbList","@id":"https:\/\/dieppeclassic.net\/fr\/classique\/mentions-honorifiques\/mentions-honorifiques-2014\/#breadcrumb","itemListElement":[{"@type":"ListItem","position":1,"name":"Accueil","item":"https:\/\/dieppeclassic.net\/fr\/"},{"@type":"ListItem","position":2,"name":"Classique","item":"https:\/\/dieppeclassic.net\/fr\/classique\/"},{"@type":"ListItem","position":3,"name":"Mentions Honorifiques","item":"https:\/\/dieppeclassic.net\/fr\/classique\/mentions-honorifiques\/"},{"@type":"ListItem","position":4,"name":"Mentions Honorifiques 2014"}]},{"@type":"WebSite","@id":"https:\/\/dieppeclassic.net\/#website","url":"https:\/\/dieppeclassic.net\/","name":"Moncton&#039;s High School Hockey Classic","description":"Un site utilisant Les sites de Shark M\u00e9dia &amp; Sport, template Slapshot","potentialAction":[{"@type":"SearchAction","target":{"@type":"EntryPoint","urlTemplate":"https:\/\/dieppeclassic.net\/?s={search_term_string}"},"query-input":{"@type":"PropertyValueSpecification","valueRequired":true,"valueName":"search_term_string"}}],"inLanguage":"fr-FR"}]}},"_links":{"self":[{"href":"https:\/\/dieppeclassic.net\/fr\/wp-json\/wp\/v2\/pages\/3092","targetHints":{"allow":["GET"]}}],"collection":[{"href":"https:\/\/dieppeclassic.net\/fr\/wp-json\/wp\/v2\/pages"}],"about":[{"href":"https:\/\/dieppeclassic.net\/fr\/wp-json\/wp\/v2\/types\/page"}],"author":[{"embeddable":true,"href":"https:\/\/dieppeclassic.net\/fr\/wp-json\/wp\/v2\/users\/253"}],"replies":[{"embeddable":true,"href":"https:\/\/dieppeclassic.net\/fr\/wp-json\/wp\/v2\/comments?post=3092"}],"version-history":[{"count":1,"href":"https:\/\/dieppeclassic.net\/fr\/wp-json\/wp\/v2\/pages\/3092\/revisions"}],"predecessor-version":[{"id":3093,"href":"https:\/\/dieppeclassic.net\/fr\/wp-json\/wp\/v2\/pages\/3092\/revisions\/3093"}],"up":[{"embeddable":true,"href":"https:\/\/dieppeclassic.net\/fr\/wp-json\/wp\/v2\/pages\/3065"}],"wp:attachment":[{"href":"https:\/\/dieppeclassic.net\/fr\/wp-json\/wp\/v2\/media?parent=3092"}],"curies":[{"name":"wp","href":"https:\/\/api.w.org\/{rel}","templated":true}]}}