{"id":4651,"date":"2024-02-17T17:02:07","date_gmt":"2024-02-17T22:02:07","guid":{"rendered":"https:\/\/dieppeclassic.net\/?page_id=4651"},"modified":"2024-02-17T17:04:06","modified_gmt":"2024-02-17T22:04:06","slug":"mentions-honorifiques-2023","status":"publish","type":"page","link":"https:\/\/dieppeclassic.net\/fr\/classique\/mentions-honorifiques\/mentions-honorifiques-2023\/","title":{"rendered":"Mentions Honorifiques 2023"},"content":{"rendered":"<p><span style=\"font-family: 'times new roman', times, serif;font-size: 12pt\"><strong><u>\u00c9QUIPE D\u2019\u00c9TOILES \u2013 F\u00c9MININ<\/u><\/strong><strong><u><br \/>\n<\/u><\/strong>Gardienne \u2013 Mia LeBlanc, Mathieu-Martin<\/span><br \/>\n<span style=\"font-family: 'times new roman', times, serif;font-size: 12pt\">D\u00e9fense \u2013 Marie-Eve Maillet, Cl\u00e9ment-Cormier<\/span><br \/>\n<span style=\"font-family: 'times new roman', times, serif;font-size: 12pt\">D\u00e9fense \u2013 Myriam LeBlanc, Mathieu-Martin<\/span><br \/>\n<span style=\"font-family: 'times new roman', times, serif;font-size: 12pt\">Avant \u2013 Janik Dupuis, Louis-J.-Robichaud<\/span><br \/>\n<span style=\"font-family: 'times new roman', times, serif;font-size: 12pt\">Avant \u2013 Julie Finnigan, L\u2019Odyss\u00e9e<\/span><br \/>\n<span style=\"font-family: 'times new roman', times, serif;font-size: 12pt\">Avant \u2013 Ella Bennett, Rothesay High<\/span><br \/>\n<span style=\"font-family: 'times new roman', times, serif;font-size: 12pt\">JOUEUSE PLUS UTILE \u2013 Myriam LeBlanc, Mathieu-Martin<\/span><\/p>\n<p><span style=\"font-family: 'times new roman', times, serif;font-size: 12pt\"><strong><u>\u00c9QUIPE D\u2019\u00c9TOILES \u2013 MASCULIN DIV I<\/u><\/strong><strong><u><br \/>\n<\/u><\/strong>Gardien \u2013 Leaf Korthals, Citadel<\/span><br \/>\n<span style=\"font-family: 'times new roman', times, serif;font-size: 12pt\">D\u00e9fense \u2013 Justin B\u00e9langer, Coll\u00e8ge de L\u00e9vis D1<\/span><br \/>\n<span style=\"font-family: 'times new roman', times, serif;font-size: 12pt\">D\u00e9fense \u2013 Adyson Leaman, Mathieu-Martin<\/span><br \/>\n<span style=\"font-family: 'times new roman', times, serif;font-size: 12pt\">Avant \u2013 Cameron Emanuel, C.P. Allen<\/span><br \/>\n<span style=\"font-family: 'times new roman', times, serif;font-size: 12pt\">Avant \u2013 Benoit Boudreau, L\u2019Odyss\u00e9e<\/span><br \/>\n<span style=\"font-family: 'times new roman', times, serif;font-size: 12pt\">Avant \u2013 Gahan Rector, Riverview Ravens<\/span><br \/>\n<span style=\"font-family: 'times new roman', times, serif;font-size: 12pt\">JOUEUR PLUS UTILE \u2013 Cameron Emanuel, C.P. Allen<\/span><\/p>\n<p><span style=\"font-family: 'times new roman', times, serif;font-size: 12pt\"><strong><u>\u00c9QUIPE D\u2019\u00c9TOILES \u2013 MASCULIN DIV II<\/u><\/strong><strong><u><br \/>\n<\/u><\/strong>Gardien \u2013 Locke Albrecht, Central Kings<\/span><br \/>\n<span style=\"font-family: 'times new roman', times, serif;font-size: 12pt\">D\u00e9fense \u2013 Thomas Jacques, Coll\u00e8ge de L\u00e9vis D2<\/span><br \/>\n<span style=\"font-family: 'times new roman', times, serif;font-size: 12pt\">D\u00e9fense \u2013 Samir Nait el Caid, Sommet-Mosa\u00efque<\/span><br \/>\n<span style=\"font-family: 'times new roman', times, serif;font-size: 12pt\">Avant \u2013 Nate Mann, Bernice MacNaughton<\/span><br \/>\n<span style=\"font-family: 'times new roman', times, serif;font-size: 12pt\">Avant \u2013 Cody Hebb, Central Kings<\/span><br \/>\n<span style=\"font-family: 'times new roman', times, serif;font-size: 12pt\">Avant \u2013 Adam Brooks, Harrison Trimble<\/span><br \/>\n<span style=\"font-family: 'times new roman', times, serif;font-size: 12pt\">JOUEUR PLUS UTILE \u2013 Thomas Jacques, Coll\u00e8ge de L\u00e9vis D2<\/span><\/p>\n<p><span style=\"font-family: 'times new roman', times, serif;font-size: 12pt\"><strong><u>H\u00c9ROS OBSCUR<\/u><\/strong><strong><u><br \/>\n<\/u><\/strong>MASCULIN \u2013 Tyler LeBlanc, L\u2019Odyss\u00e9e<\/span><br \/>\n<span style=\"font-family: 'times new roman', times, serif;font-size: 12pt\">F\u00c9MININ \u2013 Sarah Walsh, Rothesay High<\/span><\/p>\n<p><span style=\"font-family: 'times new roman', times, serif;font-size: 12pt\"><strong><u>BOURSES D\u2019\u00c9TUDES<\/u><\/strong><strong><u><br \/>\n<\/u><\/strong>Tanner Wood, Central Kings<\/span><br \/>\n<span style=\"font-family: 'times new roman', times, serif;font-size: 12pt\">Kylie Devarennes, Moncton High<\/span><br \/>\n<span style=\"font-family: 'times new roman', times, serif;font-size: 12pt\">Jack Adams, Moncton High<\/span><br \/>\n<span style=\"font-family: 'times new roman', times, serif;font-size: 12pt\">Ryan Burns, L\u2019Odyss\u00e9e<\/span><br \/>\n<span style=\"font-family: 'times new roman', times, serif;font-size: 12pt\">Gahan Rector, Riverview Ravens<\/span><br \/>\n<span style=\"font-family: 'times new roman', times, serif;font-size: 12pt\">Madeline McAuliffe, Rothesay High<\/span><\/p>\n","protected":false},"excerpt":{"rendered":"<p>\u00c9QUIPE D\u2019\u00c9TOILES \u2013 F\u00c9MININ Gardienne \u2013 Mia LeBlanc, Mathieu-Martin D\u00e9fense \u2013 Marie-Eve Maillet, Cl\u00e9ment-Cormier D\u00e9fense \u2013 Myriam LeBlanc, Mathieu-Martin Avant \u2013 Janik Dupuis, Louis-J.-Robichaud Avant \u2013 Julie Finnigan, L\u2019Odyss\u00e9e Avant \u2013 Ella Bennett, Rothesay High JOUEUSE PLUS UTILE \u2013 Myriam LeBlanc, Mathieu-Martin \u00c9QUIPE D\u2019\u00c9TOILES \u2013 MASCULIN DIV I Gardien \u2013 Leaf Korthals, Citadel D\u00e9fense \u2013 [&hellip;]<\/p>\n","protected":false},"author":253,"featured_media":0,"parent":3065,"menu_order":0,"comment_status":"closed","ping_status":"closed","template":"","meta":{"_acf_changed":false,"footnotes":""},"class_list":["post-4651","page","type-page","status-publish","hentry"],"acf":[],"yoast_head":"<!-- This site is optimized with the Yoast SEO plugin v25.7 - https:\/\/yoast.com\/wordpress\/plugins\/seo\/ -->\n<title>Mentions Honorifiques 2023 - Moncton&#039;s High School Hockey Classic<\/title>\n<meta name=\"robots\" content=\"index, follow, max-snippet:-1, max-image-preview:large, max-video-preview:-1\" \/>\n<link rel=\"canonical\" href=\"https:\/\/dieppeclassic.net\/fr\/classique\/mentions-honorifiques\/mentions-honorifiques-2023\/\" \/>\n<meta property=\"og:locale\" content=\"fr_FR\" \/>\n<meta property=\"og:type\" content=\"article\" \/>\n<meta property=\"og:title\" content=\"Mentions Honorifiques 2023 - Moncton&#039;s High School Hockey Classic\" \/>\n<meta property=\"og:description\" content=\"\u00c9QUIPE D\u2019\u00c9TOILES \u2013 F\u00c9MININ Gardienne \u2013 Mia LeBlanc, Mathieu-Martin D\u00e9fense \u2013 Marie-Eve Maillet, Cl\u00e9ment-Cormier D\u00e9fense \u2013 Myriam LeBlanc, Mathieu-Martin Avant \u2013 Janik Dupuis, Louis-J.-Robichaud Avant \u2013 Julie Finnigan, L\u2019Odyss\u00e9e Avant \u2013 Ella Bennett, Rothesay High JOUEUSE PLUS UTILE \u2013 Myriam LeBlanc, Mathieu-Martin \u00c9QUIPE D\u2019\u00c9TOILES \u2013 MASCULIN DIV I Gardien \u2013 Leaf Korthals, Citadel D\u00e9fense \u2013 [&hellip;]\" \/>\n<meta property=\"og:url\" content=\"https:\/\/dieppeclassic.net\/fr\/classique\/mentions-honorifiques\/mentions-honorifiques-2023\/\" \/>\n<meta property=\"og:site_name\" content=\"Moncton&#039;s High School Hockey Classic\" \/>\n<meta property=\"article:modified_time\" content=\"2024-02-17T22:04:06+00:00\" \/>\n<meta name=\"twitter:card\" content=\"summary_large_image\" \/>\n<meta name=\"twitter:label1\" content=\"Dur\u00e9e de lecture estim\u00e9e\" \/>\n\t<meta name=\"twitter:data1\" content=\"1 minute\" \/>\n<script type=\"application\/ld+json\" class=\"yoast-schema-graph\">{\"@context\":\"https:\/\/schema.org\",\"@graph\":[{\"@type\":\"WebPage\",\"@id\":\"https:\/\/dieppeclassic.net\/fr\/classique\/mentions-honorifiques\/mentions-honorifiques-2023\/\",\"url\":\"https:\/\/dieppeclassic.net\/fr\/classique\/mentions-honorifiques\/mentions-honorifiques-2023\/\",\"name\":\"Mentions Honorifiques 2023 - Moncton&#039;s High School Hockey Classic\",\"isPartOf\":{\"@id\":\"https:\/\/dieppeclassic.net\/#website\"},\"datePublished\":\"2024-02-17T22:02:07+00:00\",\"dateModified\":\"2024-02-17T22:04:06+00:00\",\"breadcrumb\":{\"@id\":\"https:\/\/dieppeclassic.net\/fr\/classique\/mentions-honorifiques\/mentions-honorifiques-2023\/#breadcrumb\"},\"inLanguage\":\"fr-FR\",\"potentialAction\":[{\"@type\":\"ReadAction\",\"target\":[\"https:\/\/dieppeclassic.net\/fr\/classique\/mentions-honorifiques\/mentions-honorifiques-2023\/\"]}]},{\"@type\":\"BreadcrumbList\",\"@id\":\"https:\/\/dieppeclassic.net\/fr\/classique\/mentions-honorifiques\/mentions-honorifiques-2023\/#breadcrumb\",\"itemListElement\":[{\"@type\":\"ListItem\",\"position\":1,\"name\":\"Accueil\",\"item\":\"https:\/\/dieppeclassic.net\/fr\/\"},{\"@type\":\"ListItem\",\"position\":2,\"name\":\"Classique\",\"item\":\"https:\/\/dieppeclassic.net\/fr\/classique\/\"},{\"@type\":\"ListItem\",\"position\":3,\"name\":\"Mentions Honorifiques\",\"item\":\"https:\/\/dieppeclassic.net\/fr\/classique\/mentions-honorifiques\/\"},{\"@type\":\"ListItem\",\"position\":4,\"name\":\"Mentions Honorifiques 2023\"}]},{\"@type\":\"WebSite\",\"@id\":\"https:\/\/dieppeclassic.net\/#website\",\"url\":\"https:\/\/dieppeclassic.net\/\",\"name\":\"Moncton&#039;s High School Hockey Classic\",\"description\":\"Un site utilisant Les sites de Shark M\u00e9dia &amp; Sport, template Slapshot\",\"potentialAction\":[{\"@type\":\"SearchAction\",\"target\":{\"@type\":\"EntryPoint\",\"urlTemplate\":\"https:\/\/dieppeclassic.net\/?s={search_term_string}\"},\"query-input\":{\"@type\":\"PropertyValueSpecification\",\"valueRequired\":true,\"valueName\":\"search_term_string\"}}],\"inLanguage\":\"fr-FR\"}]}<\/script>\n<!-- \/ Yoast SEO plugin. -->","yoast_head_json":{"title":"Mentions Honorifiques 2023 - Moncton&#039;s High School Hockey Classic","robots":{"index":"index","follow":"follow","max-snippet":"max-snippet:-1","max-image-preview":"max-image-preview:large","max-video-preview":"max-video-preview:-1"},"canonical":"https:\/\/dieppeclassic.net\/fr\/classique\/mentions-honorifiques\/mentions-honorifiques-2023\/","og_locale":"fr_FR","og_type":"article","og_title":"Mentions Honorifiques 2023 - Moncton&#039;s High School Hockey Classic","og_description":"\u00c9QUIPE D\u2019\u00c9TOILES \u2013 F\u00c9MININ Gardienne \u2013 Mia LeBlanc, Mathieu-Martin D\u00e9fense \u2013 Marie-Eve Maillet, Cl\u00e9ment-Cormier D\u00e9fense \u2013 Myriam LeBlanc, Mathieu-Martin Avant \u2013 Janik Dupuis, Louis-J.-Robichaud Avant \u2013 Julie Finnigan, L\u2019Odyss\u00e9e Avant \u2013 Ella Bennett, Rothesay High JOUEUSE PLUS UTILE \u2013 Myriam LeBlanc, Mathieu-Martin \u00c9QUIPE D\u2019\u00c9TOILES \u2013 MASCULIN DIV I Gardien \u2013 Leaf Korthals, Citadel D\u00e9fense \u2013 [&hellip;]","og_url":"https:\/\/dieppeclassic.net\/fr\/classique\/mentions-honorifiques\/mentions-honorifiques-2023\/","og_site_name":"Moncton&#039;s High School Hockey Classic","article_modified_time":"2024-02-17T22:04:06+00:00","twitter_card":"summary_large_image","twitter_misc":{"Dur\u00e9e de lecture estim\u00e9e":"1 minute"},"schema":{"@context":"https:\/\/schema.org","@graph":[{"@type":"WebPage","@id":"https:\/\/dieppeclassic.net\/fr\/classique\/mentions-honorifiques\/mentions-honorifiques-2023\/","url":"https:\/\/dieppeclassic.net\/fr\/classique\/mentions-honorifiques\/mentions-honorifiques-2023\/","name":"Mentions Honorifiques 2023 - Moncton&#039;s High School Hockey Classic","isPartOf":{"@id":"https:\/\/dieppeclassic.net\/#website"},"datePublished":"2024-02-17T22:02:07+00:00","dateModified":"2024-02-17T22:04:06+00:00","breadcrumb":{"@id":"https:\/\/dieppeclassic.net\/fr\/classique\/mentions-honorifiques\/mentions-honorifiques-2023\/#breadcrumb"},"inLanguage":"fr-FR","potentialAction":[{"@type":"ReadAction","target":["https:\/\/dieppeclassic.net\/fr\/classique\/mentions-honorifiques\/mentions-honorifiques-2023\/"]}]},{"@type":"BreadcrumbList","@id":"https:\/\/dieppeclassic.net\/fr\/classique\/mentions-honorifiques\/mentions-honorifiques-2023\/#breadcrumb","itemListElement":[{"@type":"ListItem","position":1,"name":"Accueil","item":"https:\/\/dieppeclassic.net\/fr\/"},{"@type":"ListItem","position":2,"name":"Classique","item":"https:\/\/dieppeclassic.net\/fr\/classique\/"},{"@type":"ListItem","position":3,"name":"Mentions Honorifiques","item":"https:\/\/dieppeclassic.net\/fr\/classique\/mentions-honorifiques\/"},{"@type":"ListItem","position":4,"name":"Mentions Honorifiques 2023"}]},{"@type":"WebSite","@id":"https:\/\/dieppeclassic.net\/#website","url":"https:\/\/dieppeclassic.net\/","name":"Moncton&#039;s High School Hockey Classic","description":"Un site utilisant Les sites de Shark M\u00e9dia &amp; Sport, template Slapshot","potentialAction":[{"@type":"SearchAction","target":{"@type":"EntryPoint","urlTemplate":"https:\/\/dieppeclassic.net\/?s={search_term_string}"},"query-input":{"@type":"PropertyValueSpecification","valueRequired":true,"valueName":"search_term_string"}}],"inLanguage":"fr-FR"}]}},"_links":{"self":[{"href":"https:\/\/dieppeclassic.net\/fr\/wp-json\/wp\/v2\/pages\/4651","targetHints":{"allow":["GET"]}}],"collection":[{"href":"https:\/\/dieppeclassic.net\/fr\/wp-json\/wp\/v2\/pages"}],"about":[{"href":"https:\/\/dieppeclassic.net\/fr\/wp-json\/wp\/v2\/types\/page"}],"author":[{"embeddable":true,"href":"https:\/\/dieppeclassic.net\/fr\/wp-json\/wp\/v2\/users\/253"}],"replies":[{"embeddable":true,"href":"https:\/\/dieppeclassic.net\/fr\/wp-json\/wp\/v2\/comments?post=4651"}],"version-history":[{"count":1,"href":"https:\/\/dieppeclassic.net\/fr\/wp-json\/wp\/v2\/pages\/4651\/revisions"}],"predecessor-version":[{"id":4653,"href":"https:\/\/dieppeclassic.net\/fr\/wp-json\/wp\/v2\/pages\/4651\/revisions\/4653"}],"up":[{"embeddable":true,"href":"https:\/\/dieppeclassic.net\/fr\/wp-json\/wp\/v2\/pages\/3065"}],"wp:attachment":[{"href":"https:\/\/dieppeclassic.net\/fr\/wp-json\/wp\/v2\/media?parent=4651"}],"curies":[{"name":"wp","href":"https:\/\/api.w.org\/{rel}","templated":true}]}}