{"id":5129,"date":"2024-11-25T18:58:30","date_gmt":"2024-11-25T23:58:30","guid":{"rendered":"https:\/\/dieppeclassic.net\/?page_id=5129"},"modified":"2024-11-25T19:03:24","modified_gmt":"2024-11-26T00:03:24","slug":"mentions-honorifiques-2024","status":"publish","type":"page","link":"https:\/\/dieppeclassic.net\/fr\/classique\/mentions-honorifiques\/mentions-honorifiques-2024\/","title":{"rendered":"Mentions Honorifiques 2024"},"content":{"rendered":"<p><span style=\"font-family: 'times new roman', times, serif;font-size: 12pt\"><strong><u>\u00c9QUIPE D\u2019\u00c9TOILES \u2013 F\u00c9MININ<br \/>\n<\/u><\/strong>Gardienne \u2013 Marin Huypungco, Charles P. Allen<\/span><br \/>\n<span style=\"font-family: 'times new roman', times, serif;font-size: 12pt\">D\u00e9fense \u2013 Anna Chisholm, Charles P. Allen<\/span><br \/>\n<span style=\"font-family: 'times new roman', times, serif;font-size: 12pt\">D\u00e9fense \u2013 Ella Boutilier, L\u2019Odyss\u00e9e<\/span><br \/>\n<span style=\"font-family: 'times new roman', times, serif;font-size: 12pt\">Avant \u2013 Danielle Dixon, Charles P. Allen<\/span><br \/>\n<span style=\"font-family: 'times new roman', times, serif;font-size: 12pt\">Avant \u2013 Zo\u00e9 Allain, Cl\u00e9ment-Cormier<\/span><br \/>\n<span style=\"font-family: 'times new roman', times, serif;font-size: 12pt\">Avant \u2013 Isabelle Doiron, Rothesay High<\/span><br \/>\n<span style=\"font-family: 'times new roman', times, serif;font-size: 12pt\">JOUEUSE PLUS UTILE \u2013 Danielle Dixon, Charles P. Allen<\/span><\/p>\n<p><span style=\"font-family: 'times new roman', times, serif;font-size: 12pt\"><strong><u>\u00c9QUIPE D\u2019\u00c9TOILES \u2013 MASCULIN DIV I<br \/>\n<\/u><\/strong>Gardien \u2013 Alex McGrath, Mathieu-Martin<\/span><br \/>\n<span style=\"font-family: 'times new roman', times, serif;font-size: 12pt\">D\u00e9fense \u2013 Noah Collette, Cl\u00e9ment-Cormier<\/span><br \/>\n<span style=\"font-family: 'times new roman', times, serif;font-size: 12pt\">D\u00e9fense \u2013 Arthur Perron-Lebel, Rivi\u00e8re-du-Loup D1<\/span><br \/>\n<span style=\"font-family: 'times new roman', times, serif;font-size: 12pt\">Avant \u2013 Olivier LeBlanc, Cl\u00e9ment-Cormier<\/span><br \/>\n<span style=\"font-family: 'times new roman', times, serif;font-size: 12pt\">Avant \u2013 Louis-David Jolin, J\u00e9sus-Marie<\/span><br \/>\n<span style=\"font-family: 'times new roman', times, serif;font-size: 12pt\">Avant \u2013 Alexandre Gagnon, Mathieu-Martin<\/span><br \/>\n<span style=\"font-family: 'times new roman', times, serif;font-size: 12pt\">JOUEUR PLUS UTILE \u2013 Alexandre Gagnon, Mathieu-Martin<\/span><\/p>\n<p><span style=\"font-family: 'times new roman', times, serif;font-size: 12pt\"><strong><u>\u00c9QUIPE D\u2019\u00c9TOILES \u2013 MASCULIN DIV II<br \/>\n<\/u><\/strong>Gardien \u2013 Jaks Johnstone, Bernice MacNaughton<\/span><br \/>\n<span style=\"font-family: 'times new roman', times, serif;font-size: 12pt\">D\u00e9fense \u2013 Brody Nauss, Central Kings<\/span><br \/>\n<span style=\"font-family: 'times new roman', times, serif;font-size: 12pt\">D\u00e9fense \u2013 Keaton Gillies, Sussex<\/span><br \/>\n<span style=\"font-family: 'times new roman', times, serif;font-size: 12pt\">Avant \u2013 Liam Bishop, Bernice MacNaughton<\/span><br \/>\n<span style=\"font-family: 'times new roman', times, serif;font-size: 12pt\">Avant \u2013 C\u00e9dric Lavoie, Coll\u00e8ge de L\u00e9vis D2<\/span><br \/>\n<span style=\"font-family: 'times new roman', times, serif;font-size: 12pt\">Avant \u2013 Drew Betts, Harrison Trimble<\/span><br \/>\n<span style=\"font-family: 'times new roman', times, serif;font-size: 12pt\">JOUEUR PLUS UTILE \u2013 Liam Bishop, Bernice MacNaughton<\/span><\/p>\n<p><span style=\"font-family: 'times new roman', times, serif;font-size: 12pt\"><strong><u>H\u00c9ROS OBSCUR<br \/>\n<\/u><\/strong>MASCULIN \u2013 Thomas Tran, Charles P. Allen<\/span><br \/>\n<span style=\"font-family: 'times new roman', times, serif;font-size: 12pt\">F\u00c9MININ \u2013 Chloe Perreault, Thomas-Albert<\/span><\/p>\n<p><span style=\"font-family: 'times new roman', times, serif;font-size: 12pt\"><strong><u>BOURSES<br \/>\n<\/u><\/strong>Brody Nauss, Central Kings<\/span><br \/>\n<span style=\"font-family: 'times new roman', times, serif;font-size: 12pt\">Nicolas Fournier, Cit\u00e9-des-Jeunes<\/span><br \/>\n<span style=\"font-family: 'times new roman', times, serif;font-size: 12pt\">Marin Huypungco, Charles P. Allen<\/span><br \/>\n<span style=\"font-family: 'times new roman', times, serif;font-size: 12pt\">Evan Stockman, Harrison Trimble<\/span><br \/>\n<span style=\"font-family: 'times new roman', times, serif;font-size: 12pt\">Audr\u00e9e LeBlanc, Mathieu-Martin<\/span><br \/>\n<span style=\"font-family: 'times new roman', times, serif;font-size: 12pt\">Read Cole, Moncton High<\/span><br \/>\n<span style=\"font-family: 'times new roman', times, serif;font-size: 12pt\">Julie Finnigan, L\u2019Odyss\u00e9e<\/span><br \/>\n<span style=\"font-family: 'times new roman', times, serif;font-size: 12pt\">Tyler LeBlanc, L\u2019Odyss\u00e9e<\/span><\/p>\n","protected":false},"excerpt":{"rendered":"<p>\u00c9QUIPE D\u2019\u00c9TOILES \u2013 F\u00c9MININ Gardienne \u2013 Marin Huypungco, Charles P. Allen D\u00e9fense \u2013 Anna Chisholm, Charles P. Allen D\u00e9fense \u2013 Ella Boutilier, L\u2019Odyss\u00e9e Avant \u2013 Danielle Dixon, Charles P. Allen Avant \u2013 Zo\u00e9 Allain, Cl\u00e9ment-Cormier Avant \u2013 Isabelle Doiron, Rothesay High JOUEUSE PLUS UTILE \u2013 Danielle Dixon, Charles P. Allen \u00c9QUIPE D\u2019\u00c9TOILES \u2013 MASCULIN DIV [&hellip;]<\/p>\n","protected":false},"author":253,"featured_media":0,"parent":3065,"menu_order":0,"comment_status":"closed","ping_status":"closed","template":"","meta":{"_acf_changed":false,"footnotes":""},"class_list":["post-5129","page","type-page","status-publish","hentry"],"acf":[],"yoast_head":"<!-- This site is optimized with the Yoast SEO plugin v25.7 - https:\/\/yoast.com\/wordpress\/plugins\/seo\/ -->\n<title>Mentions Honorifiques 2024 - Moncton&#039;s High School Hockey Classic<\/title>\n<meta name=\"robots\" content=\"index, follow, max-snippet:-1, max-image-preview:large, max-video-preview:-1\" \/>\n<link rel=\"canonical\" href=\"https:\/\/dieppeclassic.net\/fr\/classique\/mentions-honorifiques\/mentions-honorifiques-2024\/\" \/>\n<meta property=\"og:locale\" content=\"fr_FR\" \/>\n<meta property=\"og:type\" content=\"article\" \/>\n<meta property=\"og:title\" content=\"Mentions Honorifiques 2024 - Moncton&#039;s High School Hockey Classic\" \/>\n<meta property=\"og:description\" content=\"\u00c9QUIPE D\u2019\u00c9TOILES \u2013 F\u00c9MININ Gardienne \u2013 Marin Huypungco, Charles P. Allen D\u00e9fense \u2013 Anna Chisholm, Charles P. Allen D\u00e9fense \u2013 Ella Boutilier, L\u2019Odyss\u00e9e Avant \u2013 Danielle Dixon, Charles P. Allen Avant \u2013 Zo\u00e9 Allain, Cl\u00e9ment-Cormier Avant \u2013 Isabelle Doiron, Rothesay High JOUEUSE PLUS UTILE \u2013 Danielle Dixon, Charles P. Allen \u00c9QUIPE D\u2019\u00c9TOILES \u2013 MASCULIN DIV [&hellip;]\" \/>\n<meta property=\"og:url\" content=\"https:\/\/dieppeclassic.net\/fr\/classique\/mentions-honorifiques\/mentions-honorifiques-2024\/\" \/>\n<meta property=\"og:site_name\" content=\"Moncton&#039;s High School Hockey Classic\" \/>\n<meta property=\"article:modified_time\" content=\"2024-11-26T00:03:24+00:00\" \/>\n<meta name=\"twitter:card\" content=\"summary_large_image\" \/>\n<meta name=\"twitter:label1\" content=\"Dur\u00e9e de lecture estim\u00e9e\" \/>\n\t<meta name=\"twitter:data1\" content=\"1 minute\" \/>\n<script type=\"application\/ld+json\" class=\"yoast-schema-graph\">{\"@context\":\"https:\/\/schema.org\",\"@graph\":[{\"@type\":\"WebPage\",\"@id\":\"https:\/\/dieppeclassic.net\/fr\/classique\/mentions-honorifiques\/mentions-honorifiques-2024\/\",\"url\":\"https:\/\/dieppeclassic.net\/fr\/classique\/mentions-honorifiques\/mentions-honorifiques-2024\/\",\"name\":\"Mentions Honorifiques 2024 - Moncton&#039;s High School Hockey Classic\",\"isPartOf\":{\"@id\":\"https:\/\/dieppeclassic.net\/#website\"},\"datePublished\":\"2024-11-25T23:58:30+00:00\",\"dateModified\":\"2024-11-26T00:03:24+00:00\",\"breadcrumb\":{\"@id\":\"https:\/\/dieppeclassic.net\/fr\/classique\/mentions-honorifiques\/mentions-honorifiques-2024\/#breadcrumb\"},\"inLanguage\":\"fr-FR\",\"potentialAction\":[{\"@type\":\"ReadAction\",\"target\":[\"https:\/\/dieppeclassic.net\/fr\/classique\/mentions-honorifiques\/mentions-honorifiques-2024\/\"]}]},{\"@type\":\"BreadcrumbList\",\"@id\":\"https:\/\/dieppeclassic.net\/fr\/classique\/mentions-honorifiques\/mentions-honorifiques-2024\/#breadcrumb\",\"itemListElement\":[{\"@type\":\"ListItem\",\"position\":1,\"name\":\"Accueil\",\"item\":\"https:\/\/dieppeclassic.net\/fr\/\"},{\"@type\":\"ListItem\",\"position\":2,\"name\":\"Classique\",\"item\":\"https:\/\/dieppeclassic.net\/fr\/classique\/\"},{\"@type\":\"ListItem\",\"position\":3,\"name\":\"Mentions Honorifiques\",\"item\":\"https:\/\/dieppeclassic.net\/fr\/classique\/mentions-honorifiques\/\"},{\"@type\":\"ListItem\",\"position\":4,\"name\":\"Mentions Honorifiques 2024\"}]},{\"@type\":\"WebSite\",\"@id\":\"https:\/\/dieppeclassic.net\/#website\",\"url\":\"https:\/\/dieppeclassic.net\/\",\"name\":\"Moncton&#039;s High School Hockey Classic\",\"description\":\"Un site utilisant Les sites de Shark M\u00e9dia &amp; Sport, template Slapshot\",\"potentialAction\":[{\"@type\":\"SearchAction\",\"target\":{\"@type\":\"EntryPoint\",\"urlTemplate\":\"https:\/\/dieppeclassic.net\/?s={search_term_string}\"},\"query-input\":{\"@type\":\"PropertyValueSpecification\",\"valueRequired\":true,\"valueName\":\"search_term_string\"}}],\"inLanguage\":\"fr-FR\"}]}<\/script>\n<!-- \/ Yoast SEO plugin. -->","yoast_head_json":{"title":"Mentions Honorifiques 2024 - Moncton&#039;s High School Hockey Classic","robots":{"index":"index","follow":"follow","max-snippet":"max-snippet:-1","max-image-preview":"max-image-preview:large","max-video-preview":"max-video-preview:-1"},"canonical":"https:\/\/dieppeclassic.net\/fr\/classique\/mentions-honorifiques\/mentions-honorifiques-2024\/","og_locale":"fr_FR","og_type":"article","og_title":"Mentions Honorifiques 2024 - Moncton&#039;s High School Hockey Classic","og_description":"\u00c9QUIPE D\u2019\u00c9TOILES \u2013 F\u00c9MININ Gardienne \u2013 Marin Huypungco, Charles P. Allen D\u00e9fense \u2013 Anna Chisholm, Charles P. Allen D\u00e9fense \u2013 Ella Boutilier, L\u2019Odyss\u00e9e Avant \u2013 Danielle Dixon, Charles P. Allen Avant \u2013 Zo\u00e9 Allain, Cl\u00e9ment-Cormier Avant \u2013 Isabelle Doiron, Rothesay High JOUEUSE PLUS UTILE \u2013 Danielle Dixon, Charles P. Allen \u00c9QUIPE D\u2019\u00c9TOILES \u2013 MASCULIN DIV [&hellip;]","og_url":"https:\/\/dieppeclassic.net\/fr\/classique\/mentions-honorifiques\/mentions-honorifiques-2024\/","og_site_name":"Moncton&#039;s High School Hockey Classic","article_modified_time":"2024-11-26T00:03:24+00:00","twitter_card":"summary_large_image","twitter_misc":{"Dur\u00e9e de lecture estim\u00e9e":"1 minute"},"schema":{"@context":"https:\/\/schema.org","@graph":[{"@type":"WebPage","@id":"https:\/\/dieppeclassic.net\/fr\/classique\/mentions-honorifiques\/mentions-honorifiques-2024\/","url":"https:\/\/dieppeclassic.net\/fr\/classique\/mentions-honorifiques\/mentions-honorifiques-2024\/","name":"Mentions Honorifiques 2024 - Moncton&#039;s High School Hockey Classic","isPartOf":{"@id":"https:\/\/dieppeclassic.net\/#website"},"datePublished":"2024-11-25T23:58:30+00:00","dateModified":"2024-11-26T00:03:24+00:00","breadcrumb":{"@id":"https:\/\/dieppeclassic.net\/fr\/classique\/mentions-honorifiques\/mentions-honorifiques-2024\/#breadcrumb"},"inLanguage":"fr-FR","potentialAction":[{"@type":"ReadAction","target":["https:\/\/dieppeclassic.net\/fr\/classique\/mentions-honorifiques\/mentions-honorifiques-2024\/"]}]},{"@type":"BreadcrumbList","@id":"https:\/\/dieppeclassic.net\/fr\/classique\/mentions-honorifiques\/mentions-honorifiques-2024\/#breadcrumb","itemListElement":[{"@type":"ListItem","position":1,"name":"Accueil","item":"https:\/\/dieppeclassic.net\/fr\/"},{"@type":"ListItem","position":2,"name":"Classique","item":"https:\/\/dieppeclassic.net\/fr\/classique\/"},{"@type":"ListItem","position":3,"name":"Mentions Honorifiques","item":"https:\/\/dieppeclassic.net\/fr\/classique\/mentions-honorifiques\/"},{"@type":"ListItem","position":4,"name":"Mentions Honorifiques 2024"}]},{"@type":"WebSite","@id":"https:\/\/dieppeclassic.net\/#website","url":"https:\/\/dieppeclassic.net\/","name":"Moncton&#039;s High School Hockey Classic","description":"Un site utilisant Les sites de Shark M\u00e9dia &amp; Sport, template Slapshot","potentialAction":[{"@type":"SearchAction","target":{"@type":"EntryPoint","urlTemplate":"https:\/\/dieppeclassic.net\/?s={search_term_string}"},"query-input":{"@type":"PropertyValueSpecification","valueRequired":true,"valueName":"search_term_string"}}],"inLanguage":"fr-FR"}]}},"_links":{"self":[{"href":"https:\/\/dieppeclassic.net\/fr\/wp-json\/wp\/v2\/pages\/5129","targetHints":{"allow":["GET"]}}],"collection":[{"href":"https:\/\/dieppeclassic.net\/fr\/wp-json\/wp\/v2\/pages"}],"about":[{"href":"https:\/\/dieppeclassic.net\/fr\/wp-json\/wp\/v2\/types\/page"}],"author":[{"embeddable":true,"href":"https:\/\/dieppeclassic.net\/fr\/wp-json\/wp\/v2\/users\/253"}],"replies":[{"embeddable":true,"href":"https:\/\/dieppeclassic.net\/fr\/wp-json\/wp\/v2\/comments?post=5129"}],"version-history":[{"count":2,"href":"https:\/\/dieppeclassic.net\/fr\/wp-json\/wp\/v2\/pages\/5129\/revisions"}],"predecessor-version":[{"id":5141,"href":"https:\/\/dieppeclassic.net\/fr\/wp-json\/wp\/v2\/pages\/5129\/revisions\/5141"}],"up":[{"embeddable":true,"href":"https:\/\/dieppeclassic.net\/fr\/wp-json\/wp\/v2\/pages\/3065"}],"wp:attachment":[{"href":"https:\/\/dieppeclassic.net\/fr\/wp-json\/wp\/v2\/media?parent=5129"}],"curies":[{"name":"wp","href":"https:\/\/api.w.org\/{rel}","templated":true}]}}