{"id":5706,"date":"2025-11-26T23:02:43","date_gmt":"2025-11-27T04:02:43","guid":{"rendered":"https:\/\/dieppeclassic.net\/?page_id=5706"},"modified":"2025-11-26T23:03:55","modified_gmt":"2025-11-27T04:03:55","slug":"mentions-honorifiques-2025","status":"publish","type":"page","link":"https:\/\/dieppeclassic.net\/fr\/classique\/mentions-honorifiques\/mentions-honorifiques-2025\/","title":{"rendered":"Mentions Honorifiques 2025"},"content":{"rendered":"<p><span style=\"font-family: 'times new roman', times, serif;font-size: 12pt\"><strong><u>\u00c9QUIPE D\u2019\u00c9TOILES \u2013 F\u00c9MININ<br \/>\n<\/u><\/strong>Mah\u00e9lie Am\u00e9d\u00e9, Mathieu-Martin<\/span><br \/>\n<span style=\"font-family: 'times new roman', times, serif;font-size: 12pt\">Alexia Beaulieu, L\u2019Odyss\u00e9e<\/span><br \/>\n<span style=\"font-family: 'times new roman', times, serif;font-size: 12pt\">Gabriella Buchanan, L\u2019Odyss\u00e9e<\/span><br \/>\n<span style=\"font-family: 'times new roman', times, serif;font-size: 12pt\">Mia LeBlanc, Louis-J.-Robichaud<\/span><br \/>\n<span style=\"font-family: 'times new roman', times, serif;font-size: 12pt\">Aylee Lizotte, Mathieu-Martin<\/span><br \/>\n<span style=\"font-family: 'times new roman', times, serif;font-size: 12pt\">Sarah MacKay, Charles P. Allen<\/span><br \/>\n<span style=\"font-family: 'times new roman', times, serif;font-size: 12pt\">JOUEUSE PLUS UTILE \u2013 Gabriella Buchanan, L\u2019Odyss\u00e9e<\/span><\/p>\n<p><span style=\"font-family: 'times new roman', times, serif;font-size: 12pt\"><strong><u>\u00c9QUIPE D\u2019\u00c9TOILES \u2013 MASCULIN DIV I<br \/>\n<\/u><\/strong>Gardien \u2013 Noa Bowring, Mathieu-Martin<\/span><br \/>\n<span style=\"font-family: 'times new roman', times, serif;font-size: 12pt\">D\u00e9fense \u2013 Jackson Koch, Citadel<\/span><br \/>\n<span style=\"font-family: 'times new roman', times, serif;font-size: 12pt\">D\u00e9fense \u2013 Cory Ferguson, Cl\u00e9ment-Cormier<\/span><br \/>\n<span style=\"font-family: 'times new roman', times, serif;font-size: 12pt\">Avant \u2013 Owen O\u2019Leary, Charles P. Allen<\/span><br \/>\n<span style=\"font-family: 'times new roman', times, serif;font-size: 12pt\">Avant \u2013 Owen Pitcher, Charles P. Allen<\/span><br \/>\n<span style=\"font-family: 'times new roman', times, serif;font-size: 12pt\">Avant \u2013 Julien LeBlanc, L\u2019Odyss\u00e9e<\/span><br \/>\n<span style=\"font-family: 'times new roman', times, serif;font-size: 12pt\">JOUEUR PLUS UTILE \u2013 Owen O\u2019Leary, Charles P. Allen<\/span><\/p>\n<p><span style=\"font-family: 'times new roman', times, serif;font-size: 12pt\"><strong><u>\u00c9QUIPE D\u2019\u00c9TOILES \u2013 MASCULIN DIV II<br \/>\n<\/u><\/strong>Gardien \u2013 Annika Betts, Harrison Trimble<\/span><br \/>\n<span style=\"font-family: 'times new roman', times, serif;font-size: 12pt\">D\u00e9fense \u2013 Campbell Harris, Moncton High<\/span><br \/>\n<span style=\"font-family: 'times new roman', times, serif;font-size: 12pt\">D\u00e9fense \u2013 Luke Kavanagh, Riverview High<\/span><br \/>\n<span style=\"font-family: 'times new roman', times, serif;font-size: 12pt\">Avant \u2013 Drew Betts, Harrison Trimble<\/span><br \/>\n<span style=\"font-family: 'times new roman', times, serif;font-size: 12pt\">Avant \u2013 Cohen Recksiedler, Morris<\/span><br \/>\n<span style=\"font-family: 'times new roman', times, serif;font-size: 12pt\">Avant \u2013 Jaxon Somers, Riverview High<\/span><br \/>\n<span style=\"font-family: 'times new roman', times, serif;font-size: 12pt\">JOUEUR PLUS UTILE \u2013 Drew Betts, Harrison Trimble<\/span><\/p>\n<p><span style=\"font-family: 'times new roman', times, serif;font-size: 12pt\"><strong><u>H\u00c9ROS OBSCUR<br \/>\n<\/u><\/strong>MASCULIN \u2013 Ty Laroche, Morris<\/span><br \/>\n<span style=\"font-family: 'times new roman', times, serif;font-size: 12pt\">F\u00c9MININ \u2013 Rowan Moran, Avon View<\/span><\/p>\n<p><span style=\"font-family: 'times new roman', times, serif;font-size: 12pt\"><strong><u>BOURSES<br \/>\n<\/u><\/strong>Campbell Harris, Moncton High<\/span><br \/>\n<span style=\"font-family: 'times new roman', times, serif;font-size: 12pt\">Mia LeBlanc, Louis-J.-Robichaud<\/span><br \/>\n<span style=\"font-family: 'times new roman', times, serif;font-size: 12pt\">Andrew Lynk, Charles P. Allen<\/span><br \/>\n<span style=\"font-family: 'times new roman', times, serif;font-size: 12pt\">Jonathan Maillet, Cl\u00e9ment-Cormier<\/span><br \/>\n<span style=\"font-family: 'times new roman', times, serif;font-size: 12pt\">Jasmine McGrath, Cl\u00e9ment-Cormier<\/span><br \/>\n<span style=\"font-family: 'times new roman', times, serif;font-size: 12pt\">Draven Miller, Bernice MacNaughton<\/span><br \/>\n<span style=\"font-family: 'times new roman', times, serif;font-size: 12pt\">Katelyn Verge, Avon View<\/span><br \/>\n<span style=\"font-family: 'times new roman', times, serif;font-size: 12pt\">Tyler Warriner, Moncton High<\/span><br \/>\n<span style=\"font-family: 'times new roman', times, serif;font-size: 12pt\">Brayden Williams, Central Kings<\/span><\/p>\n","protected":false},"excerpt":{"rendered":"<p>\u00c9QUIPE D\u2019\u00c9TOILES \u2013 F\u00c9MININ Mah\u00e9lie Am\u00e9d\u00e9, Mathieu-Martin Alexia Beaulieu, L\u2019Odyss\u00e9e Gabriella Buchanan, L\u2019Odyss\u00e9e Mia LeBlanc, Louis-J.-Robichaud Aylee Lizotte, Mathieu-Martin Sarah MacKay, Charles P. Allen JOUEUSE PLUS UTILE \u2013 Gabriella Buchanan, L\u2019Odyss\u00e9e \u00c9QUIPE D\u2019\u00c9TOILES \u2013 MASCULIN DIV I Gardien \u2013 Noa Bowring, Mathieu-Martin D\u00e9fense \u2013 Jackson Koch, Citadel D\u00e9fense \u2013 Cory Ferguson, Cl\u00e9ment-Cormier Avant \u2013 Owen [&hellip;]<\/p>\n","protected":false},"author":253,"featured_media":0,"parent":3065,"menu_order":0,"comment_status":"closed","ping_status":"closed","template":"","meta":{"_acf_changed":false,"footnotes":""},"class_list":["post-5706","page","type-page","status-publish","hentry"],"acf":[],"yoast_head":"<!-- This site is optimized with the Yoast SEO plugin v25.7 - https:\/\/yoast.com\/wordpress\/plugins\/seo\/ -->\n<title>Mentions Honorifiques 2025 - Moncton&#039;s High School Hockey Classic<\/title>\n<meta name=\"robots\" content=\"index, follow, max-snippet:-1, max-image-preview:large, max-video-preview:-1\" \/>\n<link rel=\"canonical\" href=\"https:\/\/dieppeclassic.net\/fr\/classique\/mentions-honorifiques\/mentions-honorifiques-2025\/\" \/>\n<meta property=\"og:locale\" content=\"fr_FR\" \/>\n<meta property=\"og:type\" content=\"article\" \/>\n<meta property=\"og:title\" content=\"Mentions Honorifiques 2025 - Moncton&#039;s High School Hockey Classic\" \/>\n<meta property=\"og:description\" content=\"\u00c9QUIPE D\u2019\u00c9TOILES \u2013 F\u00c9MININ Mah\u00e9lie Am\u00e9d\u00e9, Mathieu-Martin Alexia Beaulieu, L\u2019Odyss\u00e9e Gabriella Buchanan, L\u2019Odyss\u00e9e Mia LeBlanc, Louis-J.-Robichaud Aylee Lizotte, Mathieu-Martin Sarah MacKay, Charles P. Allen JOUEUSE PLUS UTILE \u2013 Gabriella Buchanan, L\u2019Odyss\u00e9e \u00c9QUIPE D\u2019\u00c9TOILES \u2013 MASCULIN DIV I Gardien \u2013 Noa Bowring, Mathieu-Martin D\u00e9fense \u2013 Jackson Koch, Citadel D\u00e9fense \u2013 Cory Ferguson, Cl\u00e9ment-Cormier Avant \u2013 Owen [&hellip;]\" \/>\n<meta property=\"og:url\" content=\"https:\/\/dieppeclassic.net\/fr\/classique\/mentions-honorifiques\/mentions-honorifiques-2025\/\" \/>\n<meta property=\"og:site_name\" content=\"Moncton&#039;s High School Hockey Classic\" \/>\n<meta property=\"article:modified_time\" content=\"2025-11-27T04:03:55+00:00\" \/>\n<meta name=\"twitter:card\" content=\"summary_large_image\" \/>\n<meta name=\"twitter:label1\" content=\"Dur\u00e9e de lecture estim\u00e9e\" \/>\n\t<meta name=\"twitter:data1\" content=\"1 minute\" \/>\n<script type=\"application\/ld+json\" class=\"yoast-schema-graph\">{\"@context\":\"https:\/\/schema.org\",\"@graph\":[{\"@type\":\"WebPage\",\"@id\":\"https:\/\/dieppeclassic.net\/fr\/classique\/mentions-honorifiques\/mentions-honorifiques-2025\/\",\"url\":\"https:\/\/dieppeclassic.net\/fr\/classique\/mentions-honorifiques\/mentions-honorifiques-2025\/\",\"name\":\"Mentions Honorifiques 2025 - Moncton&#039;s High School Hockey Classic\",\"isPartOf\":{\"@id\":\"https:\/\/dieppeclassic.net\/#website\"},\"datePublished\":\"2025-11-27T04:02:43+00:00\",\"dateModified\":\"2025-11-27T04:03:55+00:00\",\"breadcrumb\":{\"@id\":\"https:\/\/dieppeclassic.net\/fr\/classique\/mentions-honorifiques\/mentions-honorifiques-2025\/#breadcrumb\"},\"inLanguage\":\"fr-FR\",\"potentialAction\":[{\"@type\":\"ReadAction\",\"target\":[\"https:\/\/dieppeclassic.net\/fr\/classique\/mentions-honorifiques\/mentions-honorifiques-2025\/\"]}]},{\"@type\":\"BreadcrumbList\",\"@id\":\"https:\/\/dieppeclassic.net\/fr\/classique\/mentions-honorifiques\/mentions-honorifiques-2025\/#breadcrumb\",\"itemListElement\":[{\"@type\":\"ListItem\",\"position\":1,\"name\":\"Accueil\",\"item\":\"https:\/\/dieppeclassic.net\/fr\/\"},{\"@type\":\"ListItem\",\"position\":2,\"name\":\"Classique\",\"item\":\"https:\/\/dieppeclassic.net\/fr\/classique\/\"},{\"@type\":\"ListItem\",\"position\":3,\"name\":\"Mentions Honorifiques\",\"item\":\"https:\/\/dieppeclassic.net\/fr\/classique\/mentions-honorifiques\/\"},{\"@type\":\"ListItem\",\"position\":4,\"name\":\"Mentions Honorifiques 2025\"}]},{\"@type\":\"WebSite\",\"@id\":\"https:\/\/dieppeclassic.net\/#website\",\"url\":\"https:\/\/dieppeclassic.net\/\",\"name\":\"Moncton&#039;s High School Hockey Classic\",\"description\":\"Un site utilisant Les sites de Shark M\u00e9dia &amp; Sport, template Slapshot\",\"potentialAction\":[{\"@type\":\"SearchAction\",\"target\":{\"@type\":\"EntryPoint\",\"urlTemplate\":\"https:\/\/dieppeclassic.net\/?s={search_term_string}\"},\"query-input\":{\"@type\":\"PropertyValueSpecification\",\"valueRequired\":true,\"valueName\":\"search_term_string\"}}],\"inLanguage\":\"fr-FR\"}]}<\/script>\n<!-- \/ Yoast SEO plugin. -->","yoast_head_json":{"title":"Mentions Honorifiques 2025 - Moncton&#039;s High School Hockey Classic","robots":{"index":"index","follow":"follow","max-snippet":"max-snippet:-1","max-image-preview":"max-image-preview:large","max-video-preview":"max-video-preview:-1"},"canonical":"https:\/\/dieppeclassic.net\/fr\/classique\/mentions-honorifiques\/mentions-honorifiques-2025\/","og_locale":"fr_FR","og_type":"article","og_title":"Mentions Honorifiques 2025 - Moncton&#039;s High School Hockey Classic","og_description":"\u00c9QUIPE D\u2019\u00c9TOILES \u2013 F\u00c9MININ Mah\u00e9lie Am\u00e9d\u00e9, Mathieu-Martin Alexia Beaulieu, L\u2019Odyss\u00e9e Gabriella Buchanan, L\u2019Odyss\u00e9e Mia LeBlanc, Louis-J.-Robichaud Aylee Lizotte, Mathieu-Martin Sarah MacKay, Charles P. Allen JOUEUSE PLUS UTILE \u2013 Gabriella Buchanan, L\u2019Odyss\u00e9e \u00c9QUIPE D\u2019\u00c9TOILES \u2013 MASCULIN DIV I Gardien \u2013 Noa Bowring, Mathieu-Martin D\u00e9fense \u2013 Jackson Koch, Citadel D\u00e9fense \u2013 Cory Ferguson, Cl\u00e9ment-Cormier Avant \u2013 Owen [&hellip;]","og_url":"https:\/\/dieppeclassic.net\/fr\/classique\/mentions-honorifiques\/mentions-honorifiques-2025\/","og_site_name":"Moncton&#039;s High School Hockey Classic","article_modified_time":"2025-11-27T04:03:55+00:00","twitter_card":"summary_large_image","twitter_misc":{"Dur\u00e9e de lecture estim\u00e9e":"1 minute"},"schema":{"@context":"https:\/\/schema.org","@graph":[{"@type":"WebPage","@id":"https:\/\/dieppeclassic.net\/fr\/classique\/mentions-honorifiques\/mentions-honorifiques-2025\/","url":"https:\/\/dieppeclassic.net\/fr\/classique\/mentions-honorifiques\/mentions-honorifiques-2025\/","name":"Mentions Honorifiques 2025 - Moncton&#039;s High School Hockey Classic","isPartOf":{"@id":"https:\/\/dieppeclassic.net\/#website"},"datePublished":"2025-11-27T04:02:43+00:00","dateModified":"2025-11-27T04:03:55+00:00","breadcrumb":{"@id":"https:\/\/dieppeclassic.net\/fr\/classique\/mentions-honorifiques\/mentions-honorifiques-2025\/#breadcrumb"},"inLanguage":"fr-FR","potentialAction":[{"@type":"ReadAction","target":["https:\/\/dieppeclassic.net\/fr\/classique\/mentions-honorifiques\/mentions-honorifiques-2025\/"]}]},{"@type":"BreadcrumbList","@id":"https:\/\/dieppeclassic.net\/fr\/classique\/mentions-honorifiques\/mentions-honorifiques-2025\/#breadcrumb","itemListElement":[{"@type":"ListItem","position":1,"name":"Accueil","item":"https:\/\/dieppeclassic.net\/fr\/"},{"@type":"ListItem","position":2,"name":"Classique","item":"https:\/\/dieppeclassic.net\/fr\/classique\/"},{"@type":"ListItem","position":3,"name":"Mentions Honorifiques","item":"https:\/\/dieppeclassic.net\/fr\/classique\/mentions-honorifiques\/"},{"@type":"ListItem","position":4,"name":"Mentions Honorifiques 2025"}]},{"@type":"WebSite","@id":"https:\/\/dieppeclassic.net\/#website","url":"https:\/\/dieppeclassic.net\/","name":"Moncton&#039;s High School Hockey Classic","description":"Un site utilisant Les sites de Shark M\u00e9dia &amp; Sport, template Slapshot","potentialAction":[{"@type":"SearchAction","target":{"@type":"EntryPoint","urlTemplate":"https:\/\/dieppeclassic.net\/?s={search_term_string}"},"query-input":{"@type":"PropertyValueSpecification","valueRequired":true,"valueName":"search_term_string"}}],"inLanguage":"fr-FR"}]}},"_links":{"self":[{"href":"https:\/\/dieppeclassic.net\/fr\/wp-json\/wp\/v2\/pages\/5706","targetHints":{"allow":["GET"]}}],"collection":[{"href":"https:\/\/dieppeclassic.net\/fr\/wp-json\/wp\/v2\/pages"}],"about":[{"href":"https:\/\/dieppeclassic.net\/fr\/wp-json\/wp\/v2\/types\/page"}],"author":[{"embeddable":true,"href":"https:\/\/dieppeclassic.net\/fr\/wp-json\/wp\/v2\/users\/253"}],"replies":[{"embeddable":true,"href":"https:\/\/dieppeclassic.net\/fr\/wp-json\/wp\/v2\/comments?post=5706"}],"version-history":[{"count":1,"href":"https:\/\/dieppeclassic.net\/fr\/wp-json\/wp\/v2\/pages\/5706\/revisions"}],"predecessor-version":[{"id":5708,"href":"https:\/\/dieppeclassic.net\/fr\/wp-json\/wp\/v2\/pages\/5706\/revisions\/5708"}],"up":[{"embeddable":true,"href":"https:\/\/dieppeclassic.net\/fr\/wp-json\/wp\/v2\/pages\/3065"}],"wp:attachment":[{"href":"https:\/\/dieppeclassic.net\/fr\/wp-json\/wp\/v2\/media?parent=5706"}],"curies":[{"name":"wp","href":"https:\/\/api.w.org\/{rel}","templated":true}]}}